{"id":59,"date":"2025-07-28T13:31:11","date_gmt":"2025-07-28T13:31:11","guid":{"rendered":"https:\/\/7seven.cz\/pojisteni\/?page_id=59"},"modified":"2025-07-28T13:31:11","modified_gmt":"2025-07-28T13:31:11","slug":"podminky-gdpr","status":"publish","type":"page","link":"https:\/\/7seven.cz\/pojisteni\/podminky-gdpr\/","title":{"rendered":"Podm\u00ednky GDPR"},"content":{"rendered":"<h2 data-start=\"457\" data-end=\"504\">Z\u00e1sady zpracov\u00e1n\u00ed osobn\u00edch \u00fadaj\u016f (GDPR)<\/h2>\n<p data-start=\"505\" data-end=\"536\"><strong data-start=\"505\" data-end=\"536\">pro web 7seven.cz\/pojisteni,<\/strong><\/p>\n<h2 data-start=\"538\" data-end=\"561\">1. \u00davodn\u00ed ustanoven\u00ed<\/h2>\n<p data-start=\"563\" data-end=\"851\">Tento dokument obsahuje z\u00e1sady zpracov\u00e1n\u00ed osobn\u00edch \u00fadaj\u016f (d\u00e1le jen \u201ez\u00e1sady\u201c) v souladu s <strong data-start=\"652\" data-end=\"708\">Na\u0159\u00edzen\u00edm Evropsk\u00e9ho parlamentu a Rady (EU) 2016\/679<\/strong> ze dne 27. dubna 2016, obecn\u011b zn\u00e1m\u00fdm jako <strong data-start=\"751\" data-end=\"759\">GDPR<\/strong>, a v n\u00e1vaznosti na <strong data-start=\"779\" data-end=\"804\">z\u00e1kon \u010d. 110\/2019 Sb.<\/strong>, o zpracov\u00e1n\u00ed osobn\u00edch \u00fadaj\u016f, v platn\u00e9m zn\u011bn\u00ed.<\/p>\n<p data-start=\"853\" data-end=\"1049\">C\u00edlem t\u011bchto z\u00e1sad je poskytnout u\u017eivatel\u016fm webu<a href=\"https:\/\/7seven.cz\/pojisteni\/kontakty\/\"> <strong data-start=\"902\" data-end=\"925\">7seven.cz\/pojisteni<\/strong> <\/a>srozumiteln\u00e9 informace o tom, jak\u00e9 osobn\u00ed \u00fadaje shroma\u017e\u010fujeme, jak je zpracov\u00e1v\u00e1me, kdo k nim m\u00e1 p\u0159\u00edstup a jak\u00e1 m\u00e1te pr\u00e1va.<\/p>\n<hr data-start=\"1051\" data-end=\"1054\" \/>\n<h2 data-start=\"1056\" data-end=\"1084\">2. Spr\u00e1vce osobn\u00edch \u00fadaj\u016f<\/h2>\n<p data-start=\"1086\" data-end=\"1146\"><strong data-start=\"1086\" data-end=\"1113\">Spr\u00e1vcem osobn\u00edch \u00fadaj\u016f<\/strong> ve smyslu \u010dl. 4 odst. 7 GDPR je:<\/p>\n<p data-start=\"1148\" data-end=\"1321\"><strong data-start=\"1148\" data-end=\"1164\">Petr Vobo\u0159il<\/strong><br data-start=\"1164\" data-end=\"1167\" \/><em>provozovatel webu <a href=\"https:\/\/7seven.cz\/kontakt\/\">7seven.cz<\/a>\/pojisteni<\/em><\/p>\n<p data-start=\"1148\" data-end=\"1321\"><br data-start=\"1204\" data-end=\"1207\" \/>U Kamenn\u00fdch L\u00e1zn\u00ed 238\/37<br data-start=\"1231\" data-end=\"1234\" \/>415 01 Teplice<br data-start=\"1248\" data-end=\"1251\" \/>I\u010cO: 867 52 421<br data-start=\"1266\" data-end=\"1269\" \/>E-mail: <a class=\"cursor-pointer\" rel=\"noopener\" data-start=\"1277\" data-end=\"1291\">info@7seven.cz<\/a><br data-start=\"1291\" data-end=\"1294\" \/>Telefon: +420 777 977 637<\/p>\n<p data-start=\"1323\" data-end=\"1474\">Spr\u00e1vce odpov\u00edd\u00e1 za zpracov\u00e1n\u00ed \u00fadaj\u016f z\u00edskan\u00fdch prost\u0159ednictv\u00edm tohoto webu a elektronick\u00e9 komunikace spojen\u00e9 s provozem dom\u00e9ny <strong data-start=\"1450\" data-end=\"1473\">7seven.cz\/pojisteni<\/strong>.<\/p>\n<hr data-start=\"1476\" data-end=\"1479\" \/>\n<h2 data-start=\"1481\" data-end=\"1517\">3. \u00da\u010del zpracov\u00e1n\u00ed osobn\u00edch \u00fadaj\u016f<\/h2>\n<p data-start=\"1519\" data-end=\"1569\">Va\u0161e osobn\u00ed \u00fadaje zpracov\u00e1v\u00e1me v\u00fdhradn\u011b za \u00fa\u010delem:<\/p>\n<ul data-start=\"1571\" data-end=\"1994\">\n<li data-start=\"1571\" data-end=\"1656\">\n<p data-start=\"1573\" data-end=\"1656\"><strong data-start=\"1573\" data-end=\"1601\">komunikace s n\u00e1v\u0161t\u011bvn\u00edky<\/strong> a odpov\u011bdi na jejich dotazy z kontaktn\u00edch formul\u00e1\u0159\u016f,<\/p>\n<\/li>\n<li data-start=\"1657\" data-end=\"1727\">\n<p data-start=\"1659\" data-end=\"1727\"><strong data-start=\"1659\" data-end=\"1688\">zasl\u00e1n\u00ed nez\u00e1vazn\u00e9 nab\u00eddky<\/strong> poji\u0161t\u011bn\u00ed nebo informac\u00ed o slu\u017eb\u00e1ch,<\/p>\n<\/li>\n<li data-start=\"1728\" data-end=\"1782\">\n<p data-start=\"1730\" data-end=\"1782\"><strong data-start=\"1730\" data-end=\"1761\">evidence popt\u00e1vek a \u017e\u00e1dost\u00ed<\/strong> ze strany klient\u016f,<\/p>\n<\/li>\n<li data-start=\"1783\" data-end=\"1835\">\n<p data-start=\"1785\" data-end=\"1835\"><strong data-start=\"1785\" data-end=\"1814\">zaji\u0161t\u011bn\u00ed funk\u010dnosti webu<\/strong> a provozn\u00edch log\u016f,<\/p>\n<\/li>\n<li data-start=\"1836\" data-end=\"1994\">\n<p data-start=\"1838\" data-end=\"1994\"><strong data-start=\"1838\" data-end=\"1870\">spln\u011bn\u00ed z\u00e1konn\u00fdch povinnost\u00ed<\/strong> (zejm\u00e9na archivace, pln\u011bn\u00ed informa\u010dn\u00edch povinnost\u00ed dle z\u00e1kona \u010d. 480\/2004 Sb. o n\u011bkter\u00fdch slu\u017eb\u00e1ch informa\u010dn\u00ed spole\u010dnosti).<\/p>\n<\/li>\n<\/ul>\n<hr data-start=\"1996\" data-end=\"1999\" \/>\n<h2 data-start=\"2001\" data-end=\"2034\">4. Rozsah zpracov\u00e1van\u00fdch \u00fadaj\u016f<\/h2>\n<p data-start=\"2036\" data-end=\"2108\">Zpracov\u00e1v\u00e1me pouze nezbytn\u00e9 osobn\u00ed \u00fadaje, kter\u00e9 sami dobrovoln\u011b uvedete:<\/p>\n<ul data-start=\"2110\" data-end=\"2272\">\n<li data-start=\"2110\" data-end=\"2131\">\n<p data-start=\"2112\" data-end=\"2131\">jm\u00e9no a p\u0159\u00edjmen\u00ed,<\/p>\n<\/li>\n<li data-start=\"2132\" data-end=\"2153\">\n<p data-start=\"2134\" data-end=\"2153\">e-mailov\u00e1 adresa,<\/p>\n<\/li>\n<li data-start=\"2154\" data-end=\"2174\">\n<p data-start=\"2156\" data-end=\"2174\">telefonn\u00ed \u010d\u00edslo,<\/p>\n<\/li>\n<li data-start=\"2175\" data-end=\"2272\">\n<p data-start=\"2177\" data-end=\"2272\">p\u0159\u00edpadn\u011b dal\u0161\u00ed \u00fadaje uveden\u00e9 ve zpr\u00e1v\u011b nebo popt\u00e1vce (nap\u0159. adresa nemovitosti, typ poji\u0161t\u011bn\u00ed).<\/p>\n<\/li>\n<\/ul>\n<p data-start=\"2274\" data-end=\"2335\">Nepou\u017e\u00edv\u00e1me \u017e\u00e1dn\u00e9 automatizovan\u00e9 rozhodov\u00e1n\u00ed ani profilov\u00e1n\u00ed.<\/p>\n<hr data-start=\"2337\" data-end=\"2340\" \/>\n<h2 data-start=\"2342\" data-end=\"2367\">5. Doba uchov\u00e1n\u00ed \u00fadaj\u016f<\/h2>\n<p data-start=\"2369\" data-end=\"2458\">Osobn\u00ed \u00fadaje uchov\u00e1v\u00e1me pouze po dobu nezbytnou k vy\u0159\u00edzen\u00ed dan\u00e9ho po\u017eadavku, a maxim\u00e1ln\u011b:<\/p>\n<ul data-start=\"2460\" data-end=\"2654\">\n<li data-start=\"2460\" data-end=\"2544\">\n<p data-start=\"2462\" data-end=\"2544\"><strong data-start=\"2462\" data-end=\"2479\">po dobu 3 let<\/strong> pro \u00fa\u010dely ochrany opr\u00e1vn\u011bn\u00e9ho z\u00e1jmu (nap\u0159. zp\u011btn\u00e1 komunikace),<\/p>\n<\/li>\n<li data-start=\"2545\" data-end=\"2654\">\n<p data-start=\"2547\" data-end=\"2654\"><strong data-start=\"2547\" data-end=\"2578\">po dobu vy\u017eadovanou z\u00e1konem<\/strong>, pokud dojde k faktick\u00e9mu smluvn\u00edmu vztahu, fakturaci nebo archivaci \u00fadaj\u016f.<\/p>\n<\/li>\n<\/ul>\n<hr data-start=\"2656\" data-end=\"2659\" \/>\n<h2 data-start=\"2661\" data-end=\"2715\">6. Zpracov\u00e1n\u00ed osobn\u00edch \u00fadaj\u016f p\u0159i sjedn\u00e1n\u00ed poji\u0161t\u011bn\u00ed<\/h2>\n<p data-start=\"2717\" data-end=\"3002\">V p\u0159\u00edpad\u011b, \u017ee prost\u0159ednictv\u00edm webu <strong data-start=\"2752\" data-end=\"2775\">7seven.cz\/pojisteni<\/strong> dojde ke sjedn\u00e1n\u00ed pojistky nebo popt\u00e1vce, kter\u00e1 je p\u0159ed\u00e1na ke zpracov\u00e1n\u00ed extern\u00edmu partnerovi, jsou osobn\u00ed \u00fadaje d\u00e1le <strong data-start=\"2894\" data-end=\"2937\">zpracov\u00e1v\u00e1ny samostatn\u00fdm spr\u00e1vcem \u00fadaj\u016f<\/strong> \u2013 tj. zprost\u0159edkovatelem \u010di obchodn\u00edm z\u00e1stupcem dan\u00e9 poji\u0161\u0165ovny.<\/p>\n<p data-start=\"3004\" data-end=\"3026\">Tito extern\u00ed partne\u0159i:<\/p>\n<ul data-start=\"3028\" data-end=\"3301\">\n<li data-start=\"3028\" data-end=\"3134\">\n<p data-start=\"3030\" data-end=\"3134\">jednaj\u00ed na z\u00e1klad\u011b vlastn\u00edho opr\u00e1vn\u011bn\u00ed dle z\u00e1kona \u010d. 170\/2018 Sb., o distribuci poji\u0161t\u011bn\u00ed a zaji\u0161t\u011bn\u00ed,<\/p>\n<\/li>\n<li data-start=\"3135\" data-end=\"3200\">\n<p data-start=\"3137\" data-end=\"3200\">maj\u00ed vlastn\u00ed <strong data-start=\"3150\" data-end=\"3174\">informa\u010dn\u00ed povinnost<\/strong> podle \u010dl. 13 a 14 GDPR,<\/p>\n<\/li>\n<li data-start=\"3201\" data-end=\"3301\">\n<p data-start=\"3203\" data-end=\"3301\">odpov\u00eddaj\u00ed za zaji\u0161t\u011bn\u00ed bezpe\u010dnosti osobn\u00edch \u00fadaj\u016f dle sv\u00e9 vlastn\u00ed intern\u00ed politiky ochrany \u00fadaj\u016f.<\/p>\n<\/li>\n<\/ul>\n<p data-start=\"3303\" data-end=\"3452\">Provozovatel webu <strong data-start=\"3321\" data-end=\"3343\">nenese odpov\u011bdnost<\/strong> za n\u00e1sledn\u00e9 zpracov\u00e1n\u00ed osobn\u00edch \u00fadaj\u016f uskute\u010dn\u011bn\u00e9 t\u0159et\u00ed stranou, pokud jsou \u00fadaje p\u0159ed\u00e1ny s va\u0161\u00edm souhlasem.<\/p>\n<hr data-start=\"3454\" data-end=\"3457\" \/>\n<h2 data-start=\"3459\" data-end=\"3495\">7. P\u0159ed\u00e1v\u00e1n\u00ed \u00fadaj\u016f t\u0159et\u00edm stran\u00e1m<\/h2>\n<p data-start=\"3497\" data-end=\"3586\">Va\u0161e \u00fadaje <strong data-start=\"3508\" data-end=\"3573\">nep\u0159ed\u00e1v\u00e1me \u017e\u00e1dn\u00e9 t\u0159et\u00ed stran\u011b bez va\u0161eho v\u00fdslovn\u00e9ho souhlasu<\/strong>, s v\u00fdjimkou:<\/p>\n<ul data-start=\"3588\" data-end=\"3811\">\n<li data-start=\"3588\" data-end=\"3651\">\n<p data-start=\"3590\" data-end=\"3651\">technick\u00fdch provozovatel\u016f webhostingu a e-mailov\u00fdch slu\u017eeb,<\/p>\n<\/li>\n<li data-start=\"3652\" data-end=\"3722\">\n<p data-start=\"3654\" data-end=\"3722\">extern\u00edch partner\u016f pro \u00fa\u010dely sjedn\u00e1n\u00ed poji\u0161t\u011bn\u00ed (s va\u0161\u00edm v\u011bdom\u00edm),<\/p>\n<\/li>\n<li data-start=\"3723\" data-end=\"3811\">\n<p data-start=\"3725\" data-end=\"3811\">p\u0159\u00edpadn\u00e9ho z\u00e1konn\u00e9ho p\u0159ed\u00e1n\u00ed org\u00e1n\u016fm ve\u0159ejn\u00e9 spr\u00e1vy (nap\u0159. \u010cOI, \u00daOO\u00da, soudy, policie).<\/p>\n<\/li>\n<\/ul>\n<p data-start=\"3813\" data-end=\"3884\">V\u0161ichni zpracovatel\u00e9 jsou v\u00e1z\u00e1ni smluvn\u00edmi povinnostmi dle \u010dl. 28 GDPR.<\/p>\n<hr data-start=\"3886\" data-end=\"3889\" \/>\n<h2 data-start=\"3891\" data-end=\"3929\">8. Cookies a sledov\u00e1n\u00ed n\u00e1v\u0161t\u011bvnosti<\/h2>\n<p data-start=\"3931\" data-end=\"3990\">Web pou\u017e\u00edv\u00e1 pouze z\u00e1kladn\u00ed typy soubor\u016f <strong data-start=\"3971\" data-end=\"3982\">cookies<\/strong>, kter\u00e9:<\/p>\n<ul data-start=\"3992\" data-end=\"4200\">\n<li data-start=\"3992\" data-end=\"4035\">\n<p data-start=\"3994\" data-end=\"4035\">zaji\u0161\u0165uj\u00ed technickou funk\u010dnost str\u00e1nek,<\/p>\n<\/li>\n<li data-start=\"4036\" data-end=\"4124\">\n<p data-start=\"4038\" data-end=\"4124\">m\u011b\u0159\u00ed anonymn\u011b n\u00e1v\u0161t\u011bvnost pomoc\u00ed n\u00e1stroje Google Analytics (v anonymizovan\u00e9 podob\u011b),<\/p>\n<\/li>\n<li data-start=\"4125\" data-end=\"4200\">\n<p data-start=\"4127\" data-end=\"4200\">neukl\u00e1daj\u00ed \u017e\u00e1dn\u00e1 citliv\u00e1 nebo identifikovateln\u00e1 data bez va\u0161eho souhlasu.<\/p>\n<\/li>\n<\/ul>\n<p data-start=\"4202\" data-end=\"4271\">P\u0159i prvn\u00ed n\u00e1v\u0161t\u011bv\u011b m\u00e1te mo\u017enost soubory cookies povolit nebo zak\u00e1zat.<\/p>\n<hr data-start=\"4273\" data-end=\"4276\" \/>\n<h2 data-start=\"4278\" data-end=\"4314\">9. Va\u0161e pr\u00e1va jako subjektu \u00fadaj\u016f<\/h2>\n<p data-start=\"4316\" data-end=\"4356\">V souladu s GDPR m\u00e1te n\u00e1sleduj\u00edc\u00ed pr\u00e1va:<\/p>\n<ul data-start=\"4358\" data-end=\"4753\">\n<li data-start=\"4358\" data-end=\"4407\">\n<p data-start=\"4360\" data-end=\"4407\"><strong data-start=\"4360\" data-end=\"4380\">Pr\u00e1vo na p\u0159\u00edstup<\/strong> ke sv\u00fdm \u00fadaj\u016fm (\u010dl. 15),<\/p>\n<\/li>\n<li data-start=\"4408\" data-end=\"4458\">\n<p data-start=\"4410\" data-end=\"4458\"><strong data-start=\"4410\" data-end=\"4429\">Pr\u00e1vo na opravu<\/strong> nep\u0159esn\u00fdch \u00fadaj\u016f (\u010dl. 16),<\/p>\n<\/li>\n<li data-start=\"4459\" data-end=\"4509\">\n<p data-start=\"4461\" data-end=\"4509\"><strong data-start=\"4461\" data-end=\"4479\">Pr\u00e1vo na v\u00fdmaz<\/strong> (\u201eb\u00fdt zapomenut\u201c) \u2013 \u010dl. 17,<\/p>\n<\/li>\n<li data-start=\"4510\" data-end=\"4555\">\n<p data-start=\"4512\" data-end=\"4555\"><strong data-start=\"4512\" data-end=\"4543\">Pr\u00e1vo na omezen\u00ed zpracov\u00e1n\u00ed<\/strong> (\u010dl. 18),<\/p>\n<\/li>\n<li data-start=\"4556\" data-end=\"4603\">\n<p data-start=\"4558\" data-end=\"4603\"><strong data-start=\"4558\" data-end=\"4591\">Pr\u00e1vo na p\u0159enositelnost \u00fadaj\u016f<\/strong> (\u010dl. 20),<\/p>\n<\/li>\n<li data-start=\"4604\" data-end=\"4659\">\n<p data-start=\"4606\" data-end=\"4659\"><strong data-start=\"4606\" data-end=\"4630\">Pr\u00e1vo vzn\u00e9st n\u00e1mitku<\/strong> proti zpracov\u00e1n\u00ed (\u010dl. 21),<\/p>\n<\/li>\n<li data-start=\"4660\" data-end=\"4753\">\n<p data-start=\"4662\" data-end=\"4753\"><strong data-start=\"4662\" data-end=\"4686\">Pr\u00e1vo podat st\u00ed\u017enost<\/strong> u dozorov\u00e9ho \u00fa\u0159adu (\u00da\u0159ad pro ochranu osobn\u00edch \u00fadaj\u016f, <a class=\"cursor-pointer\" target=\"_new\" rel=\"noopener\" data-start=\"4740\" data-end=\"4751\">www.uoou.cz<\/a>).<\/p>\n<\/li>\n<\/ul>\n<p data-start=\"4755\" data-end=\"4816\">Pro uplatn\u011bn\u00ed pr\u00e1v kontaktujte spr\u00e1vce na: <strong data-start=\"4798\" data-end=\"4816\"><a class=\"cursor-pointer\" rel=\"noopener\" data-start=\"4800\" data-end=\"4814\">info@7seven.cz<\/a><\/strong><\/p>\n<hr data-start=\"4818\" data-end=\"4821\" \/>\n<h2 data-start=\"4823\" data-end=\"4850\">10. Z\u00e1v\u011bre\u010dn\u00e1 ustanoven\u00ed<\/h2>\n<p data-start=\"4852\" data-end=\"5007\">Tyto z\u00e1sady jsou \u00fa\u010dinn\u00e9 od <strong data-start=\"4879\" data-end=\"4894\">26. 7. 2025<\/strong>.<br data-start=\"4895\" data-end=\"4898\" \/>Provozovatel si vyhrazuje pr\u00e1vo je upravit v p\u0159\u00edpad\u011b zm\u011bny pr\u00e1vn\u00ed \u00fapravy, technologi\u00ed nebo intern\u00edch proces\u016f.<\/p>\n<p data-start=\"5009\" data-end=\"5079\">O ka\u017ed\u00e9 zm\u011bn\u011b budete informov\u00e1ni na str\u00e1nk\u00e1ch <strong data-start=\"5055\" data-end=\"5078\">7seven.cz\/pojisteni<\/strong>.<\/p>\n","protected":false},"excerpt":{"rendered":"<p>Z\u00e1sady zpracov\u00e1n\u00ed osobn\u00edch \u00fadaj\u016f (GDPR) pro web 7seven.cz\/pojisteni, 1. \u00davodn\u00ed ustanoven\u00ed Tento dokument obsahuje z\u00e1sady zpracov\u00e1n\u00ed osobn\u00edch \u00fadaj\u016f (d\u00e1le jen \u201ez\u00e1sady\u201c) v souladu s Na\u0159\u00edzen\u00edm Evropsk\u00e9ho parlamentu a Rady (EU) 2016\/679 ze dne 27. dubna 2016, obecn\u011b zn\u00e1m\u00fdm jako GDPR, a v n\u00e1vaznosti na z\u00e1kon \u010d. 110\/2019 Sb., o zpracov\u00e1n\u00ed osobn\u00edch \u00fadaj\u016f, v platn\u00e9m zn\u011bn\u00ed. &#8230; <a title=\"Podm\u00ednky GDPR\" class=\"read-more\" href=\"https:\/\/7seven.cz\/pojisteni\/podminky-gdpr\/\" aria-label=\"\u010c\u00edst v\u00edce o Podm\u00ednky GDPR\">\u010c\u00edst d\u00e1l<\/a><\/p>\n","protected":false},"author":1,"featured_media":0,"parent":0,"menu_order":0,"comment_status":"closed","ping_status":"closed","template":"","meta":{"footnotes":""},"class_list":["post-59","page","type-page","status-publish"],"_links":{"self":[{"href":"https:\/\/7seven.cz\/pojisteni\/wp-json\/wp\/v2\/pages\/59","targetHints":{"allow":["GET"]}}],"collection":[{"href":"https:\/\/7seven.cz\/pojisteni\/wp-json\/wp\/v2\/pages"}],"about":[{"href":"https:\/\/7seven.cz\/pojisteni\/wp-json\/wp\/v2\/types\/page"}],"author":[{"embeddable":true,"href":"https:\/\/7seven.cz\/pojisteni\/wp-json\/wp\/v2\/users\/1"}],"replies":[{"embeddable":true,"href":"https:\/\/7seven.cz\/pojisteni\/wp-json\/wp\/v2\/comments?post=59"}],"version-history":[{"count":1,"href":"https:\/\/7seven.cz\/pojisteni\/wp-json\/wp\/v2\/pages\/59\/revisions"}],"predecessor-version":[{"id":60,"href":"https:\/\/7seven.cz\/pojisteni\/wp-json\/wp\/v2\/pages\/59\/revisions\/60"}],"wp:attachment":[{"href":"https:\/\/7seven.cz\/pojisteni\/wp-json\/wp\/v2\/media?parent=59"}],"curies":[{"name":"wp","href":"https:\/\/api.w.org\/{rel}","templated":true}]}}