{"id":54,"date":"2025-07-28T13:15:53","date_gmt":"2025-07-28T13:15:53","guid":{"rendered":"https:\/\/7seven.cz\/pojisteni\/?page_id=54"},"modified":"2025-07-28T13:16:48","modified_gmt":"2025-07-28T13:16:48","slug":"kontakty","status":"publish","type":"page","link":"https:\/\/7seven.cz\/pojisteni\/kontakty\/","title":{"rendered":"Kontakty"},"content":{"rendered":"<h2 data-start=\"333\" data-end=\"380\">Jsme tady pro v\u00e1s. Kdykoliv n\u00e1s pot\u0159ebujete.<\/h2>\n<p data-start=\"382\" data-end=\"577\">A\u0165 u\u017e pot\u0159ebujete sjednat poji\u0161t\u011bn\u00ed, poradit s v\u00fdb\u011brem spr\u00e1vn\u00e9 pojistky nebo \u0159e\u0161\u00edte \u0161kodu \u2013 nev\u00e1hejte se na n\u00e1s obr\u00e1tit. Jsme p\u0159ipraveni v\u00e1m pomoci rychle, srozumiteln\u011b a s maxim\u00e1ln\u00ed vst\u0159\u00edcnost\u00ed.<\/p>\n<p data-start=\"579\" data-end=\"725\"><strong data-start=\"579\" data-end=\"652\">Na\u0161\u00edm c\u00edlem je v\u017edy nab\u00eddnout v\u00e1m jasn\u00e9 informace a konkr\u00e9tn\u00ed \u0159e\u0161en\u00ed.<\/strong> V\u0161e vy\u0159\u00edd\u00edme osobn\u011b, telefonicky nebo online \u2013 tak, jak to vyhovuje v\u00e1m.<\/p>\n<hr data-start=\"727\" data-end=\"730\" \/>\n<h3 data-start=\"732\" data-end=\"755\">\ud83d\udccd Kontaktn\u00ed \u00fadaje:<\/h3>\n<p data-start=\"757\" data-end=\"819\"><strong data-start=\"757\" data-end=\"773\">Petr Vobo\u0159il, jednatel<\/strong><br data-start=\"773\" data-end=\"776\" \/>U Kamenn\u00fdch L\u00e1zn\u00ed 238\/37<br data-start=\"800\" data-end=\"803\" \/>415 01 Teplice<\/p>\n<p data-start=\"821\" data-end=\"949\"><strong data-start=\"821\" data-end=\"832\">E-mail:<\/strong> <a class=\"cursor-pointer\" rel=\"noopener\" data-start=\"833\" data-end=\"872\">info@7seven.cz<\/a><br data-start=\"872\" data-end=\"875\" \/><strong data-start=\"875\" data-end=\"887\">Telefon:<\/strong> <a class=\"cursor-pointer\" rel=\"noopener\" data-start=\"888\" data-end=\"925\">+420 777 977 637<\/a><br data-start=\"925\" data-end=\"928\" \/><strong data-start=\"928\" data-end=\"936\">I\u010cO:<\/strong> 867 52 421<\/p>\n<hr data-start=\"951\" data-end=\"954\" \/>\n<h2 data-start=\"956\" data-end=\"976\">Napi\u0161te n\u00e1m vzkaz<\/h2>\n<p data-start=\"978\" data-end=\"1180\">M\u00e1te ot\u00e1zku? Pot\u0159ebujete nacenit poji\u0161t\u011bn\u00ed? Nebo chcete jen zjistit, co je pro v\u00e1s nejvhodn\u011bj\u0161\u00ed \u0159e\u0161en\u00ed? Zanechte n\u00e1m zpr\u00e1vu prost\u0159ednictv\u00edm formul\u00e1\u0159e n\u00ed\u017ee. Odpov\u00edme v\u00e1m co nejd\u0159\u00edve \u2013 obvykle tent\u00fd\u017e den.<\/p>\n<blockquote>\n<p data-start=\"1182\" data-end=\"1253\"><em><strong>\ud83d\udcac Jsme tu pro jednotlivce, rodiny i podnikatele. V\u00e1\u0161 vzkaz n\u00e1s zaj\u00edm\u00e1.<\/strong><\/em><\/p>\n<\/blockquote>\n\n<div class=\"wpcf7 no-js\" id=\"wpcf7-f52-o1\" lang=\"cs-CZ\" dir=\"ltr\" data-wpcf7-id=\"52\">\n<div class=\"screen-reader-response\"><p role=\"status\" aria-live=\"polite\" aria-atomic=\"true\"><\/p> <ul><\/ul><\/div>\n<form action=\"\/pojisteni\/wp-json\/wp\/v2\/pages\/54#wpcf7-f52-o1\" method=\"post\" class=\"wpcf7-form init\" aria-label=\"Kontaktn\u00ed formul\u00e1\u0159\" novalidate=\"novalidate\" data-status=\"init\">\n<fieldset class=\"hidden-fields-container\"><input type=\"hidden\" name=\"_wpcf7\" value=\"52\" \/><input type=\"hidden\" name=\"_wpcf7_version\" value=\"6.1.2\" \/><input type=\"hidden\" name=\"_wpcf7_locale\" value=\"cs_CZ\" \/><input type=\"hidden\" name=\"_wpcf7_unit_tag\" value=\"wpcf7-f52-o1\" \/><input type=\"hidden\" name=\"_wpcf7_container_post\" value=\"0\" \/><input type=\"hidden\" name=\"_wpcf7_posted_data_hash\" value=\"\" \/>\n<\/fieldset>\n<p><label> Va\u0161e jm\u00e9no<br \/>\n<span class=\"wpcf7-form-control-wrap\" data-name=\"your-name\"><input size=\"40\" maxlength=\"400\" class=\"wpcf7-form-control wpcf7-text wpcf7-validates-as-required\" autocomplete=\"name\" aria-required=\"true\" aria-invalid=\"false\" value=\"\" type=\"text\" name=\"your-name\" \/><\/span> <\/label>\n<\/p>\n<p><label> V\u00e1\u0161 e-mail<br \/>\n<span class=\"wpcf7-form-control-wrap\" data-name=\"your-email\"><input size=\"40\" maxlength=\"400\" class=\"wpcf7-form-control wpcf7-email wpcf7-validates-as-required wpcf7-text wpcf7-validates-as-email\" autocomplete=\"email\" aria-required=\"true\" aria-invalid=\"false\" value=\"\" type=\"email\" name=\"your-email\" \/><\/span> <\/label>\n<\/p>\n<p><label> P\u0159edm\u011bt<br \/>\n<span class=\"wpcf7-form-control-wrap\" data-name=\"your-subject\"><input size=\"40\" maxlength=\"400\" class=\"wpcf7-form-control wpcf7-text wpcf7-validates-as-required\" aria-required=\"true\" aria-invalid=\"false\" value=\"\" type=\"text\" name=\"your-subject\" \/><\/span> <\/label>\n<\/p>\n<p><label> Va\u0161e zpr\u00e1va (voliteln\u00fd)<br \/>\n<span class=\"wpcf7-form-control-wrap\" data-name=\"your-message\"><textarea cols=\"40\" rows=\"10\" maxlength=\"2000\" class=\"wpcf7-form-control wpcf7-textarea\" aria-invalid=\"false\" name=\"your-message\"><\/textarea><\/span> <\/label>\n<\/p>\n<p><input class=\"wpcf7-form-control wpcf7-submit has-spinner\" type=\"submit\" value=\"Odeslat\" \/>\n<\/p><div class=\"wpcf7-response-output\" aria-hidden=\"true\"><\/div>\n<\/form>\n<\/div>\n\n","protected":false},"excerpt":{"rendered":"<p>Jsme tady pro v\u00e1s. Kdykoliv n\u00e1s pot\u0159ebujete. A\u0165 u\u017e pot\u0159ebujete sjednat poji\u0161t\u011bn\u00ed, poradit s v\u00fdb\u011brem spr\u00e1vn\u00e9 pojistky nebo \u0159e\u0161\u00edte \u0161kodu \u2013 nev\u00e1hejte se na n\u00e1s obr\u00e1tit. Jsme p\u0159ipraveni v\u00e1m pomoci rychle, srozumiteln\u011b a s maxim\u00e1ln\u00ed vst\u0159\u00edcnost\u00ed. Na\u0161\u00edm c\u00edlem je v\u017edy nab\u00eddnout v\u00e1m jasn\u00e9 informace a konkr\u00e9tn\u00ed \u0159e\u0161en\u00ed. V\u0161e vy\u0159\u00edd\u00edme osobn\u011b, telefonicky nebo online \u2013 tak, &#8230; <a title=\"Kontakty\" class=\"read-more\" href=\"https:\/\/7seven.cz\/pojisteni\/kontakty\/\" aria-label=\"\u010c\u00edst v\u00edce o Kontakty\">\u010c\u00edst d\u00e1l<\/a><\/p>\n","protected":false},"author":1,"featured_media":0,"parent":0,"menu_order":0,"comment_status":"closed","ping_status":"closed","template":"","meta":{"footnotes":""},"class_list":["post-54","page","type-page","status-publish"],"_links":{"self":[{"href":"https:\/\/7seven.cz\/pojisteni\/wp-json\/wp\/v2\/pages\/54","targetHints":{"allow":["GET"]}}],"collection":[{"href":"https:\/\/7seven.cz\/pojisteni\/wp-json\/wp\/v2\/pages"}],"about":[{"href":"https:\/\/7seven.cz\/pojisteni\/wp-json\/wp\/v2\/types\/page"}],"author":[{"embeddable":true,"href":"https:\/\/7seven.cz\/pojisteni\/wp-json\/wp\/v2\/users\/1"}],"replies":[{"embeddable":true,"href":"https:\/\/7seven.cz\/pojisteni\/wp-json\/wp\/v2\/comments?post=54"}],"version-history":[{"count":2,"href":"https:\/\/7seven.cz\/pojisteni\/wp-json\/wp\/v2\/pages\/54\/revisions"}],"predecessor-version":[{"id":56,"href":"https:\/\/7seven.cz\/pojisteni\/wp-json\/wp\/v2\/pages\/54\/revisions\/56"}],"wp:attachment":[{"href":"https:\/\/7seven.cz\/pojisteni\/wp-json\/wp\/v2\/media?parent=54"}],"curies":[{"name":"wp","href":"https:\/\/api.w.org\/{rel}","templated":true}]}}