{"id":36,"date":"2025-07-28T12:40:48","date_gmt":"2025-07-28T12:40:48","guid":{"rendered":"https:\/\/7seven.cz\/pojisteni\/?page_id=36"},"modified":"2025-07-28T12:48:35","modified_gmt":"2025-07-28T12:48:35","slug":"uvodni-stranka","status":"publish","type":"page","link":"https:\/\/7seven.cz\/pojisteni\/","title":{"rendered":"\u00davodn\u00ed str\u00e1nka"},"content":{"rendered":"<h2 data-start=\"231\" data-end=\"283\">Spolehliv\u00e9 poji\u0161t\u011bn\u00ed, kter\u00e9 v\u00e1s nenech\u00e1 ve \u0161tychu<\/h2>\n<p data-start=\"285\" data-end=\"449\">Poji\u0161t\u011bn\u00ed nen\u00ed jen pap\u00edr v \u0161upl\u00edku. Je to klid v hlav\u011b, kdy\u017e se d\u011bje n\u011bco ne\u010dekan\u00e9ho. A pr\u00e1v\u011b proto jsme tady \u2013 abychom v\u00e1m pomohli chr\u00e1nit to nejcenn\u011bj\u0161\u00ed, co m\u00e1te.<\/p>\n<p data-start=\"285\" data-end=\"449\"><img loading=\"lazy\" decoding=\"async\" class=\"aligncenter wp-image-37 size-full\" src=\"http:\/\/7seven.cz\/pojisteni\/wp-content\/uploads\/2025\/07\/uvodni-vizualizace-7seven_pojisteni.jpg\" alt=\"\" width=\"1024\" height=\"1024\" srcset=\"https:\/\/7seven.cz\/pojisteni\/wp-content\/uploads\/2025\/07\/uvodni-vizualizace-7seven_pojisteni.jpg 1024w, https:\/\/7seven.cz\/pojisteni\/wp-content\/uploads\/2025\/07\/uvodni-vizualizace-7seven_pojisteni-300x300.jpg 300w, https:\/\/7seven.cz\/pojisteni\/wp-content\/uploads\/2025\/07\/uvodni-vizualizace-7seven_pojisteni-150x150.jpg 150w, https:\/\/7seven.cz\/pojisteni\/wp-content\/uploads\/2025\/07\/uvodni-vizualizace-7seven_pojisteni-768x768.jpg 768w\" sizes=\"auto, (max-width: 1024px) 100vw, 1024px\" \/><\/p>\n<p data-start=\"451\" data-end=\"627\">Od auta po chalupu. Od cest do zahrani\u010d\u00ed a\u017e po nejd\u016fle\u017eit\u011bj\u0161\u00ed \u2013 v\u00e1\u0161 \u017eivot a zdrav\u00ed. Nab\u00edz\u00edme srozumiteln\u00e9 poji\u0161t\u011bn\u00ed, kter\u00e9 m\u00e1 smysl a pom\u016f\u017ee tehdy, kdy to skute\u010dn\u011b pot\u0159ebujete. Na\u0161\u00edm c\u00edlem nen\u00ed jen prod\u00e1vat pojistky. Na\u0161\u00edm posl\u00e1n\u00edm je b\u00fdt v\u00e1m partnerem, na kter\u00e9ho se m\u016f\u017eete obr\u00e1tit, kdy\u017e se n\u011bco pokaz\u00ed. A to bez zbyte\u010dn\u00fdch v\u00fdmluv, paragraf\u016f a mal\u00fdch p\u00edsmenek.<\/p>\n<p data-start=\"815\" data-end=\"982\">Zn\u00e1me realitu \u017eivota. V\u00edme, \u017ee poji\u0161t\u011bn\u00ed mus\u00ed b\u00fdt dostupn\u00e9, jednoduch\u00e9 a p\u0159edev\u0161\u00edm funk\u010dn\u00ed. Nehrajeme si na velk\u00e1 gesta \u2013 rad\u011bji mluv\u00edme lidskou \u0159e\u010d\u00ed a jedn\u00e1me f\u00e9rov\u011b.<\/p>\n<p data-start=\"984\" data-end=\"1141\">Zajist\u00edme poji\u0161t\u011bn\u00ed vozidel, havarijn\u00ed i povinn\u00e9 ru\u010den\u00ed, bez skryt\u00fdch h\u00e1\u010dk\u016f. Vysv\u011btl\u00edme, co skute\u010dn\u011b kryje, a co ne. A porad\u00edme, i kdy\u017e t\u0159eba bour\u00e1te poprv\u00e9.<\/p>\n<p data-start=\"1143\" data-end=\"1350\">M\u00e1te d\u016fm, byt, chalupu nebo pron\u00e1jem? Va\u0161e nemovitost si zaslou\u017e\u00ed stejnou ochranu jako vy. Majetkov\u00e9 poji\u0161t\u011bn\u00ed v\u00e1m kryje z\u00e1da i v p\u0159\u00edpadech, kdy se n\u011bco pokaz\u00ed mimo va\u0161i kontrolu \u2013 po\u017e\u00e1r, vytopen\u00ed, vich\u0159ice.<\/p>\n<p data-start=\"1352\" data-end=\"1523\">\u017divot je nevyzpytateln\u00fd. \u00daraz nebo nemoc dok\u00e1\u017eou oto\u010dit b\u011b\u017en\u00fd den naruby. Pr\u00e1v\u011b proto nab\u00edz\u00edme \u017eivotn\u00ed a \u00farazov\u00e9 poji\u0161t\u011bn\u00ed, kter\u00e9 d\u00e1v\u00e1 smysl. Nen\u00ed na par\u00e1du \u2013 je na pomoc.<\/p>\n<p data-start=\"1525\" data-end=\"1715\">A co kdy\u017e se chyst\u00e1te do sv\u011bta? Cestovn\u00ed poji\u0161t\u011bn\u00ed s kvalitn\u00edm asisten\u010dn\u00edm servisem v\u00e1m zajist\u00ed p\u00e9\u010di, kdy\u017e se v\u00e1m n\u011bco stane v cizin\u011b. A\u0165 u\u017e jde o zlomeninu, ztracen\u00fd kufr nebo zme\u0161kan\u00fd let.<\/p>\n<p data-start=\"1717\" data-end=\"1878\">Podnik\u00e1te? I podnikatel\u00e9 si zaslou\u017e\u00ed klid. Nab\u00edz\u00edme poji\u0161t\u011bn\u00ed odpov\u011bdnosti, majetku i zam\u011bstnanc\u016f, kter\u00e9 v\u00e1s nenech\u00e1 na holi\u010dk\u00e1ch, kdy\u017e dojde na krizov\u00e9 situace.<\/p>\n<p data-start=\"1880\" data-end=\"2034\">Pro rodiny, jednotlivce, d\u016fchodce i mlad\u00e9 lidi m\u00e1me \u0159e\u0161en\u00ed na m\u00edru. Nesoud\u00edme. Nep\u0159emlouv\u00e1me. Naslouch\u00e1me a hled\u00e1me nejlep\u0161\u00ed mo\u017enosti podle va\u0161eho \u017eivota. Jsme nez\u00e1visl\u00ed. Nesvazuj\u00ed n\u00e1s korpor\u00e1tn\u00ed tabulky. Spolupracujeme jen s ov\u011b\u0159en\u00fdmi poji\u0161\u0165ovnami, a to tak, abychom v\u017edy mohli doporu\u010dit to nejlep\u0161\u00ed z trhu.<\/p>\n<p data-start=\"2191\" data-end=\"2356\">Va\u0161e d\u016fv\u011bra je pro n\u00e1s z\u00e1vazek. A va\u0161e spokojenost je pro n\u00e1s nejv\u011bt\u0161\u00ed odm\u011bnou. Poji\u0161t\u011bn\u00ed nen\u00ed strach. Je to jistota, \u017ee kdy\u017e se n\u011bco stane, budete m\u00edt komu zavolat.<\/p>\n","protected":false},"excerpt":{"rendered":"<p>Spolehliv\u00e9 poji\u0161t\u011bn\u00ed, kter\u00e9 v\u00e1s nenech\u00e1 ve \u0161tychu Poji\u0161t\u011bn\u00ed nen\u00ed jen pap\u00edr v \u0161upl\u00edku. Je to klid v hlav\u011b, kdy\u017e se d\u011bje n\u011bco ne\u010dekan\u00e9ho. A pr\u00e1v\u011b proto jsme tady \u2013 abychom v\u00e1m pomohli chr\u00e1nit to nejcenn\u011bj\u0161\u00ed, co m\u00e1te. Od auta po chalupu. Od cest do zahrani\u010d\u00ed a\u017e po nejd\u016fle\u017eit\u011bj\u0161\u00ed \u2013 v\u00e1\u0161 \u017eivot a zdrav\u00ed. Nab\u00edz\u00edme srozumiteln\u00e9 &#8230; <a title=\"\u00davodn\u00ed str\u00e1nka\" class=\"read-more\" href=\"https:\/\/7seven.cz\/pojisteni\/\" aria-label=\"\u010c\u00edst v\u00edce o \u00davodn\u00ed str\u00e1nka\">\u010c\u00edst d\u00e1l<\/a><\/p>\n","protected":false},"author":1,"featured_media":0,"parent":0,"menu_order":0,"comment_status":"closed","ping_status":"closed","template":"","meta":{"footnotes":""},"class_list":["post-36","page","type-page","status-publish"],"_links":{"self":[{"href":"https:\/\/7seven.cz\/pojisteni\/wp-json\/wp\/v2\/pages\/36","targetHints":{"allow":["GET"]}}],"collection":[{"href":"https:\/\/7seven.cz\/pojisteni\/wp-json\/wp\/v2\/pages"}],"about":[{"href":"https:\/\/7seven.cz\/pojisteni\/wp-json\/wp\/v2\/types\/page"}],"author":[{"embeddable":true,"href":"https:\/\/7seven.cz\/pojisteni\/wp-json\/wp\/v2\/users\/1"}],"replies":[{"embeddable":true,"href":"https:\/\/7seven.cz\/pojisteni\/wp-json\/wp\/v2\/comments?post=36"}],"version-history":[{"count":1,"href":"https:\/\/7seven.cz\/pojisteni\/wp-json\/wp\/v2\/pages\/36\/revisions"}],"predecessor-version":[{"id":38,"href":"https:\/\/7seven.cz\/pojisteni\/wp-json\/wp\/v2\/pages\/36\/revisions\/38"}],"wp:attachment":[{"href":"https:\/\/7seven.cz\/pojisteni\/wp-json\/wp\/v2\/media?parent=36"}],"curies":[{"name":"wp","href":"https:\/\/api.w.org\/{rel}","templated":true}]}}