{"id":64,"date":"2025-07-31T05:49:45","date_gmt":"2025-07-31T05:49:45","guid":{"rendered":"https:\/\/7seven.cz\/pc-servis\/?page_id=64"},"modified":"2025-07-31T05:49:45","modified_gmt":"2025-07-31T05:49:45","slug":"podminky-cookies","status":"publish","type":"page","link":"https:\/\/7seven.cz\/pc-servis\/podminky-cookies\/","title":{"rendered":"Podm\u00ednky cookies"},"content":{"rendered":"<h1 data-start=\"357\" data-end=\"395\"><strong>Z\u00e1sady pou\u017e\u00edv\u00e1n\u00ed soubor\u016f cookies<\/strong><\/h1>\n<h2 data-start=\"397\" data-end=\"422\">1. \u00davodn\u00ed ustanoven\u00ed<\/h2>\n<p data-start=\"423\" data-end=\"559\">Tato str\u00e1nka informuje u\u017eivatele webu <a class=\"\" href=\"https:\/\/7seven.cz\/pc-servis\" target=\"_new\" rel=\"noopener\" data-start=\"461\" data-end=\"511\">7seven.cz\/pc-servis<\/a> (d\u00e1le jen \u201eweb\u201c) o pou\u017e\u00edv\u00e1n\u00ed soubor\u016f cookies.<\/p>\n<p data-start=\"561\" data-end=\"752\"><strong data-start=\"561\" data-end=\"588\">Spr\u00e1vcem osobn\u00edch \u00fadaj\u016f<\/strong> je:<br data-start=\"592\" data-end=\"595\" \/><strong data-start=\"595\" data-end=\"611\">Petr Vobo\u0159il<\/strong><br data-start=\"611\" data-end=\"614\" \/>Agentura <strong data-start=\"623\" data-end=\"636\">7seven.cz<\/strong><br data-start=\"636\" data-end=\"639\" \/>U Kamenn\u00fdch L\u00e1zn\u00ed 238\/37, 415 01 Teplice<br data-start=\"679\" data-end=\"682\" \/>I\u010cO: 867 52 421<br data-start=\"697\" data-end=\"700\" \/>E-mail: <a class=\"cursor-pointer\" rel=\"noopener\" data-start=\"708\" data-end=\"722\">info@7seven.cz<\/a><br data-start=\"722\" data-end=\"725\" \/>Telefon: +420 777 977 637<\/p>\n<p data-start=\"754\" data-end=\"881\">Pou\u017e\u00edv\u00e1n\u00edm tohoto webu souhlas\u00edte s ukl\u00e1d\u00e1n\u00edm a pou\u017e\u00edv\u00e1n\u00edm cookies dle t\u011bchto z\u00e1sad, pokud nejsou ve va\u0161em prohl\u00ed\u017ee\u010di zak\u00e1z\u00e1ny.<\/p>\n<h2 data-start=\"883\" data-end=\"906\">2. Co jsou cookies<\/h2>\n<p data-start=\"907\" data-end=\"1150\">Cookies jsou mal\u00e9 textov\u00e9 soubory, kter\u00e9 webov\u00e1 str\u00e1nka ukl\u00e1d\u00e1 do za\u0159\u00edzen\u00ed u\u017eivatele (nap\u0159. po\u010d\u00edta\u010de, tabletu nebo telefonu). Umo\u017e\u0148uj\u00ed webu rozpoznat za\u0159\u00edzen\u00ed u\u017eivatele, zapamatovat si jeho nastaven\u00ed, a zlep\u0161it funk\u010dnost i u\u017eivatelsk\u00fd komfort.<\/p>\n<h2 data-start=\"1152\" data-end=\"1183\">3. \u00da\u010del zpracov\u00e1n\u00ed cookies<\/h2>\n<p data-start=\"1184\" data-end=\"1343\">\u00da\u010delem zpracov\u00e1n\u00ed je <strong data-start=\"1205\" data-end=\"1250\">zajistit spr\u00e1vn\u00e9 technick\u00e9 fungov\u00e1n\u00ed webu<\/strong> a <strong data-start=\"1253\" data-end=\"1297\">sledovat n\u00e1v\u0161t\u011bvnost a chov\u00e1n\u00ed u\u017eivatel\u016f<\/strong>, aby bylo mo\u017en\u00e9 optimalizovat obsah a slu\u017eby.<\/p>\n<p data-start=\"1345\" data-end=\"1507\">Zpracov\u00e1n\u00ed <strong data-start=\"1356\" data-end=\"1405\">nen\u00ed zam\u011b\u0159eno na identifikaci konkr\u00e9tn\u00ed osoby<\/strong> a \u00fadaje z cookies nejsou pou\u017e\u00edv\u00e1ny k p\u0159\u00edm\u00e9mu marketingov\u00e9mu oslovov\u00e1n\u00ed u\u017eivatel\u016f bez jejich souhlasu.<\/p>\n<h2 data-start=\"1509\" data-end=\"1542\">4. Jak\u00e9 typy cookies pou\u017e\u00edv\u00e1me<\/h2>\n<h3 data-start=\"1544\" data-end=\"1585\">a) <strong data-start=\"1551\" data-end=\"1583\">Technick\u00e9 (nezbytn\u00e9) cookies<\/strong><\/h3>\n<p data-start=\"1586\" data-end=\"1717\">Zaji\u0161\u0165uj\u00ed z\u00e1kladn\u00ed funkce webu, jako je navigace, zabezpe\u010den\u00ed a ulo\u017een\u00ed preferenc\u00ed. Bez t\u011bchto cookies web nem\u016f\u017ee fungovat spr\u00e1vn\u011b.<\/p>\n<h3 data-start=\"1719\" data-end=\"1750\">b) <strong data-start=\"1726\" data-end=\"1748\">Analytick\u00e9 cookies<\/strong><\/h3>\n<p data-start=\"1751\" data-end=\"1880\">Slou\u017e\u00ed ke sledov\u00e1n\u00ed n\u00e1v\u0161t\u011bvnosti a interakce u\u017eivatel\u016f s obsahem webu. \u00dadaje jsou anonymn\u00ed a slou\u017e\u00ed ke zlep\u0161ov\u00e1n\u00ed kvality slu\u017eeb.<\/p>\n<p data-start=\"1882\" data-end=\"1933\">Nap\u0159. Google Analytics (pouze po ud\u011blen\u00ed souhlasu).<\/p>\n<h3 data-start=\"1935\" data-end=\"1968\">c) <strong data-start=\"1942\" data-end=\"1966\">Marketingov\u00e9 cookies<\/strong><\/h3>\n<p data-start=\"1969\" data-end=\"2101\">Umo\u017e\u0148uj\u00ed zobrazov\u00e1n\u00ed personalizovan\u00e9 reklamy a m\u011b\u0159en\u00ed jej\u00ed \u00fa\u010dinnosti. Pou\u017e\u00edv\u00e1ny pouze v p\u0159\u00edpad\u011b, \u017ee u\u017eivatel ud\u011bl\u00ed v\u00fdslovn\u00fd souhlas.<\/p>\n<h2 data-start=\"2103\" data-end=\"2139\">5. Pr\u00e1vn\u00ed z\u00e1klad pro zpracov\u00e1n\u00ed<\/h2>\n<ul data-start=\"2140\" data-end=\"2411\">\n<li data-start=\"2140\" data-end=\"2270\">\n<p data-start=\"2142\" data-end=\"2270\"><strong data-start=\"2142\" data-end=\"2163\">Technick\u00e9 cookies<\/strong>: opr\u00e1vn\u011bn\u00fd z\u00e1jem spr\u00e1vce dle \u00a7 13 odst. 1 p\u00edsm. c) z\u00e1kona \u010d. 127\/2005 Sb., o elektronick\u00fdch komunikac\u00edch<\/p>\n<\/li>\n<li data-start=\"2271\" data-end=\"2411\">\n<p data-start=\"2273\" data-end=\"2411\"><strong data-start=\"2273\" data-end=\"2310\">Analytick\u00e9 a marketingov\u00e9 cookies<\/strong>: zpracov\u00e1ny na z\u00e1klad\u011b souhlasu u\u017eivatele dle \u010dl. 6 odst. 1 p\u00edsm. a) na\u0159\u00edzen\u00ed <strong data-start=\"2389\" data-end=\"2411\">GDPR (EU 2016\/679)<\/strong><\/p>\n<\/li>\n<\/ul>\n<h2 data-start=\"2413\" data-end=\"2456\">6. Jak cookies ovlivnit nebo odm\u00edtnout<\/h2>\n<p data-start=\"2457\" data-end=\"2542\">P\u0159i prvn\u00ed n\u00e1v\u0161t\u011bv\u011b webu je zobrazen banner, kter\u00fd umo\u017en\u00ed v\u00fdb\u011br a nastaven\u00ed cookies.<\/p>\n<p data-start=\"2544\" data-end=\"2691\">U\u017eivatel m\u016f\u017ee souhlas kdykoli odvolat kliknut\u00edm na odkaz \u201eNastaven\u00ed cookies\u201c v pati\u010dce webu, nebo zm\u011bnou nastaven\u00ed ve sv\u00e9m internetov\u00e9m prohl\u00ed\u017ee\u010di.<\/p>\n<h2 data-start=\"2693\" data-end=\"2722\">7. Doba uchov\u00e1n\u00ed cookies<\/h2>\n<ul data-start=\"2723\" data-end=\"2871\">\n<li data-start=\"2723\" data-end=\"2760\">\n<p data-start=\"2725\" data-end=\"2760\">Technick\u00e9 cookies: po dobu relace<\/p>\n<\/li>\n<li data-start=\"2761\" data-end=\"2799\">\n<p data-start=\"2763\" data-end=\"2799\">Analytick\u00e9 cookies: max. 13 m\u011bs\u00edc\u016f<\/p>\n<\/li>\n<li data-start=\"2800\" data-end=\"2871\">\n<p data-start=\"2802\" data-end=\"2871\">Marketingov\u00e9 cookies: dle nastaven\u00ed t\u0159et\u00edch stran (nap\u0159. 6\u201324 m\u011bs\u00edc\u016f)<\/p>\n<\/li>\n<\/ul>\n<h2 data-start=\"2873\" data-end=\"2913\">8. Osobn\u00ed \u00fadaje p\u0159i oprav\u011b za\u0159\u00edzen\u00ed<\/h2>\n<p data-start=\"2914\" data-end=\"3100\">Pokud z\u00e1kazn\u00edk vyu\u017eije slu\u017eeb zprost\u0159edkovan\u00fdch webem (nap\u0159. oprava po\u010d\u00edta\u010de, mobiln\u00edho telefonu nebo tabletu), m\u016f\u017ee doj\u00edt ke <strong data-start=\"3040\" data-end=\"3099\">zpracov\u00e1n\u00ed osobn\u00edch \u00fadaj\u016f (nap\u0159. ulo\u017een\u00fdch na za\u0159\u00edzen\u00ed)<\/strong>.<\/p>\n<p data-start=\"3102\" data-end=\"3339\">Tyto \u00fadaje <strong data-start=\"3113\" data-end=\"3175\">nejsou spr\u00e1vcem ani provozovatelem webu nijak zpracov\u00e1v\u00e1ny<\/strong>, jeliko\u017e <strong data-start=\"3185\" data-end=\"3239\">Petr Vobo\u0159il vystupuje pouze jako zprost\u0159edkovatel<\/strong>. Ve\u0161ker\u00e9 zpracov\u00e1n\u00ed osobn\u00edch \u00fadaj\u016f v r\u00e1mci servisn\u00ed \u010dinnosti se \u0159\u00edd\u00ed platnou legislativou, zejm\u00e9na:<\/p>\n<ul data-start=\"3341\" data-end=\"3468\">\n<li data-start=\"3341\" data-end=\"3385\">\n<p data-start=\"3343\" data-end=\"3385\">z\u00e1konem \u010d. 89\/2012 Sb., ob\u010dansk\u00fd z\u00e1kon\u00edk<\/p>\n<\/li>\n<li data-start=\"3386\" data-end=\"3437\">\n<p data-start=\"3388\" data-end=\"3437\">z\u00e1konem \u010d. 634\/1992 Sb., o ochran\u011b spot\u0159ebitele<\/p>\n<\/li>\n<li data-start=\"3438\" data-end=\"3468\">\n<p data-start=\"3440\" data-end=\"3468\">na\u0159\u00edzen\u00edm GDPR (EU 2016\/679)<\/p>\n<\/li>\n<\/ul>\n<p data-start=\"3470\" data-end=\"3622\">Z\u00e1kazn\u00edk je v\u017edy p\u0159ed p\u0159ed\u00e1n\u00edm za\u0159\u00edzen\u00ed informov\u00e1n o zp\u016fsobu nakl\u00e1d\u00e1n\u00ed s daty a pr\u00e1vn\u00ed odpov\u011bdnost nese partnersk\u00e1 servisn\u00ed firma, nikoliv spr\u00e1vce webu.<\/p>\n<h2 data-start=\"3624\" data-end=\"3639\">9. Kontakt<\/h2>\n<p data-start=\"3640\" data-end=\"3771\">V p\u0159\u00edpad\u011b dotaz\u016f ohledn\u011b pou\u017e\u00edv\u00e1n\u00ed cookies nebo osobn\u00edch \u00fadaj\u016f n\u00e1s m\u016f\u017eete kontaktovat na:<br data-start=\"3729\" data-end=\"3732\" \/>\ud83d\udce7 <a class=\"cursor-pointer\" rel=\"noopener\" data-start=\"3735\" data-end=\"3749\">info@7seven.cz<\/a><br data-start=\"3749\" data-end=\"3752\" \/>\ud83d\udcde +420 777 977 637<\/p>\n<p style=\"text-align: right;\" data-start=\"3640\" data-end=\"3771\">V Teplic\u00edch dne: 31.07.2025<\/p>\n","protected":false},"excerpt":{"rendered":"<p>Z\u00e1sady pou\u017e\u00edv\u00e1n\u00ed soubor\u016f cookies 1. \u00davodn\u00ed ustanoven\u00ed Tato str\u00e1nka informuje u\u017eivatele webu 7seven.cz\/pc-servis (d\u00e1le jen \u201eweb\u201c) o pou\u017e\u00edv\u00e1n\u00ed soubor\u016f cookies. Spr\u00e1vcem osobn\u00edch \u00fadaj\u016f je:Petr Vobo\u0159ilAgentura 7seven.czU Kamenn\u00fdch L\u00e1zn\u00ed 238\/37, 415 01 TepliceI\u010cO: 867 52 421E-mail: info@7seven.czTelefon: +420 777 977 637 Pou\u017e\u00edv\u00e1n\u00edm tohoto webu souhlas\u00edte s ukl\u00e1d\u00e1n\u00edm a pou\u017e\u00edv\u00e1n\u00edm cookies dle t\u011bchto z\u00e1sad, pokud nejsou ve &#8230; <a title=\"Podm\u00ednky cookies\" class=\"read-more\" href=\"https:\/\/7seven.cz\/pc-servis\/podminky-cookies\/\" aria-label=\"\u010c\u00edst v\u00edce o Podm\u00ednky cookies\">\u010c\u00edst d\u00e1l<\/a><\/p>\n","protected":false},"author":1,"featured_media":0,"parent":0,"menu_order":0,"comment_status":"closed","ping_status":"closed","template":"","meta":{"footnotes":""},"class_list":["post-64","page","type-page","status-publish"],"_links":{"self":[{"href":"https:\/\/7seven.cz\/pc-servis\/wp-json\/wp\/v2\/pages\/64","targetHints":{"allow":["GET"]}}],"collection":[{"href":"https:\/\/7seven.cz\/pc-servis\/wp-json\/wp\/v2\/pages"}],"about":[{"href":"https:\/\/7seven.cz\/pc-servis\/wp-json\/wp\/v2\/types\/page"}],"author":[{"embeddable":true,"href":"https:\/\/7seven.cz\/pc-servis\/wp-json\/wp\/v2\/users\/1"}],"replies":[{"embeddable":true,"href":"https:\/\/7seven.cz\/pc-servis\/wp-json\/wp\/v2\/comments?post=64"}],"version-history":[{"count":1,"href":"https:\/\/7seven.cz\/pc-servis\/wp-json\/wp\/v2\/pages\/64\/revisions"}],"predecessor-version":[{"id":65,"href":"https:\/\/7seven.cz\/pc-servis\/wp-json\/wp\/v2\/pages\/64\/revisions\/65"}],"wp:attachment":[{"href":"https:\/\/7seven.cz\/pc-servis\/wp-json\/wp\/v2\/media?parent=64"}],"curies":[{"name":"wp","href":"https:\/\/api.w.org\/{rel}","templated":true}]}}