{"id":62,"date":"2025-07-31T05:45:04","date_gmt":"2025-07-31T05:45:04","guid":{"rendered":"https:\/\/7seven.cz\/pc-servis\/?page_id=62"},"modified":"2025-07-31T05:45:04","modified_gmt":"2025-07-31T05:45:04","slug":"obchodni-podminky","status":"publish","type":"page","link":"https:\/\/7seven.cz\/pc-servis\/obchodni-podminky\/","title":{"rendered":"Obchodn\u00ed podm\u00ednky"},"content":{"rendered":"<p data-start=\"291\" data-end=\"554\">Obchodn\u00ed podm\u00ednky pro web a technickou zprost\u0159edkovatelskou slu\u017ebu 7seven.cz\/pc-servis,<\/p>\n<p data-start=\"291\" data-end=\"554\"><br data-start=\"381\" data-end=\"384\" \/><strong data-start=\"384\" data-end=\"401\">Provozovatel:<\/strong><br data-start=\"401\" data-end=\"404\" \/>7seven.cz\/pc-servis<br data-start=\"423\" data-end=\"426\" \/>Petr Vobo\u0159il, jednatel<br data-start=\"438\" data-end=\"441\" \/>U Kamenn\u00fdch L\u00e1zn\u00ed 238\/37, 415 01 Teplice<br data-start=\"481\" data-end=\"484\" \/>I\u010cO: 867 52 421<br data-start=\"499\" data-end=\"502\" \/>E-mail: <a class=\"cursor-pointer\" rel=\"noopener\" data-start=\"510\" data-end=\"524\">info@7seven.cz<\/a><br data-start=\"524\" data-end=\"527\" \/>Telefon: +420 777 977 637<\/p>\n<h2 data-start=\"556\" data-end=\"590\">1. \u00da\u010dinnost a rozsah podm\u00ednek<\/h2>\n<p data-start=\"591\" data-end=\"876\">Tyto obchodn\u00ed podm\u00ednky (d\u00e1le jen \u201ePodm\u00ednky\u201c) upravuj\u00ed pr\u00e1va a povinnosti mezi provozovatelem a z\u00e1kazn\u00edkem p\u0159i vyu\u017eit\u00ed webov\u00e9 platformy <a class=\"\" href=\"https:\/\/7seven.cz\/pc-servis\" target=\"_new\" rel=\"noopener\" data-start=\"726\" data-end=\"776\">7seven.cz\/pc-servis<\/a> pro <strong data-start=\"781\" data-end=\"819\">zprost\u0159edkov\u00e1n\u00ed technick\u00fdch slu\u017eeb<\/strong>, jako jsou opravy a servis v\u00fdpo\u010detn\u00ed a mobiln\u00ed techniky.<\/p>\n<p data-start=\"878\" data-end=\"1151\"><strong data-start=\"878\" data-end=\"909\">Petr Vobo\u0159il (provozovatel)<\/strong> slu\u017eby <strong data-start=\"917\" data-end=\"937\">neprov\u00e1d\u00ed osobn\u011b<\/strong>, n\u00fdbr\u017e je <strong data-start=\"948\" data-end=\"1019\">zprost\u0159edkov\u00e1v\u00e1 prost\u0159ednictv\u00edm sv\u00e9ho smluvn\u00edho obchodn\u00edho partnera<\/strong>, kter\u00fd je odborn\u011b zp\u016fsobil\u00fd k prov\u00e1d\u011bn\u00ed technick\u00fdch servisn\u00edch prac\u00ed. Provozovatel t\u00edmto vystupuje pouze jako <strong data-start=\"1130\" data-end=\"1150\">zprost\u0159edkovatel<\/strong>.<\/p>\n<p data-start=\"1153\" data-end=\"1329\">Tyto podm\u00ednky jsou vyd\u00e1ny v souladu s platn\u00fdmi pr\u00e1vn\u00edmi p\u0159edpisy \u010cesk\u00e9 republiky, zejm\u00e9na z\u00e1konem \u010d. 89\/2012 Sb., ob\u010dansk\u00fdm z\u00e1kon\u00edkem, a s p\u0159\u00edslu\u0161n\u00fdmi na\u0159\u00edzen\u00edmi Evropsk\u00e9 unie.<\/p>\n<h2 data-start=\"1331\" data-end=\"1374\">2. Objedn\u00e1vka a vznik smluvn\u00edho vztahu<\/h2>\n<p data-start=\"1375\" data-end=\"1550\">Z\u00e1kazn\u00edk m\u016f\u017ee objednat zprost\u0159edkov\u00e1n\u00ed technick\u00e9 slu\u017eby elektronicky (formul\u00e1\u0159em, e-mailem) nebo telefonicky. Takov\u00e1 objedn\u00e1vka se pova\u017euje za n\u00e1vrh smlouvy o zprost\u0159edkov\u00e1n\u00ed.<\/p>\n<p data-start=\"1552\" data-end=\"1713\">Smluvn\u00ed vztah mezi z\u00e1kazn\u00edkem a provozovatelem vznik\u00e1 potvrzen\u00edm objedn\u00e1vky a p\u0159ed\u00e1n\u00edm po\u017eadavku partnersk\u00e9 firm\u011b, p\u0159\u00edpadn\u011b uzav\u0159en\u00edm samostatn\u00e9 p\u00edsemn\u00e9 smlouvy.<\/p>\n<p data-start=\"1715\" data-end=\"1843\">Z\u00e1vazkov\u00fd vztah na samotnou <strong data-start=\"1743\" data-end=\"1807\">opravu za\u0159\u00edzen\u00ed vznik\u00e1 mezi z\u00e1kazn\u00edkem a obchodn\u00edm partnerem<\/strong> \u2013 nikoliv p\u0159\u00edmo s Petrem Vobo\u0159ilem.<\/p>\n<h2 data-start=\"1845\" data-end=\"1870\">3. Platebn\u00ed podm\u00ednky<\/h2>\n<p data-start=\"1871\" data-end=\"1960\">Cena zprost\u0159edkovan\u00e9 slu\u017eby je ur\u010dena individu\u00e1ln\u011b na z\u00e1klad\u011b rozsahu po\u017eadovan\u00fdch oprav.<\/p>\n<p data-start=\"1962\" data-end=\"2043\">V n\u011bkter\u00fdch p\u0159\u00edpadech m\u016f\u017ee b\u00fdt po\u017eadov\u00e1na z\u00e1loha a\u017e do v\u00fd\u0161e 50 % odhadovan\u00e9 ceny.<\/p>\n<p data-start=\"2045\" data-end=\"2128\">Zbytek ceny je splatn\u00fd po dokon\u010den\u00ed pr\u00e1ce, nejpozd\u011bji do 7 dn\u016f od p\u0159ed\u00e1n\u00ed za\u0159\u00edzen\u00ed.<\/p>\n<p data-start=\"2130\" data-end=\"2266\">V p\u0159\u00edpad\u011b prodlen\u00ed s \u00fahradou si provozovatel vyhrazuje pr\u00e1vo \u00fa\u010dtovat smluvn\u00ed \u00farok z prodlen\u00ed a odm\u00edtnout zprost\u0159edkov\u00e1n\u00ed dal\u0161\u00edch slu\u017eeb.<\/p>\n<h2 data-start=\"2268\" data-end=\"2305\">4. Zm\u011bna nebo zru\u0161en\u00ed objedn\u00e1vky<\/h2>\n<p data-start=\"2306\" data-end=\"2394\">Z\u00e1kazn\u00edk m\u016f\u017ee zru\u0161it nebo zm\u011bnit objedn\u00e1vku nejpozd\u011bji 48 hodin p\u0159ed sjednan\u00fdm term\u00ednem.<\/p>\n<p data-start=\"2396\" data-end=\"2497\">V p\u0159\u00edpad\u011b pozd\u011bj\u0161\u00edho zru\u0161en\u00ed si provozovatel vyhrazuje pr\u00e1vo \u00fa\u010dtovat storno poplatek a\u017e do v\u00fd\u0161e 50 %.<\/p>\n<p data-start=\"2499\" data-end=\"2598\">Nedostaven\u00ed se na m\u00edsto opravy nebo znemo\u017en\u011bn\u00ed proveden\u00ed slu\u017eby m\u016f\u017ee b\u00fdt \u00fa\u010dtov\u00e1no jako pln\u00e9 pln\u011bn\u00ed.<\/p>\n<h2 data-start=\"2600\" data-end=\"2631\">5. Odpov\u011bdnost a reklamace<\/h2>\n<p data-start=\"2632\" data-end=\"2746\">Provozovatel odpov\u00edd\u00e1 v\u00fdhradn\u011b za spr\u00e1vn\u00e9 a v\u010dasn\u00e9 <strong data-start=\"2683\" data-end=\"2711\">zprost\u0159edkov\u00e1n\u00ed kontaktu<\/strong> mezi z\u00e1kazn\u00edkem a servisn\u00ed firmou.<\/p>\n<p data-start=\"2748\" data-end=\"2925\">Za samotnou kvalitu opravy odpov\u00edd\u00e1 smluvn\u00ed servisn\u00ed partner. Reklamaci technick\u00e9ho proveden\u00ed je nutn\u00e9 adresovat skrze provozovatele, kter\u00fd ji neprodlen\u011b p\u0159ed\u00e1 odpov\u011bdn\u00e9 stran\u011b.<\/p>\n<p data-start=\"2927\" data-end=\"3094\">Reklamace mus\u00ed b\u00fdt uplatn\u011bna bez zbyte\u010dn\u00e9ho odkladu, ide\u00e1ln\u011b do 3 pracovn\u00edch dn\u016f od p\u0159evzet\u00ed za\u0159\u00edzen\u00ed, a to e-mailem na adresu: <a class=\"cursor-pointer\" rel=\"noopener\" data-start=\"3055\" data-end=\"3094\">info@7seven.cz<\/a><\/p>\n<h2 data-start=\"3096\" data-end=\"3124\">6. Omezen\u00ed odpov\u011bdnosti<\/h2>\n<p data-start=\"3125\" data-end=\"3164\">Provozovatel <strong data-start=\"3138\" data-end=\"3160\">nenese odpov\u011bdnost<\/strong> za:<\/p>\n<ul data-start=\"3166\" data-end=\"3392\">\n<li data-start=\"3166\" data-end=\"3204\">\n<p data-start=\"3168\" data-end=\"3204\">technick\u00e9 vady vznikl\u00e9 p\u0159i oprav\u011b,<\/p>\n<\/li>\n<li data-start=\"3205\" data-end=\"3235\">\n<p data-start=\"3207\" data-end=\"3235\">ztr\u00e1tu nebo po\u0161kozen\u00ed dat,<\/p>\n<\/li>\n<li data-start=\"3236\" data-end=\"3307\">\n<p data-start=\"3238\" data-end=\"3307\">vady zp\u016fsoben\u00e9 t\u0159et\u00edmi osobami nebo nespr\u00e1vn\u00fdm pou\u017e\u00edv\u00e1n\u00edm za\u0159\u00edzen\u00ed,<\/p>\n<\/li>\n<li data-start=\"3308\" data-end=\"3392\">\n<p data-start=\"3310\" data-end=\"3392\">jak\u00e9koli \u0161kody vypl\u00fdvaj\u00edc\u00ed z pozd\u011bj\u0161\u00ed manipulace se za\u0159\u00edzen\u00edm po proveden\u00e9 oprav\u011b.<\/p>\n<\/li>\n<\/ul>\n<p data-start=\"3394\" data-end=\"3485\">Z\u00e1kazn\u00edk je povinen upozornit na citliv\u00e9 \u010d\u00e1sti za\u0159\u00edzen\u00ed nebo pot\u0159ebu z\u00e1lohov\u00e1n\u00ed dat p\u0159edem.<\/p>\n<h2 data-start=\"3487\" data-end=\"3524\">7. Ochrana osobn\u00edch \u00fadaj\u016f (GDPR)<\/h2>\n<p data-start=\"3525\" data-end=\"3671\">Ve\u0161ker\u00e9 osobn\u00ed \u00fadaje z\u00e1kazn\u00edk\u016f jsou zpracov\u00e1v\u00e1ny v souladu s na\u0159\u00edzen\u00edm Evropsk\u00e9ho parlamentu a Rady (EU) 2016\/679 (GDPR) a z\u00e1konem \u010d. 110\/2019 Sb.<\/p>\n<p data-start=\"3673\" data-end=\"3784\">\u00dadaje jsou vyu\u017e\u00edv\u00e1ny v\u00fdhradn\u011b za \u00fa\u010delem komunikace, pln\u011bn\u00ed objedn\u00e1vek a p\u0159ed\u00e1n\u00ed kontaktu servisn\u00edmu partnerovi.<\/p>\n<p data-start=\"3786\" data-end=\"3905\">Podrobnosti jsou uvedeny ve zvl\u00e1\u0161tn\u00edm dokumentu <strong data-start=\"3834\" data-end=\"3870\">Z\u00e1sady zpracov\u00e1n\u00ed osobn\u00edch \u00fadaj\u016f<\/strong>, kter\u00fd je sou\u010d\u00e1st\u00ed t\u011bchto str\u00e1nek.<\/p>\n<h2 data-start=\"3907\" data-end=\"3935\">8. Z\u00e1v\u011bre\u010dn\u00e1 ustanoven\u00ed<\/h2>\n<p data-start=\"3936\" data-end=\"3999\">Tyto obchodn\u00ed podm\u00ednky jsou platn\u00e9 a \u00fa\u010dinn\u00e9 od; <strong data-start=\"3983\" data-end=\"3998\">31. 7. 2025<\/strong>.<\/p>\n<p data-start=\"4001\" data-end=\"4071\">Provozovatel si vyhrazuje pr\u00e1vo je kdykoliv aktualizovat nebo doplnit.<\/p>\n<p data-start=\"4073\" data-end=\"4235\">Ve\u0161ker\u00e9 pr\u00e1vn\u00ed vztahy mezi z\u00e1kazn\u00edkem a provozovatelem se \u0159\u00edd\u00ed pr\u00e1vn\u00edm \u0159\u00e1dem \u010cesk\u00e9 republiky, p\u0159edev\u0161\u00edm ob\u010dansk\u00fdm z\u00e1kon\u00edkem, a p\u0159\u00edslu\u0161n\u00fdmi p\u0159edpisy Evropsk\u00e9 unie.<\/p>\n","protected":false},"excerpt":{"rendered":"<p>Obchodn\u00ed podm\u00ednky pro web a technickou zprost\u0159edkovatelskou slu\u017ebu 7seven.cz\/pc-servis, Provozovatel:7seven.cz\/pc-servisPetr Vobo\u0159il, jednatelU Kamenn\u00fdch L\u00e1zn\u00ed 238\/37, 415 01 TepliceI\u010cO: 867 52 421E-mail: info@7seven.czTelefon: +420 777 977 637 1. \u00da\u010dinnost a rozsah podm\u00ednek Tyto obchodn\u00ed podm\u00ednky (d\u00e1le jen \u201ePodm\u00ednky\u201c) upravuj\u00ed pr\u00e1va a povinnosti mezi provozovatelem a z\u00e1kazn\u00edkem p\u0159i vyu\u017eit\u00ed webov\u00e9 platformy 7seven.cz\/pc-servis pro zprost\u0159edkov\u00e1n\u00ed technick\u00fdch slu\u017eeb, jako &#8230; <a title=\"Obchodn\u00ed podm\u00ednky\" class=\"read-more\" href=\"https:\/\/7seven.cz\/pc-servis\/obchodni-podminky\/\" aria-label=\"\u010c\u00edst v\u00edce o Obchodn\u00ed podm\u00ednky\">\u010c\u00edst d\u00e1l<\/a><\/p>\n","protected":false},"author":1,"featured_media":0,"parent":0,"menu_order":0,"comment_status":"closed","ping_status":"closed","template":"","meta":{"footnotes":""},"class_list":["post-62","page","type-page","status-publish"],"_links":{"self":[{"href":"https:\/\/7seven.cz\/pc-servis\/wp-json\/wp\/v2\/pages\/62","targetHints":{"allow":["GET"]}}],"collection":[{"href":"https:\/\/7seven.cz\/pc-servis\/wp-json\/wp\/v2\/pages"}],"about":[{"href":"https:\/\/7seven.cz\/pc-servis\/wp-json\/wp\/v2\/types\/page"}],"author":[{"embeddable":true,"href":"https:\/\/7seven.cz\/pc-servis\/wp-json\/wp\/v2\/users\/1"}],"replies":[{"embeddable":true,"href":"https:\/\/7seven.cz\/pc-servis\/wp-json\/wp\/v2\/comments?post=62"}],"version-history":[{"count":1,"href":"https:\/\/7seven.cz\/pc-servis\/wp-json\/wp\/v2\/pages\/62\/revisions"}],"predecessor-version":[{"id":63,"href":"https:\/\/7seven.cz\/pc-servis\/wp-json\/wp\/v2\/pages\/62\/revisions\/63"}],"wp:attachment":[{"href":"https:\/\/7seven.cz\/pc-servis\/wp-json\/wp\/v2\/media?parent=62"}],"curies":[{"name":"wp","href":"https:\/\/api.w.org\/{rel}","templated":true}]}}