{"id":48,"date":"2025-07-30T15:03:41","date_gmt":"2025-07-30T15:03:41","guid":{"rendered":"https:\/\/7seven.cz\/pc-servis\/?page_id=48"},"modified":"2025-07-30T15:04:21","modified_gmt":"2025-07-30T15:04:21","slug":"kontakty","status":"publish","type":"page","link":"https:\/\/7seven.cz\/pc-servis\/kontakty\/","title":{"rendered":"Kontakty"},"content":{"rendered":"<p class=\"\" data-start=\"3069\" data-end=\"3139\">V p\u0159\u00edpad\u011b dotaz\u016f nebo uplatn\u011bn\u00ed va\u0161ich pr\u00e1v n\u00e1s m\u016f\u017eete kdykoliv kontaktovat;<\/p>\n<p class=\"\" data-start=\"3141\" data-end=\"3266\"><strong data-start=\"3141\" data-end=\"3157\">Petr Vobo\u0159il<\/strong><br data-start=\"3157\" data-end=\"3160\" \/>U Kamenn\u00fdch L\u00e1zn\u00ed 238\/37<br data-start=\"3181\" data-end=\"3184\" \/>415 01 Teplice<br data-start=\"3198\" data-end=\"3201\" \/>E-mail: info@7seven.cz<br data-start=\"3229\" data-end=\"3232\" \/>Telefon: +420 777 977 637<br \/>\nI\u010cO: 867 52 421<br \/>\n<a href=\"https:\/\/www.facebook.com\/profile.php?id=61557000963078\"><img loading=\"lazy\" decoding=\"async\" class=\"alignleft wp-image-2948 \" src=\"http:\/\/7seven.cz\/wp-content\/uploads\/2025\/04\/ChatGPT-Image-30.-4.-2025-11_59_19-300x200.png\" sizes=\"auto, (max-width: 123px) 100vw, 123px\" srcset=\"https:\/\/7seven.cz\/wp-content\/uploads\/2025\/04\/ChatGPT-Image-30.-4.-2025-11_59_19-300x200.png 300w, https:\/\/7seven.cz\/wp-content\/uploads\/2025\/04\/ChatGPT-Image-30.-4.-2025-11_59_19-1024x683.png 1024w, https:\/\/7seven.cz\/wp-content\/uploads\/2025\/04\/ChatGPT-Image-30.-4.-2025-11_59_19-768x512.png 768w, https:\/\/7seven.cz\/wp-content\/uploads\/2025\/04\/ChatGPT-Image-30.-4.-2025-11_59_19.png 1536w\" alt=\"\" width=\"123\" height=\"82\" \/><\/a><\/p>\n<h2 data-start=\"3141\" data-end=\"3266\"><\/h2>\n<h2 data-start=\"3141\" data-end=\"3266\"><\/h2>\n<h2 data-start=\"3141\" data-end=\"3266\">Kontaktn\u00ed formul\u00e1\u0159<\/h2>\n<p>&nbsp;<\/p>\n\n<div class=\"wpcf7 no-js\" id=\"wpcf7-f9-o1\" lang=\"cs-CZ\" dir=\"ltr\" data-wpcf7-id=\"9\">\n<div class=\"screen-reader-response\"><p role=\"status\" aria-live=\"polite\" aria-atomic=\"true\"><\/p> <ul><\/ul><\/div>\n<form action=\"\/pc-servis\/wp-json\/wp\/v2\/pages\/48#wpcf7-f9-o1\" method=\"post\" class=\"wpcf7-form init\" aria-label=\"Kontaktn\u00ed formul\u00e1\u0159\" novalidate=\"novalidate\" data-status=\"init\">\n<fieldset class=\"hidden-fields-container\"><input type=\"hidden\" name=\"_wpcf7\" value=\"9\" \/><input type=\"hidden\" name=\"_wpcf7_version\" value=\"6.1.2\" \/><input type=\"hidden\" name=\"_wpcf7_locale\" value=\"cs_CZ\" \/><input type=\"hidden\" name=\"_wpcf7_unit_tag\" value=\"wpcf7-f9-o1\" \/><input type=\"hidden\" name=\"_wpcf7_container_post\" value=\"0\" \/><input type=\"hidden\" name=\"_wpcf7_posted_data_hash\" value=\"\" \/>\n<\/fieldset>\n<p><label> Va\u0161e jm\u00e9no<br \/>\n<span class=\"wpcf7-form-control-wrap\" data-name=\"your-name\"><input size=\"40\" maxlength=\"400\" class=\"wpcf7-form-control wpcf7-text wpcf7-validates-as-required\" autocomplete=\"name\" aria-required=\"true\" aria-invalid=\"false\" value=\"\" type=\"text\" name=\"your-name\" \/><\/span> <\/label>\n<\/p>\n<p><label> V\u00e1\u0161 e-mail<br \/>\n<span class=\"wpcf7-form-control-wrap\" data-name=\"your-email\"><input size=\"40\" maxlength=\"400\" class=\"wpcf7-form-control wpcf7-email wpcf7-validates-as-required wpcf7-text wpcf7-validates-as-email\" autocomplete=\"email\" aria-required=\"true\" aria-invalid=\"false\" value=\"\" type=\"email\" name=\"your-email\" \/><\/span> <\/label>\n<\/p>\n<p><label> P\u0159edm\u011bt<br \/>\n<span class=\"wpcf7-form-control-wrap\" data-name=\"your-subject\"><input size=\"40\" maxlength=\"400\" class=\"wpcf7-form-control wpcf7-text wpcf7-validates-as-required\" aria-required=\"true\" aria-invalid=\"false\" value=\"\" type=\"text\" name=\"your-subject\" \/><\/span> <\/label>\n<\/p>\n<p><label> Va\u0161e zpr\u00e1va (voliteln\u00fd)<br \/>\n<span class=\"wpcf7-form-control-wrap\" data-name=\"your-message\"><textarea cols=\"40\" rows=\"10\" maxlength=\"2000\" class=\"wpcf7-form-control wpcf7-textarea\" aria-invalid=\"false\" name=\"your-message\"><\/textarea><\/span> <\/label>\n<\/p>\n<p><input class=\"wpcf7-form-control wpcf7-submit has-spinner\" type=\"submit\" value=\"Odeslat\" \/>\n<\/p><div class=\"wpcf7-response-output\" aria-hidden=\"true\"><\/div>\n<\/form>\n<\/div>\n\n","protected":false},"excerpt":{"rendered":"<p>V p\u0159\u00edpad\u011b dotaz\u016f nebo uplatn\u011bn\u00ed va\u0161ich pr\u00e1v n\u00e1s m\u016f\u017eete kdykoliv kontaktovat; Petr Vobo\u0159ilU Kamenn\u00fdch L\u00e1zn\u00ed 238\/37415 01 TepliceE-mail: info@7seven.czTelefon: +420 777 977 637 I\u010cO: 867 52 421 Kontaktn\u00ed formul\u00e1\u0159 &nbsp;<\/p>\n","protected":false},"author":1,"featured_media":0,"parent":0,"menu_order":0,"comment_status":"closed","ping_status":"closed","template":"","meta":{"footnotes":""},"class_list":["post-48","page","type-page","status-publish"],"_links":{"self":[{"href":"https:\/\/7seven.cz\/pc-servis\/wp-json\/wp\/v2\/pages\/48","targetHints":{"allow":["GET"]}}],"collection":[{"href":"https:\/\/7seven.cz\/pc-servis\/wp-json\/wp\/v2\/pages"}],"about":[{"href":"https:\/\/7seven.cz\/pc-servis\/wp-json\/wp\/v2\/types\/page"}],"author":[{"embeddable":true,"href":"https:\/\/7seven.cz\/pc-servis\/wp-json\/wp\/v2\/users\/1"}],"replies":[{"embeddable":true,"href":"https:\/\/7seven.cz\/pc-servis\/wp-json\/wp\/v2\/comments?post=48"}],"version-history":[{"count":2,"href":"https:\/\/7seven.cz\/pc-servis\/wp-json\/wp\/v2\/pages\/48\/revisions"}],"predecessor-version":[{"id":50,"href":"https:\/\/7seven.cz\/pc-servis\/wp-json\/wp\/v2\/pages\/48\/revisions\/50"}],"wp:attachment":[{"href":"https:\/\/7seven.cz\/pc-servis\/wp-json\/wp\/v2\/media?parent=48"}],"curies":[{"name":"wp","href":"https:\/\/api.w.org\/{rel}","templated":true}]}}