{"id":58,"date":"2025-07-29T08:20:12","date_gmt":"2025-07-29T08:20:12","guid":{"rendered":"https:\/\/7seven.cz\/pausal\/?page_id=58"},"modified":"2025-07-29T08:47:02","modified_gmt":"2025-07-29T08:47:02","slug":"podminky-gdpr","status":"publish","type":"page","link":"https:\/\/7seven.cz\/pausal\/podminky-gdpr\/","title":{"rendered":"Podm\u00ednky GDPR"},"content":{"rendered":"<p data-section-id=\"gcuuo\" data-start=\"311\" data-end=\"352\">Z\u00e1sady zpracov\u00e1n\u00ed osobn\u00edch \u00fadaj\u016f (GDPR),<\/p>\n<h2 data-section-id=\"1p7afp8\" data-start=\"354\" data-end=\"377\">1. \u00davodn\u00ed ustanoven\u00ed<\/h2>\n<p data-start=\"379\" data-end=\"522\">Tento dokument obsahuje informace o tom, jak\u00fdm zp\u016fsobem zpracov\u00e1v\u00e1me osobn\u00ed \u00fadaje v souvislosti s provozem webov\u00e9 str\u00e1nky <a href=\"https:\/\/7seven.cz\/pausal\/kontakty\/\"><strong data-start=\"501\" data-end=\"521\">7seven.cz\/pausal<\/strong><\/a>.<\/p>\n<p data-start=\"524\" data-end=\"573\">Provozovatelem webu a spr\u00e1vcem osobn\u00edch \u00fadaj\u016f je:<\/p>\n<p data-start=\"575\" data-end=\"745\"><strong data-start=\"575\" data-end=\"603\">Petr Vobo\u0159il \u2013 <a href=\"https:\/\/7seven.cz\/\">7Seven.cz<\/a><\/strong><br data-start=\"603\" data-end=\"606\" \/>U Kamenn\u00fdch L\u00e1zn\u00ed 238\/37<br data-start=\"630\" data-end=\"633\" \/>415 01 Teplice<br data-start=\"647\" data-end=\"650\" \/>E-mail: <a class=\"cursor-pointer\" rel=\"noopener\" data-start=\"658\" data-end=\"697\">info@7seven.cz<\/a><br data-start=\"697\" data-end=\"700\" \/>Telefon: +420 777 977 637<br data-start=\"725\" data-end=\"728\" \/>I\u010cO: 867 52 421<\/p>\n<h2 data-section-id=\"7ci2y7\" data-start=\"747\" data-end=\"783\">2. Jak\u00e9 osobn\u00ed \u00fadaje zpracov\u00e1v\u00e1me<\/h2>\n<p data-start=\"785\" data-end=\"980\">Na webov\u00e9 str\u00e1nce <strong data-start=\"803\" data-end=\"823\">7seven.cz\/pausal<\/strong> <strong data-start=\"824\" data-end=\"874\">neshroma\u017e\u010fujeme \u017e\u00e1dn\u00e9 osobn\u00ed \u00fadaje n\u00e1v\u0161t\u011bvn\u00edk\u016f<\/strong>. Web neobsahuje registra\u010dn\u00ed formul\u00e1\u0159e, u\u017eivatelsk\u00e9 \u00fa\u010dty ani cookies t\u0159et\u00edch stran pro marketingov\u00e9 \u00fa\u010dely.<\/p>\n<p data-start=\"982\" data-end=\"1150\">K osobn\u00edmu kontaktu doch\u00e1z\u00ed v\u00fdhradn\u011b tehdy, pokud n\u00e1s sami kontaktujete prost\u0159ednictv\u00edm e-mailu nebo telefonu. V takov\u00e9m p\u0159\u00edpad\u011b m\u016f\u017eeme kr\u00e1tkodob\u011b zpracovat tyto \u00fadaje:<\/p>\n<ul data-start=\"1152\" data-end=\"1251\">\n<li data-start=\"1152\" data-end=\"1191\">\n<p data-start=\"1154\" data-end=\"1191\">jm\u00e9no a p\u0159\u00edjmen\u00ed (pokud jej uvedete),<\/p>\n<\/li>\n<li data-start=\"1192\" data-end=\"1211\">\n<p data-start=\"1194\" data-end=\"1211\">e-mailov\u00e1 adresa,<\/p>\n<\/li>\n<li data-start=\"1212\" data-end=\"1230\">\n<p data-start=\"1214\" data-end=\"1230\">telefonn\u00ed \u010d\u00edslo,<\/p>\n<\/li>\n<li data-start=\"1231\" data-end=\"1251\">\n<p data-start=\"1233\" data-end=\"1251\">obsah va\u0161\u00ed zpr\u00e1vy.<\/p>\n<\/li>\n<\/ul>\n<h2 data-section-id=\"1bbkhaf\" data-start=\"1253\" data-end=\"1274\">3. \u00da\u010del zpracov\u00e1n\u00ed<\/h2>\n<p data-start=\"1276\" data-end=\"1528\">Va\u0161e osobn\u00ed \u00fadaje (nap\u0159. telefonn\u00ed \u010d\u00edslo) mohou b\u00fdt <strong data-start=\"1328\" data-end=\"1377\">p\u0159ed\u00e1ny v\u00fdhradn\u011b na\u0161emu obchodn\u00edmu partnerovi<\/strong> \u2013 dr\u017eiteli franchisy spole\u010dnosti Vodafone Czech Republic a.s. \u2013 a to <strong data-start=\"1447\" data-end=\"1527\">pouze za \u00fa\u010delem poskytnut\u00ed nab\u00eddky slu\u017eeb, o kter\u00e9 jste sami projevili z\u00e1jem<\/strong>.<\/p>\n<p data-start=\"1530\" data-end=\"1656\"><strong data-start=\"1530\" data-end=\"1579\">Va\u0161e \u00fadaje nepou\u017e\u00edv\u00e1me k \u017e\u00e1dn\u00e9mu jin\u00e9mu \u00fa\u010delu<\/strong>, nejsou profilov\u00e1ny, neslou\u017e\u00ed k zas\u00edl\u00e1n\u00ed newsletter\u016f ani reklamn\u00edch sd\u011blen\u00ed.<\/p>\n<h2 data-section-id=\"1i1a5t\" data-start=\"1658\" data-end=\"1688\">4. Pr\u00e1vn\u00ed z\u00e1klad zpracov\u00e1n\u00ed<\/h2>\n<p data-start=\"1690\" data-end=\"1732\">Va\u0161e osobn\u00ed \u00fadaje zpracov\u00e1v\u00e1me na z\u00e1klad\u011b:<\/p>\n<ul data-start=\"1734\" data-end=\"1984\">\n<li data-start=\"1734\" data-end=\"1869\">\n<p data-start=\"1736\" data-end=\"1869\"><strong data-start=\"1736\" data-end=\"1767\">\u010dl. 6 odst. 1 p\u00edsm. b) GDPR<\/strong> \u2013 pln\u011bn\u00ed smluvn\u00edho vztahu nebo proveden\u00ed opat\u0159en\u00ed p\u0159ed uzav\u0159en\u00edm smlouvy (nap\u0159. zpracov\u00e1n\u00ed popt\u00e1vky),<\/p>\n<\/li>\n<li data-start=\"1870\" data-end=\"1984\">\n<p data-start=\"1872\" data-end=\"1984\"><strong data-start=\"1872\" data-end=\"1903\">\u010dl. 6 odst. 1 p\u00edsm. a) GDPR<\/strong> \u2013 v\u00e1mi ud\u011blen\u00e9ho souhlasu (nap\u0159. v r\u00e1mci telefonick\u00e9ho nebo e-mailov\u00e9ho dotazu).<\/p>\n<\/li>\n<\/ul>\n<h2 data-section-id=\"14ryybc\" data-start=\"1986\" data-end=\"2021\">5. P\u0159ed\u00e1v\u00e1n\u00ed \u00fadaj\u016f t\u0159et\u00edm osob\u00e1m<\/h2>\n<p data-start=\"2023\" data-end=\"2269\">Va\u0161e osobn\u00ed \u00fadaje p\u0159ed\u00e1v\u00e1me pouze a v\u00fdhradn\u011b obchodn\u00edmu partnerovi, kter\u00fd je dr\u017eitelem franchisov\u00e9 licence spole\u010dnosti Vodafone Czech Republic a.s. Tento subjekt je odpov\u011bdn\u00fd za dal\u0161\u00ed zpracov\u00e1n\u00ed \u00fadaj\u016f podle vlastn\u00edch z\u00e1sad ochrany osobn\u00edch \u00fadaj\u016f.<\/p>\n<p data-start=\"2271\" data-end=\"2408\"><strong data-start=\"2271\" data-end=\"2314\">Spole\u010dnost Vodafone Czech Republic a.s.<\/strong> je samostatn\u00fdm spr\u00e1vcem \u00fadaj\u016f a nese odpov\u011bdnost za jejich dal\u0161\u00ed zpracov\u00e1n\u00ed v souladu s GDPR.<\/p>\n<h2 data-section-id=\"efzywt\" data-start=\"2410\" data-end=\"2437\">6. Doba uchov\u00e1v\u00e1n\u00ed \u00fadaj\u016f<\/h2>\n<p data-start=\"2439\" data-end=\"2606\">Va\u0161e \u00fadaje uchov\u00e1v\u00e1me pouze po dobu nezbytn\u011b nutnou k vy\u0159\u00edzen\u00ed va\u0161eho dotazu \u010di popt\u00e1vky \u2013 maxim\u00e1ln\u011b po dobu 30 dn\u016f, pokud nevypl\u00fdv\u00e1 ze situace jin\u00e1 z\u00e1konn\u00e1 povinnost.<\/p>\n<h2 data-section-id=\"8raocb\" data-start=\"2608\" data-end=\"2624\">7. Va\u0161e pr\u00e1va<\/h2>\n<p data-start=\"2626\" data-end=\"2648\">Podle GDPR m\u00e1te pr\u00e1vo:<\/p>\n<ul data-start=\"2650\" data-end=\"2861\">\n<li data-start=\"2650\" data-end=\"2686\">\n<p data-start=\"2652\" data-end=\"2686\">na p\u0159\u00edstup ke sv\u00fdm osobn\u00edm \u00fadaj\u016fm,<\/p>\n<\/li>\n<li data-start=\"2687\" data-end=\"2716\">\n<p data-start=\"2689\" data-end=\"2716\">na opravu nep\u0159esn\u00fdch \u00fadaj\u016f,<\/p>\n<\/li>\n<li data-start=\"2717\" data-end=\"2756\">\n<p data-start=\"2719\" data-end=\"2756\">na v\u00fdmaz \u00fadaj\u016f (pr\u00e1vo b\u00fdt zapomenut),<\/p>\n<\/li>\n<li data-start=\"2757\" data-end=\"2781\">\n<p data-start=\"2759\" data-end=\"2781\">na omezen\u00ed zpracov\u00e1n\u00ed,<\/p>\n<\/li>\n<li data-start=\"2782\" data-end=\"2808\">\n<p data-start=\"2784\" data-end=\"2808\">na p\u0159enositelnost \u00fadaj\u016f,<\/p>\n<\/li>\n<li data-start=\"2809\" data-end=\"2861\">\n<p data-start=\"2811\" data-end=\"2861\">podat st\u00ed\u017enost u \u00da\u0159adu pro ochranu osobn\u00edch \u00fadaj\u016f.<\/p>\n<\/li>\n<\/ul>\n<p data-start=\"2863\" data-end=\"2959\">V p\u0159\u00edpad\u011b dotaz\u016f nebo uplatn\u011bn\u00ed pr\u00e1v n\u00e1s kontaktujte na <a class=\"cursor-pointer\" rel=\"noopener\" data-start=\"2919\" data-end=\"2958\">info@7seven.cz<\/a>.<\/p>\n<h2 data-section-id=\"32k41m\" data-start=\"2961\" data-end=\"2987\">8. Z\u00e1v\u011bre\u010dn\u00e9 ustanoven\u00ed<\/h2>\n<p data-start=\"2989\" data-end=\"3159\">Tyto z\u00e1sady ochrany osobn\u00edch \u00fadaj\u016f mohou b\u00fdt v budoucnu aktualizov\u00e1ny dle zm\u011bn legislativy nebo provozn\u00edch pot\u0159eb. Doporu\u010dujeme proto tuto str\u00e1nku pravideln\u011b nav\u0161t\u011bvovat.<\/p>\n<p data-start=\"3161\" data-end=\"3221\">Dokument je platn\u00fd a \u00fa\u010dinn\u00fd od: <b>29.07.2025.<\/b><\/p>\n","protected":false},"excerpt":{"rendered":"<p>Z\u00e1sady zpracov\u00e1n\u00ed osobn\u00edch \u00fadaj\u016f (GDPR), 1. \u00davodn\u00ed ustanoven\u00ed Tento dokument obsahuje informace o tom, jak\u00fdm zp\u016fsobem zpracov\u00e1v\u00e1me osobn\u00ed \u00fadaje v souvislosti s provozem webov\u00e9 str\u00e1nky 7seven.cz\/pausal. Provozovatelem webu a spr\u00e1vcem osobn\u00edch \u00fadaj\u016f je: Petr Vobo\u0159il \u2013 7Seven.czU Kamenn\u00fdch L\u00e1zn\u00ed 238\/37415 01 TepliceE-mail: info@7seven.czTelefon: +420 777 977 637I\u010cO: 867 52 421 2. Jak\u00e9 osobn\u00ed \u00fadaje zpracov\u00e1v\u00e1me &#8230; <a title=\"Podm\u00ednky GDPR\" class=\"read-more\" href=\"https:\/\/7seven.cz\/pausal\/podminky-gdpr\/\" aria-label=\"\u010c\u00edst v\u00edce o Podm\u00ednky GDPR\">\u010c\u00edst d\u00e1l<\/a><\/p>\n","protected":false},"author":1,"featured_media":0,"parent":0,"menu_order":0,"comment_status":"closed","ping_status":"closed","template":"","meta":{"footnotes":""},"class_list":["post-58","page","type-page","status-publish"],"_links":{"self":[{"href":"https:\/\/7seven.cz\/pausal\/wp-json\/wp\/v2\/pages\/58","targetHints":{"allow":["GET"]}}],"collection":[{"href":"https:\/\/7seven.cz\/pausal\/wp-json\/wp\/v2\/pages"}],"about":[{"href":"https:\/\/7seven.cz\/pausal\/wp-json\/wp\/v2\/types\/page"}],"author":[{"embeddable":true,"href":"https:\/\/7seven.cz\/pausal\/wp-json\/wp\/v2\/users\/1"}],"replies":[{"embeddable":true,"href":"https:\/\/7seven.cz\/pausal\/wp-json\/wp\/v2\/comments?post=58"}],"version-history":[{"count":2,"href":"https:\/\/7seven.cz\/pausal\/wp-json\/wp\/v2\/pages\/58\/revisions"}],"predecessor-version":[{"id":82,"href":"https:\/\/7seven.cz\/pausal\/wp-json\/wp\/v2\/pages\/58\/revisions\/82"}],"wp:attachment":[{"href":"https:\/\/7seven.cz\/pausal\/wp-json\/wp\/v2\/media?parent=58"}],"curies":[{"name":"wp","href":"https:\/\/api.w.org\/{rel}","templated":true}]}}