{"id":38,"date":"2025-07-29T07:00:32","date_gmt":"2025-07-29T07:00:32","guid":{"rendered":"https:\/\/7seven.cz\/pausal\/?page_id=38"},"modified":"2025-07-29T07:04:04","modified_gmt":"2025-07-29T07:04:04","slug":"kontakty","status":"publish","type":"page","link":"https:\/\/7seven.cz\/pausal\/kontakty\/","title":{"rendered":"Kontakty"},"content":{"rendered":"<h2>Ozv\u011bte se. My fakt odpov\u00edme!<\/h2>\n<p>M\u00e1te ot\u00e1zku, z\u00e1jem o tarif, nebo si jen nejste jist\u00ed, co zvolit? Napi\u0161te n\u00e1m, zavolejte, nebo se prost\u011b ozv\u011bte \u2013 jsme p\u0159ipraveni poradit. U n\u00e1s odpov\u00eddaj\u00ed skute\u010dn\u00ed lid\u00e9, ne roboti, kte\u0159\u00ed jen p\u0159epos\u00edlaj\u00ed zpr\u00e1vy d\u00e1l.<\/p>\n<p><!-- Font Awesome CDN pro ikonky --><\/p>\n<div style=\"font-family: Arial, sans-serif; max-width: 600px; margin: 0 auto; padding: 30px 20px; background-color: #f9f9f9; border-left: 4px solid #8c222e; border-radius: 5px; box-shadow: 0 2px 8px rgba(0,0,0,0.05);\">\n<h2 style=\"color: #8c222e; margin-bottom: 15px;\"><i class=\"fas fa-user-tie\"><\/i> Petr Vobo\u0159il \u2014 7Seven.cz<\/h2>\n<p style=\"margin: 5px 0 15px 0; font-style: italic;\">jednatel &amp; provozovatel webu<\/p>\n<p style=\"margin: 10px 0;\"><i class=\"fas fa-location-dot\" style=\"color: #8c222e; width: 20px;\"><\/i><br \/>\nU Kamenn\u00fdch L\u00e1zn\u00ed 238\/37, 415 01 Teplice<\/p>\n<p style=\"margin: 10px 0;\"><i class=\"fas fa-envelope\" style=\"color: #8c222e; width: 20px;\"><\/i><br \/>\n<a style=\"color: #000; text-decoration: none;\" href=\"mailto:info@7seven.cz\">info@7seven.cz<\/a><\/p>\n<p style=\"margin: 10px 0;\"><i class=\"fas fa-phone\" style=\"color: #8c222e; width: 20px;\"><\/i><br \/>\n<a style=\"color: #000; text-decoration: none;\" href=\"tel:+420777977637\">+420 777 977 637<\/a><\/p>\n<p style=\"margin: 10px 0;\"><i class=\"fas fa-id-card\" style=\"color: #8c222e; width: 20px;\"><\/i><br \/>\nI\u010cO: 867 52 421<\/p>\n<\/div>\n<p>&nbsp;<\/p>\n<h3>Kontaktn\u00ed formul\u00e1\u0159<\/h3>\n\n<div class=\"wpcf7 no-js\" id=\"wpcf7-f9-o1\" lang=\"cs-CZ\" dir=\"ltr\" data-wpcf7-id=\"9\">\n<div class=\"screen-reader-response\"><p role=\"status\" aria-live=\"polite\" aria-atomic=\"true\"><\/p> <ul><\/ul><\/div>\n<form action=\"\/pausal\/wp-json\/wp\/v2\/pages\/38#wpcf7-f9-o1\" method=\"post\" class=\"wpcf7-form init\" aria-label=\"Kontaktn\u00ed formul\u00e1\u0159\" novalidate=\"novalidate\" data-status=\"init\">\n<fieldset class=\"hidden-fields-container\"><input type=\"hidden\" name=\"_wpcf7\" value=\"9\" \/><input type=\"hidden\" name=\"_wpcf7_version\" value=\"6.1.2\" \/><input type=\"hidden\" name=\"_wpcf7_locale\" value=\"cs_CZ\" \/><input type=\"hidden\" name=\"_wpcf7_unit_tag\" value=\"wpcf7-f9-o1\" \/><input type=\"hidden\" name=\"_wpcf7_container_post\" value=\"0\" \/><input type=\"hidden\" name=\"_wpcf7_posted_data_hash\" value=\"\" \/>\n<\/fieldset>\n<p><label> Va\u0161e jm\u00e9no<br \/>\n<span class=\"wpcf7-form-control-wrap\" data-name=\"your-name\"><input size=\"40\" maxlength=\"400\" class=\"wpcf7-form-control wpcf7-text wpcf7-validates-as-required\" autocomplete=\"name\" aria-required=\"true\" aria-invalid=\"false\" value=\"\" type=\"text\" name=\"your-name\" \/><\/span> <\/label>\n<\/p>\n<p><label> V\u00e1\u0161 e-mail<br \/>\n<span class=\"wpcf7-form-control-wrap\" data-name=\"your-email\"><input size=\"40\" maxlength=\"400\" class=\"wpcf7-form-control wpcf7-email wpcf7-validates-as-required wpcf7-text wpcf7-validates-as-email\" autocomplete=\"email\" aria-required=\"true\" aria-invalid=\"false\" value=\"\" type=\"email\" name=\"your-email\" \/><\/span> <\/label>\n<\/p>\n<p><label> P\u0159edm\u011bt<br \/>\n<span class=\"wpcf7-form-control-wrap\" data-name=\"your-subject\"><input size=\"40\" maxlength=\"400\" class=\"wpcf7-form-control wpcf7-text wpcf7-validates-as-required\" aria-required=\"true\" aria-invalid=\"false\" value=\"\" type=\"text\" name=\"your-subject\" \/><\/span> <\/label>\n<\/p>\n<p><label> Va\u0161e zpr\u00e1va (voliteln\u00fd)<br \/>\n<span class=\"wpcf7-form-control-wrap\" data-name=\"your-message\"><textarea cols=\"40\" rows=\"10\" maxlength=\"2000\" class=\"wpcf7-form-control wpcf7-textarea\" aria-invalid=\"false\" name=\"your-message\"><\/textarea><\/span> <\/label>\n<\/p>\n<p><input class=\"wpcf7-form-control wpcf7-submit has-spinner\" type=\"submit\" value=\"Odeslat\" \/>\n<\/p><div class=\"wpcf7-response-output\" aria-hidden=\"true\"><\/div>\n<\/form>\n<\/div>\n\n","protected":false},"excerpt":{"rendered":"<p>Ozv\u011bte se. My fakt odpov\u00edme! M\u00e1te ot\u00e1zku, z\u00e1jem o tarif, nebo si jen nejste jist\u00ed, co zvolit? Napi\u0161te n\u00e1m, zavolejte, nebo se prost\u011b ozv\u011bte \u2013 jsme p\u0159ipraveni poradit. U n\u00e1s odpov\u00eddaj\u00ed skute\u010dn\u00ed lid\u00e9, ne roboti, kte\u0159\u00ed jen p\u0159epos\u00edlaj\u00ed zpr\u00e1vy d\u00e1l. Petr Vobo\u0159il \u2014 7Seven.cz jednatel &amp; provozovatel webu U Kamenn\u00fdch L\u00e1zn\u00ed 238\/37, 415 01 Teplice &#8230; <a title=\"Kontakty\" class=\"read-more\" href=\"https:\/\/7seven.cz\/pausal\/kontakty\/\" aria-label=\"\u010c\u00edst v\u00edce o Kontakty\">\u010c\u00edst d\u00e1l<\/a><\/p>\n","protected":false},"author":1,"featured_media":0,"parent":0,"menu_order":0,"comment_status":"closed","ping_status":"closed","template":"","meta":{"footnotes":""},"class_list":["post-38","page","type-page","status-publish"],"_links":{"self":[{"href":"https:\/\/7seven.cz\/pausal\/wp-json\/wp\/v2\/pages\/38","targetHints":{"allow":["GET"]}}],"collection":[{"href":"https:\/\/7seven.cz\/pausal\/wp-json\/wp\/v2\/pages"}],"about":[{"href":"https:\/\/7seven.cz\/pausal\/wp-json\/wp\/v2\/types\/page"}],"author":[{"embeddable":true,"href":"https:\/\/7seven.cz\/pausal\/wp-json\/wp\/v2\/users\/1"}],"replies":[{"embeddable":true,"href":"https:\/\/7seven.cz\/pausal\/wp-json\/wp\/v2\/comments?post=38"}],"version-history":[{"count":3,"href":"https:\/\/7seven.cz\/pausal\/wp-json\/wp\/v2\/pages\/38\/revisions"}],"predecessor-version":[{"id":41,"href":"https:\/\/7seven.cz\/pausal\/wp-json\/wp\/v2\/pages\/38\/revisions\/41"}],"wp:attachment":[{"href":"https:\/\/7seven.cz\/pausal\/wp-json\/wp\/v2\/media?parent=38"}],"curies":[{"name":"wp","href":"https:\/\/api.w.org\/{rel}","templated":true}]}}