{"id":31,"date":"2025-07-27T09:27:35","date_gmt":"2025-07-27T09:27:35","guid":{"rendered":"https:\/\/7seven.cz\/paleniplazmou\/?page_id=31"},"modified":"2025-07-27T09:27:35","modified_gmt":"2025-07-27T09:27:35","slug":"o-nas","status":"publish","type":"page","link":"https:\/\/7seven.cz\/paleniplazmou\/o-nas\/","title":{"rendered":"O n\u00e1s"},"content":{"rendered":"<h2>Kdy\u017e kov prask\u00e1 pod plazmou. Jsme ti, kdo ho krotili prvn\u00ed.<\/h2>\n<p data-start=\"337\" data-end=\"553\">Za ka\u017ed\u00fdm \u010dist\u00fdm \u0159ezem plazmou stoj\u00ed nejen technologie, ale p\u0159edev\u0161\u00edm lid\u00e9, kte\u0159\u00ed ji um\u00ed ovl\u00e1dnout. U n\u00e1s nejde jen o stroje a jiskry \u2014\u00a0 jde o zru\u010dnost, zku\u0161enosti a chu\u0165 d\u011blat v\u011bci po\u0159\u00e1dn\u011b. A pr\u00e1v\u011b t\u00edm se odli\u0161ujeme.<\/p>\n<p data-start=\"337\" data-end=\"553\"><img loading=\"lazy\" decoding=\"async\" class=\"aligncenter wp-image-32 size-full\" src=\"http:\/\/7seven.cz\/paleniplazmou\/wp-content\/uploads\/2025\/07\/ChatGPT-Image-27.-7.-2025-11_26_32.png\" alt=\"\" width=\"1536\" height=\"1024\" srcset=\"https:\/\/7seven.cz\/paleniplazmou\/wp-content\/uploads\/2025\/07\/ChatGPT-Image-27.-7.-2025-11_26_32.png 1536w, https:\/\/7seven.cz\/paleniplazmou\/wp-content\/uploads\/2025\/07\/ChatGPT-Image-27.-7.-2025-11_26_32-300x200.png 300w, https:\/\/7seven.cz\/paleniplazmou\/wp-content\/uploads\/2025\/07\/ChatGPT-Image-27.-7.-2025-11_26_32-1024x683.png 1024w, https:\/\/7seven.cz\/paleniplazmou\/wp-content\/uploads\/2025\/07\/ChatGPT-Image-27.-7.-2025-11_26_32-768x512.png 768w\" sizes=\"auto, (max-width: 1536px) 100vw, 1536px\" \/><\/p>\n<p data-start=\"337\" data-end=\"553\">\n<p data-start=\"555\" data-end=\"925\">Slu\u017eba \u201e<em><strong>P\u00e1len\u00ed plazmou<\/strong><\/em>\u201c vznikla jako sou\u010d\u00e1st technick\u00e9ho a kreativn\u00edho multi-podnik\u00e1n\u00ed <strong data-start=\"642\" data-end=\"660\">Petra Vobo\u0159ila<\/strong>, zakladatele zna\u010dky <a href=\"https:\/\/7seven.cz\/o-nas\/\"><strong data-start=\"681\" data-end=\"694\">7seven.cz<\/strong><\/a>. U\u017e l\u00e9ta se pod touto zna\u010dkou spojuj\u00ed r\u016fznorod\u00e9 obory \u2013 od vizu\u00e1ln\u00ed tvorby po praktick\u00e9 slu\u017eby pro firmy a \u017eivnostn\u00edky. P\u00e1len\u00ed plazmou je p\u0159irozen\u00fdm pokra\u010dov\u00e1n\u00edm \u2013 jen tady m\u00edsto my\u0161i dr\u017e\u00edme ho\u0159\u00e1k a m\u00edsto obr\u00e1zk\u016f kresl\u00edme do kovu.<\/p>\n<p data-start=\"927\" data-end=\"1130\">Nejsme ob\u0159\u00ed fabrika, kde zak\u00e1zky miz\u00ed v anonymit\u011b. U n\u00e1s v\u00edte, kdo s v\u00e1mi mluv\u00ed, kdo dr\u017e\u00ed \u0159ezac\u00ed hlavu a kdo hl\u00edd\u00e1 detaily. <strong data-start=\"1051\" data-end=\"1090\">Osobn\u00ed p\u0159\u00edstup, f\u00e9rovost a rychlost<\/strong> jsou pro n\u00e1s z\u00e1kladem ka\u017ed\u00e9 spolupr\u00e1ce.<\/p>\n<p data-start=\"1132\" data-end=\"1404\">Plazmov\u00e9 p\u00e1len\u00ed jsme si zamilovali pro jeho syrovou s\u00edlu, dokonalou p\u0159esnost a efektivitu. Nen\u00ed to jen technologie \u2013 je to zp\u016fsob my\u0161len\u00ed. \u0158e\u017eeme rychle, ale s rozmyslem. \u010cist\u011b, ale bez p\u0159ehnan\u00e9 strojenosti. Ka\u017ed\u00fd plech, ka\u017ed\u00fd \u0159ez m\u00e1 sv\u016fj p\u0159\u00edb\u011bh \u2013 a my jsme jeho sou\u010d\u00e1st\u00ed.<\/p>\n<p data-start=\"1406\" data-end=\"1596\">M\u00e1me k dispozici profesion\u00e1ln\u00ed vybaven\u00ed, kter\u00e9 zvl\u00e1d\u00e1 i slo\u017eit\u011bj\u0161\u00ed v\u00fdzvy. Ale technologie je jen n\u00e1stroj. To hlavn\u00ed je, \u017ee <strong data-start=\"1529\" data-end=\"1577\">v\u00edme, co d\u011bl\u00e1me, pro\u010d to d\u011bl\u00e1me \u2013 a pro koho<\/strong>. A d\u011bl\u00e1me to r\u00e1di.<\/p>\n<p data-start=\"1598\" data-end=\"1826\">Na\u0161\u00edm z\u00e1kazn\u00edkem je ka\u017ed\u00fd, kdo pot\u0159ebuje kvalitn\u011b a rychle vy\u0159ezat d\u00edl, sou\u010d\u00e1stku, tvar nebo otvor. <strong data-start=\"1698\" data-end=\"1726\">Od jednoho kusu po s\u00e9rii<\/strong>, od b\u011b\u017en\u00e9 oceli a\u017e po nerez nebo hlin\u00edk. Pokud je to kov a d\u00e1 se to \u0159ezat plazmou, jsme p\u0159ipraveni.<\/p>\n<p data-start=\"1828\" data-end=\"2036\">Neprod\u00e1v\u00e1me v\u00e1m vzdu\u0161n\u00e9 z\u00e1mky \u2013 nab\u00edz\u00edme konkr\u00e9tn\u00ed v\u00fdstupy, kter\u00e9 maj\u00ed hodnotu. Hotov\u00e9 v\u00fd\u0159ezy. P\u0159esn\u00e9 hrany. Spokojenost, kter\u00e1 se d\u00e1 spo\u010d\u00edtat nejen v milimetrech, ale i v tom, jak se v\u00e1m s n\u00e1mi spolupracuje.<\/p>\n<p data-start=\"2038\" data-end=\"2235\">Zakl\u00e1d\u00e1me si na otev\u0159enosti. Co sl\u00edb\u00edme, to plat\u00ed. A pokud je n\u011bco nejasn\u00e9, ozveme se rovnou. Nebav\u00edme v\u00e1s slo\u017eit\u00fdmi tabulkami ani kecy o \u201efiremn\u00ed filozofii\u201c \u2013 rad\u011bji mluv\u00edme jasn\u011b a rovnou k v\u011bci.<\/p>\n<p data-start=\"2237\" data-end=\"2459\">Zna\u010dka 7seven.cz je dnes spojov\u00e1na s poctiv\u00fdm p\u0159\u00edstupem, flexibilitou a rozumn\u00fdm tempem. <strong data-start=\"2326\" data-end=\"2380\">\u017d\u00e1dn\u00e9 \u201e<em>korpor\u00e1tn\u00ed peklo<\/em>\u201c ani p\u0159ebujel\u00e1 byrokracie.<\/strong> Pracujeme svi\u017en\u011b, jednodu\u0161e a efektivn\u011b \u2013 tak, jak to m\u00e1 v modern\u00ed v\u00fdrob\u011b b\u00fdt.<\/p>\n<p data-start=\"2461\" data-end=\"2624\">A\u0165 u\u017e jste men\u0161\u00ed firma, \u0159emesln\u00edk, stava\u0159, nebo jen pot\u0159ebujete jednor\u00e1zov\u011b vy\u0159ezat konkr\u00e9tn\u00ed tvar \u2013 jsme tu. Bez zbyte\u010dn\u00fdch ot\u00e1zek. Bez zdr\u017eov\u00e1n\u00ed. Bez kompromis\u016f.<\/p>\n<blockquote>\n<p data-start=\"2626\" data-end=\"2675\"><strong data-start=\"2626\" data-end=\"2675\"><a href=\"https:\/\/7seven.cz\/o-nas\/\">7seven.cz<\/a> \u2013 kdy\u017e plazma \u0159e\u017ee, my dr\u017e\u00edme sm\u011br!<\/strong><\/p>\n<\/blockquote>\n","protected":false},"excerpt":{"rendered":"<p>Kdy\u017e kov prask\u00e1 pod plazmou. Jsme ti, kdo ho krotili prvn\u00ed. Za ka\u017ed\u00fdm \u010dist\u00fdm \u0159ezem plazmou stoj\u00ed nejen technologie, ale p\u0159edev\u0161\u00edm lid\u00e9, kte\u0159\u00ed ji um\u00ed ovl\u00e1dnout. U n\u00e1s nejde jen o stroje a jiskry \u2014\u00a0 jde o zru\u010dnost, zku\u0161enosti a chu\u0165 d\u011blat v\u011bci po\u0159\u00e1dn\u011b. A pr\u00e1v\u011b t\u00edm se odli\u0161ujeme. Slu\u017eba \u201eP\u00e1len\u00ed plazmou\u201c vznikla jako sou\u010d\u00e1st &#8230; <a title=\"O n\u00e1s\" class=\"read-more\" href=\"https:\/\/7seven.cz\/paleniplazmou\/o-nas\/\" aria-label=\"\u010c\u00edst v\u00edce o O n\u00e1s\">\u010c\u00edst d\u00e1l<\/a><\/p>\n","protected":false},"author":1,"featured_media":0,"parent":0,"menu_order":0,"comment_status":"closed","ping_status":"closed","template":"","meta":{"footnotes":""},"class_list":["post-31","page","type-page","status-publish"],"_links":{"self":[{"href":"https:\/\/7seven.cz\/paleniplazmou\/wp-json\/wp\/v2\/pages\/31","targetHints":{"allow":["GET"]}}],"collection":[{"href":"https:\/\/7seven.cz\/paleniplazmou\/wp-json\/wp\/v2\/pages"}],"about":[{"href":"https:\/\/7seven.cz\/paleniplazmou\/wp-json\/wp\/v2\/types\/page"}],"author":[{"embeddable":true,"href":"https:\/\/7seven.cz\/paleniplazmou\/wp-json\/wp\/v2\/users\/1"}],"replies":[{"embeddable":true,"href":"https:\/\/7seven.cz\/paleniplazmou\/wp-json\/wp\/v2\/comments?post=31"}],"version-history":[{"count":1,"href":"https:\/\/7seven.cz\/paleniplazmou\/wp-json\/wp\/v2\/pages\/31\/revisions"}],"predecessor-version":[{"id":33,"href":"https:\/\/7seven.cz\/paleniplazmou\/wp-json\/wp\/v2\/pages\/31\/revisions\/33"}],"wp:attachment":[{"href":"https:\/\/7seven.cz\/paleniplazmou\/wp-json\/wp\/v2\/media?parent=31"}],"curies":[{"name":"wp","href":"https:\/\/api.w.org\/{rel}","templated":true}]}}