{"id":54,"date":"2025-07-26T15:26:16","date_gmt":"2025-07-26T15:26:16","guid":{"rendered":"https:\/\/7seven.cz\/helpforseniors\/?page_id=54"},"modified":"2025-07-26T15:26:30","modified_gmt":"2025-07-26T15:26:30","slug":"podminky-gdpr","status":"publish","type":"page","link":"https:\/\/7seven.cz\/helpforseniors\/podminky-gdpr\/","title":{"rendered":"Podm\u00ednky GDPR"},"content":{"rendered":"<h2 data-start=\"338\" data-end=\"385\">Z\u00e1sady zpracov\u00e1n\u00ed osobn\u00edch \u00fadaj\u016f (GDPR)<\/h2>\n<p data-start=\"386\" data-end=\"431\">pro web a slu\u017eby <strong data-start=\"403\" data-end=\"431\">7seven.cz\/helpforseniors<\/strong><\/p>\n<p data-start=\"433\" data-end=\"607\"><strong data-start=\"433\" data-end=\"450\">Provozovatel:<\/strong><\/p>\n<p data-start=\"433\" data-end=\"607\"><br data-start=\"450\" data-end=\"453\" \/><strong>Petr Vobo\u0159il<\/strong><br data-start=\"465\" data-end=\"468\" \/><a href=\"https:\/\/7seven.cz\/helpforseniors\/kontakt\/\"><em>7seven.cz\/helpforseniors<\/em><\/a><br data-start=\"492\" data-end=\"495\" \/>U Kamenn\u00fdch L\u00e1zn\u00ed 238\/37<br data-start=\"519\" data-end=\"522\" \/>415 01 Teplice<br data-start=\"536\" data-end=\"539\" \/>I\u010cO: 867 52 421<br data-start=\"554\" data-end=\"557\" \/>E-mail: <a class=\"cursor-pointer\" rel=\"noopener\" data-start=\"565\" data-end=\"579\">info@7seven.cz<\/a><br data-start=\"579\" data-end=\"582\" \/>Telefon: +420 777 977 637<\/p>\n<hr data-start=\"609\" data-end=\"612\" \/>\n<h2 data-start=\"614\" data-end=\"637\">1. \u00davodn\u00ed ustanoven\u00ed<\/h2>\n<p data-start=\"639\" data-end=\"1002\">Tento dokument obsahuje z\u00e1sady zpracov\u00e1n\u00ed osobn\u00edch \u00fadaj\u016f v souladu s <strong data-start=\"708\" data-end=\"771\">na\u0159\u00edzen\u00edm Evropsk\u00e9ho parlamentu a Rady (EU) 2016\/679 (GDPR)<\/strong> a z\u00e1konem \u010d.\u202f110\/2019 Sb., o zpracov\u00e1n\u00ed osobn\u00edch \u00fadaj\u016f. Vztahuje se na ve\u0161ker\u00e9 osobn\u00ed \u00fadaje z\u00edskan\u00e9 prost\u0159ednictv\u00edm webu <strong data-start=\"893\" data-end=\"921\">7seven.cz\/helpforseniors<\/strong> nebo v r\u00e1mci poskytov\u00e1n\u00ed slu\u017eeb zam\u011b\u0159en\u00fdch na podporu senior\u016f a jejich bl\u00edzk\u00fdch.<\/p>\n<hr data-start=\"1004\" data-end=\"1007\" \/>\n<h2 data-start=\"1009\" data-end=\"1038\">2. Jak\u00e9 \u00fadaje zpracov\u00e1v\u00e1me<\/h2>\n<p data-start=\"1040\" data-end=\"1128\">Zpracov\u00e1v\u00e1me pouze \u00fadaje, kter\u00e9 n\u00e1m dobrovoln\u011b poskytnete, a to zejm\u00e9na prost\u0159ednictv\u00edm:<\/p>\n<ul data-start=\"1130\" data-end=\"1324\">\n<li data-start=\"1130\" data-end=\"1164\">\n<p data-start=\"1132\" data-end=\"1164\">kontaktn\u00edho formul\u00e1\u0159e na webu,<\/p>\n<\/li>\n<li data-start=\"1165\" data-end=\"1205\">\n<p data-start=\"1167\" data-end=\"1205\">e-mailov\u00e9 \u010di telefonick\u00e9 komunikace,<\/p>\n<\/li>\n<li data-start=\"1206\" data-end=\"1268\">\n<p data-start=\"1208\" data-end=\"1268\">objedn\u00e1vky slu\u017eeb (nap\u0159. asistence, doprava, poradenstv\u00ed),<\/p>\n<\/li>\n<li data-start=\"1269\" data-end=\"1324\">\n<p data-start=\"1271\" data-end=\"1324\">osobn\u00edch konzultac\u00ed, kter\u00e9 vedou ke smluvn\u00edmu vztahu.<\/p>\n<\/li>\n<\/ul>\n<p data-start=\"1326\" data-end=\"1499\">Typicky se jedn\u00e1 o:<br data-start=\"1345\" data-end=\"1348\" \/><strong data-start=\"1348\" data-end=\"1499\">jm\u00e9no, p\u0159\u00edjmen\u00ed, e-mail, telefon, adresu, v\u011bk, faktura\u010dn\u00ed \u00fadaje, povahu po\u017eadovan\u00e9 slu\u017eby a dal\u0161\u00ed nezbytn\u00e9 informace pot\u0159ebn\u00e9 pro realizaci slu\u017eby.<\/strong><\/p>\n<hr data-start=\"1501\" data-end=\"1504\" \/>\n<h2 data-start=\"1506\" data-end=\"1545\">3. K jak\u00e9mu \u00fa\u010delu \u00fadaje zpracov\u00e1v\u00e1me<\/h2>\n<p data-start=\"1547\" data-end=\"1581\">Va\u0161e \u00fadaje zpracov\u00e1v\u00e1me za \u00fa\u010delem:<\/p>\n<ul data-start=\"1583\" data-end=\"1907\">\n<li data-start=\"1583\" data-end=\"1637\">\n<p data-start=\"1585\" data-end=\"1637\">vy\u0159\u00edzen\u00ed va\u0161\u00ed popt\u00e1vky, dotazu \u010di \u017e\u00e1dosti o pomoc,<\/p>\n<\/li>\n<li data-start=\"1638\" data-end=\"1727\">\n<p data-start=\"1640\" data-end=\"1727\">organizace a poskytov\u00e1n\u00ed konkr\u00e9tn\u00edch slu\u017eeb (nap\u0159. p\u0159eprava, poradenstv\u00ed, asistence),<\/p>\n<\/li>\n<li data-start=\"1728\" data-end=\"1777\">\n<p data-start=\"1730\" data-end=\"1777\">veden\u00ed evidence klient\u016f a dokumentace slu\u017eeb,<\/p>\n<\/li>\n<li data-start=\"1778\" data-end=\"1820\">\n<p data-start=\"1780\" data-end=\"1820\">vystaven\u00ed \u00fa\u010detn\u00edch a da\u0148ov\u00fdch doklad\u016f,<\/p>\n<\/li>\n<li data-start=\"1821\" data-end=\"1852\">\n<p data-start=\"1823\" data-end=\"1852\">pln\u011bn\u00ed pr\u00e1vn\u00edch povinnost\u00ed,<\/p>\n<\/li>\n<li data-start=\"1853\" data-end=\"1907\">\n<p data-start=\"1855\" data-end=\"1907\">zaji\u0161t\u011bn\u00ed bezpe\u010dn\u00e9 a smyslupln\u00e9 komunikace s v\u00e1mi.<\/p>\n<\/li>\n<\/ul>\n<p data-start=\"1909\" data-end=\"1998\">Va\u0161e \u00fadaje <strong data-start=\"1920\" data-end=\"1966\">nikdy nepou\u017e\u00edv\u00e1me pro nevy\u017e\u00e1dan\u00fd marketing<\/strong> bez va\u0161eho v\u00fdslovn\u00e9ho souhlasu.<\/p>\n<hr data-start=\"2000\" data-end=\"2003\" \/>\n<h2 data-start=\"2005\" data-end=\"2035\">4. Pr\u00e1vn\u00ed z\u00e1klad zpracov\u00e1n\u00ed<\/h2>\n<p data-start=\"2037\" data-end=\"2080\">Osobn\u00ed \u00fadaje zpracov\u00e1v\u00e1me pouze na z\u00e1klad\u011b:<\/p>\n<ul data-start=\"2082\" data-end=\"2402\">\n<li data-start=\"2082\" data-end=\"2139\">\n<p data-start=\"2084\" data-end=\"2139\"><strong data-start=\"2084\" data-end=\"2104\">smluvn\u00edho vztahu<\/strong> \u2013 objedn\u00e1n\u00ed slu\u017eby \u010di asistence,<\/p>\n<\/li>\n<li data-start=\"2140\" data-end=\"2227\">\n<p data-start=\"2142\" data-end=\"2227\"><strong data-start=\"2142\" data-end=\"2177\">opr\u00e1vn\u011bn\u00e9ho z\u00e1jmu provozovatele<\/strong> \u2013 nap\u0159. ochrana pr\u00e1v, zaji\u0161t\u011bn\u00ed kvality slu\u017eeb,<\/p>\n<\/li>\n<li data-start=\"2228\" data-end=\"2287\">\n<p data-start=\"2230\" data-end=\"2287\"><strong data-start=\"2230\" data-end=\"2251\">pr\u00e1vn\u00ed povinnosti<\/strong> \u2013 nap\u0159. da\u0148ov\u00e1 a \u00fa\u010detn\u00ed evidence,<\/p>\n<\/li>\n<li data-start=\"2288\" data-end=\"2402\">\n<p data-start=\"2290\" data-end=\"2402\"><strong data-start=\"2290\" data-end=\"2302\">souhlasu<\/strong> \u2013 v p\u0159\u00edpad\u011b, \u017ee si p\u0159ejete dost\u00e1vat informace o novink\u00e1ch, aktualit\u00e1ch nebo komunitn\u00edch aktivit\u00e1ch.<\/p>\n<\/li>\n<\/ul>\n<hr data-start=\"2404\" data-end=\"2407\" \/>\n<h2 data-start=\"2409\" data-end=\"2439\">5. Komu m\u016f\u017eeme \u00fadaje p\u0159edat<\/h2>\n<p data-start=\"2441\" data-end=\"2586\">Va\u0161e \u00fadaje <strong data-start=\"2452\" data-end=\"2481\">nep\u0159ed\u00e1v\u00e1me t\u0159et\u00edm osob\u00e1m<\/strong>, s v\u00fdjimkou nezbytn\u00fdch p\u0159\u00edpad\u016f, kdy je to nutn\u00e9 pro zaji\u0161t\u011bn\u00ed slu\u017eby nebo na z\u00e1klad\u011b z\u00e1konn\u00e9 povinnosti:<\/p>\n<ul data-start=\"2588\" data-end=\"2854\">\n<li data-start=\"2588\" data-end=\"2657\">\n<p data-start=\"2590\" data-end=\"2657\">poskytovatel\u00e9 webhostingu, e-mailov\u00fdch a IT slu\u017eeb (nap\u0159. Wedos),<\/p>\n<\/li>\n<li data-start=\"2658\" data-end=\"2686\">\n<p data-start=\"2660\" data-end=\"2686\">\u00fa\u010detn\u00ed a da\u0148ov\u00fd poradce,<\/p>\n<\/li>\n<li data-start=\"2687\" data-end=\"2795\">\n<p data-start=\"2689\" data-end=\"2795\">spolupracuj\u00edc\u00ed odborn\u00edci (soci\u00e1ln\u00ed pracovn\u00edci, dopravci, pe\u010dovatel\u00e9) \u2013 <strong data-start=\"2760\" data-end=\"2792\">v\u017edy na z\u00e1klad\u011b ml\u010denlivosti<\/strong>,<\/p>\n<\/li>\n<li data-start=\"2796\" data-end=\"2854\">\n<p data-start=\"2798\" data-end=\"2854\">org\u00e1ny ve\u0159ejn\u00e9 spr\u00e1vy, pokud to vy\u017eaduje pr\u00e1vn\u00ed p\u0159edpis.<\/p>\n<\/li>\n<\/ul>\n<p data-start=\"2856\" data-end=\"2931\">Va\u0161e \u00fadaje nikdy neprod\u00e1v\u00e1me a nenech\u00e1v\u00e1me k dispozici komer\u010dn\u00edm datab\u00e1z\u00edm.<\/p>\n<hr data-start=\"2933\" data-end=\"2936\" \/>\n<h2 data-start=\"2938\" data-end=\"2971\">6. Jak dlouho \u00fadaje uchov\u00e1v\u00e1me<\/h2>\n<p data-start=\"2973\" data-end=\"3026\">\u00dadaje uchov\u00e1v\u00e1me pouze po dobu nezbytn\u011b nutnou, a to:<\/p>\n<ul data-start=\"3028\" data-end=\"3209\">\n<li data-start=\"3028\" data-end=\"3064\">\n<p data-start=\"3030\" data-end=\"3064\">po dobu trv\u00e1n\u00ed smluvn\u00edho vztahu,<\/p>\n<\/li>\n<li data-start=\"3065\" data-end=\"3128\">\n<p data-start=\"3067\" data-end=\"3128\">n\u00e1sledn\u011b po dobu 10 let pro \u00fa\u010dely \u00fa\u010detn\u00ed a da\u0148ov\u00e9 evidence,<\/p>\n<\/li>\n<li data-start=\"3129\" data-end=\"3209\">\n<p data-start=\"3131\" data-end=\"3209\">v p\u0159\u00edpad\u011b souhlasu pro marketingov\u00e9 nebo informa\u010dn\u00ed \u00fa\u010dely a\u017e do jeho odvol\u00e1n\u00ed.<\/p>\n<\/li>\n<\/ul>\n<hr data-start=\"3211\" data-end=\"3214\" \/>\n<h2 data-start=\"3216\" data-end=\"3243\">7. Va\u0161e pr\u00e1va podle GDPR<\/h2>\n<p data-start=\"3245\" data-end=\"3285\">V souladu s GDPR m\u00e1te n\u00e1sleduj\u00edc\u00ed pr\u00e1va:<\/p>\n<ul data-start=\"3287\" data-end=\"3638\">\n<li data-start=\"3287\" data-end=\"3331\">\n<p data-start=\"3289\" data-end=\"3331\">pr\u00e1vo na p\u0159\u00edstup ke sv\u00fdm osobn\u00edm \u00fadaj\u016fm,<\/p>\n<\/li>\n<li data-start=\"3332\" data-end=\"3369\">\n<p data-start=\"3334\" data-end=\"3369\">pr\u00e1vo na opravu nep\u0159esn\u00fdch \u00fadaj\u016f,<\/p>\n<\/li>\n<li data-start=\"3370\" data-end=\"3418\">\n<p data-start=\"3372\" data-end=\"3418\">pr\u00e1vo na v\u00fdmaz (tzv. \u201epr\u00e1vo b\u00fdt zapomenut\u201c),<\/p>\n<\/li>\n<li data-start=\"3419\" data-end=\"3451\">\n<p data-start=\"3421\" data-end=\"3451\">pr\u00e1vo na omezen\u00ed zpracov\u00e1n\u00ed,<\/p>\n<\/li>\n<li data-start=\"3452\" data-end=\"3494\">\n<p data-start=\"3454\" data-end=\"3494\">pr\u00e1vo vzn\u00e9st n\u00e1mitku proti zpracov\u00e1n\u00ed,<\/p>\n<\/li>\n<li data-start=\"3495\" data-end=\"3538\">\n<p data-start=\"3497\" data-end=\"3538\">pr\u00e1vo na p\u0159enos \u00fadaj\u016f k jin\u00e9mu spr\u00e1vci,<\/p>\n<\/li>\n<li data-start=\"3539\" data-end=\"3638\">\n<p data-start=\"3541\" data-end=\"3638\">pr\u00e1vo podat st\u00ed\u017enost u <strong data-start=\"3564\" data-end=\"3600\">\u00da\u0159adu pro ochranu osobn\u00edch \u00fadaj\u016f<\/strong> \u2013 <a class=\"\" href=\"https:\/\/www.uoou.cz\" target=\"_new\" rel=\"noopener\" data-start=\"3603\" data-end=\"3637\">www.uoou.cz<\/a>.<\/p>\n<\/li>\n<\/ul>\n<p data-start=\"3640\" data-end=\"3716\">Ve\u0161ker\u00e1 pr\u00e1va m\u016f\u017eete uplatnit p\u00edsemn\u011b na e-mailov\u00e9 adrese <strong data-start=\"3698\" data-end=\"3716\"><a class=\"cursor-pointer\" rel=\"noopener\" data-start=\"3700\" data-end=\"3714\">info@7seven.cz<\/a><\/strong><\/p>\n<hr data-start=\"3718\" data-end=\"3721\" \/>\n<h2 data-start=\"3723\" data-end=\"3753\">8. Cookies a sledov\u00e1n\u00ed webu<\/h2>\n<p data-start=\"3755\" data-end=\"3941\">Web <strong data-start=\"3759\" data-end=\"3787\">7seven.cz\/helpforseniors<\/strong> pou\u017e\u00edv\u00e1 soubory <strong data-start=\"3804\" data-end=\"3815\">cookies<\/strong> pro zaji\u0161t\u011bn\u00ed pln\u00e9 funk\u010dnosti a z\u00e1kladn\u00ed analytiku n\u00e1v\u0161t\u011bvnosti. Tyto cookies jsou zpracov\u00e1v\u00e1ny na z\u00e1klad\u011b opr\u00e1vn\u011bn\u00e9ho z\u00e1jmu.<\/p>\n<p data-start=\"3943\" data-end=\"4073\">Cookies neslou\u017e\u00ed ke sledov\u00e1n\u00ed konkr\u00e9tn\u00edch osob a lze je kdykoliv zak\u00e1zat nebo upravit v nastaven\u00ed va\u0161eho internetov\u00e9ho prohl\u00ed\u017ee\u010de.<\/p>\n<hr data-start=\"4075\" data-end=\"4078\" \/>\n<h2 data-start=\"4080\" data-end=\"4106\">9. Z\u00e1v\u011bre\u010dn\u00e1 ustanoven\u00ed<\/h2>\n<p data-start=\"4108\" data-end=\"4342\">Tyto z\u00e1sady nab\u00fdvaj\u00ed \u00fa\u010dinnosti dnem <strong data-start=\"4144\" data-end=\"4159\">26. 7. 2025<\/strong>.<br data-start=\"4160\" data-end=\"4163\" \/>Provozovatel si vyhrazuje pr\u00e1vo tento dokument kdykoli aktualizovat dle legislativn\u00edch zm\u011bn nebo \u00fapravy poskytovan\u00fdch slu\u017eeb. V\u0161echny zm\u011bny budou zve\u0159ejn\u011bny na webov\u00fdch str\u00e1nk\u00e1ch.<\/p>\n<hr data-start=\"4344\" data-end=\"4347\" \/>\n<p data-start=\"4349\" data-end=\"4468\">\ud83d\udfe3 <strong data-start=\"4352\" data-end=\"4397\">M\u00e1te dotazy ke zpracov\u00e1n\u00ed osobn\u00edch \u00fadaj\u016f? <\/strong>Kontaktujte n\u00e1s kdykoliv na: <strong><a class=\"cursor-pointer\" rel=\"noopener\" data-start=\"4429\" data-end=\"4468\">info@7seven.cz<\/a><\/strong><\/p>\n","protected":false},"excerpt":{"rendered":"<p>Z\u00e1sady zpracov\u00e1n\u00ed osobn\u00edch \u00fadaj\u016f (GDPR) pro web a slu\u017eby 7seven.cz\/helpforseniors Provozovatel: Petr Vobo\u0159il7seven.cz\/helpforseniorsU Kamenn\u00fdch L\u00e1zn\u00ed 238\/37415 01 TepliceI\u010cO: 867 52 421E-mail: info@7seven.czTelefon: +420 777 977 637 1. \u00davodn\u00ed ustanoven\u00ed Tento dokument obsahuje z\u00e1sady zpracov\u00e1n\u00ed osobn\u00edch \u00fadaj\u016f v souladu s na\u0159\u00edzen\u00edm Evropsk\u00e9ho parlamentu a Rady (EU) 2016\/679 (GDPR) a z\u00e1konem \u010d.\u202f110\/2019 Sb., o zpracov\u00e1n\u00ed osobn\u00edch \u00fadaj\u016f. &#8230; <a title=\"Podm\u00ednky GDPR\" class=\"read-more\" href=\"https:\/\/7seven.cz\/helpforseniors\/podminky-gdpr\/\" aria-label=\"\u010c\u00edst v\u00edce o Podm\u00ednky GDPR\">\u010c\u00edst d\u00e1l<\/a><\/p>\n","protected":false},"author":1,"featured_media":0,"parent":0,"menu_order":0,"comment_status":"closed","ping_status":"closed","template":"","meta":{"footnotes":""},"class_list":["post-54","page","type-page","status-publish"],"_links":{"self":[{"href":"https:\/\/7seven.cz\/helpforseniors\/wp-json\/wp\/v2\/pages\/54","targetHints":{"allow":["GET"]}}],"collection":[{"href":"https:\/\/7seven.cz\/helpforseniors\/wp-json\/wp\/v2\/pages"}],"about":[{"href":"https:\/\/7seven.cz\/helpforseniors\/wp-json\/wp\/v2\/types\/page"}],"author":[{"embeddable":true,"href":"https:\/\/7seven.cz\/helpforseniors\/wp-json\/wp\/v2\/users\/1"}],"replies":[{"embeddable":true,"href":"https:\/\/7seven.cz\/helpforseniors\/wp-json\/wp\/v2\/comments?post=54"}],"version-history":[{"count":1,"href":"https:\/\/7seven.cz\/helpforseniors\/wp-json\/wp\/v2\/pages\/54\/revisions"}],"predecessor-version":[{"id":55,"href":"https:\/\/7seven.cz\/helpforseniors\/wp-json\/wp\/v2\/pages\/54\/revisions\/55"}],"wp:attachment":[{"href":"https:\/\/7seven.cz\/helpforseniors\/wp-json\/wp\/v2\/media?parent=54"}],"curies":[{"name":"wp","href":"https:\/\/api.w.org\/{rel}","templated":true}]}}