{"id":36,"date":"2025-07-26T15:05:16","date_gmt":"2025-07-26T15:05:16","guid":{"rendered":"https:\/\/7seven.cz\/helpforseniors\/?page_id=36"},"modified":"2025-07-26T15:16:07","modified_gmt":"2025-07-26T15:16:07","slug":"nase-sluzby","status":"publish","type":"page","link":"https:\/\/7seven.cz\/helpforseniors\/nase-sluzby\/","title":{"rendered":"Na\u0161e slu\u017eby"},"content":{"rendered":"<h2 data-start=\"240\" data-end=\"601\">Pomoc senior\u016fm nem\u00e1 b\u00fdt slo\u017eit\u00e1. M\u00e1 b\u00fdt lidsk\u00e1, dostupn\u00e1 a smyslupln\u00e1.<\/h2>\n<p data-start=\"240\" data-end=\"601\">V projektu <strong data-start=\"328\" data-end=\"348\">HELP for Seniors<\/strong> poskytujeme podporu v ka\u017edodenn\u00edch situac\u00edch, kter\u00e9 mohou b\u00fdt pro star\u0161\u00ed lidi n\u00e1ro\u010dn\u00e9 \u2013 a p\u0159itom b\u011b\u017en\u00e9. Neposkytujeme obecn\u00e9 rady z internetu. Nab\u00edz\u00edme konkr\u00e9tn\u00ed pomoc, lidsk\u00fd p\u0159\u00edstup a porozum\u011bn\u00ed bez souzen\u00ed. Pom\u00e1h\u00e1me t\u011bm, kte\u0159\u00ed si to zaslou\u017e\u00ed nejv\u00edc.<\/p>\n<p data-start=\"240\" data-end=\"601\"><img loading=\"lazy\" decoding=\"async\" class=\"aligncenter wp-image-37 size-full\" src=\"http:\/\/7seven.cz\/helpforseniors\/wp-content\/uploads\/2025\/07\/ChatGPT-Image-26.-7.-2025-17_04_35.png\" alt=\"\" width=\"1536\" height=\"1024\" srcset=\"https:\/\/7seven.cz\/helpforseniors\/wp-content\/uploads\/2025\/07\/ChatGPT-Image-26.-7.-2025-17_04_35.png 1536w, https:\/\/7seven.cz\/helpforseniors\/wp-content\/uploads\/2025\/07\/ChatGPT-Image-26.-7.-2025-17_04_35-300x200.png 300w, https:\/\/7seven.cz\/helpforseniors\/wp-content\/uploads\/2025\/07\/ChatGPT-Image-26.-7.-2025-17_04_35-1024x683.png 1024w, https:\/\/7seven.cz\/helpforseniors\/wp-content\/uploads\/2025\/07\/ChatGPT-Image-26.-7.-2025-17_04_35-768x512.png 768w\" sizes=\"auto, (max-width: 1536px) 100vw, 1536px\" \/><\/p>\n<p data-start=\"603\" data-end=\"857\">Na\u0161e slu\u017eby jsou ur\u010deny nejen senior\u016fm samotn\u00fdm, ale tak\u00e9 jejich bl\u00edzk\u00fdm, pe\u010duj\u00edc\u00edm osob\u00e1m a t\u011bm, kte\u0159\u00ed se v dobr\u00e9 v\u00ed\u0159e sna\u017e\u00ed pom\u00e1hat \u2013 ale ne v\u017edy v\u011bd\u00ed jak. V\u011b\u0159\u00edme, \u017ee kdy\u017e \u010dlov\u011bk v\u00ed, kam se obr\u00e1tit, m\u00e1 v\u011bt\u0161\u00ed \u0161anci z\u016fstat samostatn\u00fd, d\u016fstojn\u00fd a v klidu.<\/p>\n<hr data-start=\"859\" data-end=\"862\" \/>\n<h3 data-start=\"864\" data-end=\"899\">\ud83d\udc9c Pom\u00e1h\u00e1me v t\u011bchto oblastech:<\/h3>\n<h4 data-start=\"901\" data-end=\"932\">\ud83c\udfe1 <strong data-start=\"909\" data-end=\"932\">Bydlen\u00ed a dom\u00e1cnost<\/strong><\/h4>\n<ul data-start=\"933\" data-end=\"1176\">\n<li data-start=\"933\" data-end=\"997\">\n<p data-start=\"935\" data-end=\"997\">poradenstv\u00ed p\u0159i hled\u00e1n\u00ed bezbari\u00e9rov\u00e9ho \u010di chr\u00e1n\u011bn\u00e9ho bydlen\u00ed<\/p>\n<\/li>\n<li data-start=\"998\" data-end=\"1062\">\n<p data-start=\"1000\" data-end=\"1062\">pomoc s p\u0159estavbou st\u00e1vaj\u00edc\u00edho bytu na bezpe\u010dn\u011bj\u0161\u00ed prost\u0159ed\u00ed<\/p>\n<\/li>\n<li data-start=\"1063\" data-end=\"1122\">\n<p data-start=\"1065\" data-end=\"1122\">doporu\u010den\u00ed ov\u011b\u0159en\u00fdch \u0159emesln\u00edk\u016f na men\u0161\u00ed i v\u011bt\u0161\u00ed \u00fapravy<\/p>\n<\/li>\n<li data-start=\"1123\" data-end=\"1176\">\n<p data-start=\"1125\" data-end=\"1176\">rady ohledn\u011b n\u00e1rok\u016f na p\u0159\u00edsp\u011bvky spojen\u00e9 s bydlen\u00edm<\/p>\n<\/li>\n<\/ul>\n<h4 data-start=\"1178\" data-end=\"1208\">\ud83d\ude95 <strong data-start=\"1186\" data-end=\"1208\">Doprava a doprovod<\/strong><\/h4>\n<ul data-start=\"1209\" data-end=\"1409\">\n<li data-start=\"1209\" data-end=\"1265\">\n<p data-start=\"1211\" data-end=\"1265\">zaji\u0161t\u011bn\u00ed p\u0159epravy k l\u00e9ka\u0159i, na \u00fa\u0159ady nebo na n\u00e1kupy<\/p>\n<\/li>\n<li data-start=\"1266\" data-end=\"1318\">\n<p data-start=\"1268\" data-end=\"1318\">doprovod senior\u016f, kte\u0159\u00ed maj\u00ed obavu cestovat sami<\/p>\n<\/li>\n<li data-start=\"1319\" data-end=\"1360\">\n<p data-start=\"1321\" data-end=\"1360\">kontakt na spolehliv\u00e9 a f\u00e9rov\u00e9 \u0159idi\u010de<\/p>\n<\/li>\n<li data-start=\"1361\" data-end=\"1409\">\n<p data-start=\"1363\" data-end=\"1409\">pomoc s orientac\u00ed v MHD i v syst\u00e9mu SeniorPas\u016f<\/p>\n<\/li>\n<\/ul>\n<h4 data-start=\"1411\" data-end=\"1446\">\ud83c\udfe5 <strong data-start=\"1419\" data-end=\"1446\">Zdravotn\u00ed a dom\u00e1c\u00ed p\u00e9\u010de<\/strong><\/h4>\n<ul data-start=\"1447\" data-end=\"1669\">\n<li data-start=\"1447\" data-end=\"1507\">\n<p data-start=\"1449\" data-end=\"1507\">zprost\u0159edkov\u00e1n\u00ed kontakt\u016f na dom\u00e1c\u00ed o\u0161et\u0159ovatelsk\u00e9 slu\u017eby<\/p>\n<\/li>\n<li data-start=\"1508\" data-end=\"1571\">\n<p data-start=\"1510\" data-end=\"1571\">poradenstv\u00ed ohledn\u011b p\u0159\u00edsp\u011bvku na p\u00e9\u010di a zdravotn\u00edch pom\u016fcek<\/p>\n<\/li>\n<li data-start=\"1572\" data-end=\"1618\">\n<p data-start=\"1574\" data-end=\"1618\">p\u0159ehled dostupn\u00fdch l\u00e9ka\u0159\u016f ve va\u0161em regionu<\/p>\n<\/li>\n<li data-start=\"1619\" data-end=\"1669\">\n<p data-start=\"1621\" data-end=\"1669\">informace o preventivn\u00edch prohl\u00eddk\u00e1ch a o\u010dkov\u00e1n\u00ed<\/p>\n<\/li>\n<\/ul>\n<h4 data-start=\"1671\" data-end=\"1720\">\ud83d\udee1\ufe0f <strong data-start=\"1680\" data-end=\"1720\">Ochrana p\u0159ed podvodn\u00edky a manipulac\u00ed<\/strong><\/h4>\n<ul data-start=\"1721\" data-end=\"1907\">\n<li data-start=\"1721\" data-end=\"1786\">\n<p data-start=\"1723\" data-end=\"1786\">vysv\u011btlen\u00ed typick\u00fdch trik\u016f telefonn\u00edch a podomn\u00edch podvodn\u00edk\u016f<\/p>\n<\/li>\n<li data-start=\"1787\" data-end=\"1824\">\n<p data-start=\"1789\" data-end=\"1824\">co d\u011blat, kdy\u017e u\u017e k podvodu do\u0161lo<\/p>\n<\/li>\n<li data-start=\"1825\" data-end=\"1869\">\n<p data-start=\"1827\" data-end=\"1869\">jak bezpe\u010dn\u011b odm\u00edtnout nev\u00fdhodn\u00e9 nab\u00eddky<\/p>\n<\/li>\n<li data-start=\"1870\" data-end=\"1907\">\n<p data-start=\"1872\" data-end=\"1907\">pomoc p\u0159i \u0159e\u0161en\u00ed probl\u00e9mov\u00fdch smluv<\/p>\n<\/li>\n<li data-start=\"1870\" data-end=\"1907\">\u00fazk\u00e1 spolupr\u00e1ce s Polici\u00ed \u010cR<\/li>\n<\/ul>\n<h4 data-start=\"1909\" data-end=\"1943\">\ud83d\udcc4 <strong data-start=\"1917\" data-end=\"1943\">Pomoc s \u00fa\u0159ady a pap\u00edry<\/strong><\/h4>\n<ul data-start=\"1944\" data-end=\"2122\">\n<li data-start=\"1944\" data-end=\"1994\">\n<p data-start=\"1946\" data-end=\"1994\">poradenstv\u00ed p\u0159i vypl\u0148ov\u00e1n\u00ed \u017e\u00e1dost\u00ed a formul\u00e1\u0159\u016f<\/p>\n<\/li>\n<li data-start=\"1995\" data-end=\"2036\">\n<p data-start=\"1997\" data-end=\"2036\">orientace v syst\u00e9mu d\u00e1vek a p\u0159\u00edsp\u011bvk\u016f<\/p>\n<\/li>\n<li data-start=\"2037\" data-end=\"2072\">\n<p data-start=\"2039\" data-end=\"2072\">pomoc s \u0159e\u0161en\u00edm exekuc\u00ed a dluh\u016f<\/p>\n<\/li>\n<li data-start=\"2073\" data-end=\"2122\">\n<p data-start=\"2075\" data-end=\"2122\">srozumiteln\u00e9 vysv\u011btlen\u00ed ofici\u00e1ln\u00ed korespondence<\/p>\n<\/li>\n<li data-start=\"2073\" data-end=\"2122\">pr\u00e1vn\u00ed podpora a poradenstv\u00ed<\/li>\n<\/ul>\n<h4 data-start=\"2124\" data-end=\"2158\">\ud83d\udc75 <strong data-start=\"2132\" data-end=\"2158\">Podpora du\u0161evn\u00ed pohody<\/strong><\/h4>\n<ul data-start=\"2159\" data-end=\"2376\">\n<li data-start=\"2159\" data-end=\"2216\">\n<p data-start=\"2161\" data-end=\"2216\">kontakty na psychologickou pomoc zam\u011b\u0159enou na seniory<\/p>\n<\/li>\n<li data-start=\"2217\" data-end=\"2271\">\n<p data-start=\"2219\" data-end=\"2271\">informace o komunitn\u00edch a volno\u010dasov\u00fdch aktivit\u00e1ch<\/p>\n<\/li>\n<li data-start=\"2272\" data-end=\"2322\">\n<p data-start=\"2274\" data-end=\"2322\">podpora p\u0159i osam\u011blosti, \u00fazkosti nebo nejistot\u011b<\/p>\n<\/li>\n<li data-start=\"2323\" data-end=\"2376\">\n<p data-start=\"2325\" data-end=\"2376\">mo\u017enost pravideln\u00e9ho kontaktu s d\u016fv\u011bryhodnou osobou<\/p>\n<\/li>\n<\/ul>\n<hr data-start=\"2378\" data-end=\"2381\" \/>\n<h3 data-start=\"2383\" data-end=\"2415\">\ud83e\udd1d Pro\u010d si vybrat pr\u00e1v\u011b n\u00e1s?<\/h3>\n<p data-start=\"2417\" data-end=\"2764\"><strong data-start=\"2417\" data-end=\"2478\">Nab\u00edz\u00edme v\u00edc ne\u017e jen informace. Nab\u00edz\u00edme konkr\u00e9tn\u00ed pomoc.<\/strong><br data-start=\"2478\" data-end=\"2481\" \/>Nesed\u00edme v kancel\u00e1\u0159\u00edch a nemluv\u00edme slo\u017eit\u011b. Um\u00edme jednat lidsky a v\u011bcn\u011b. Naslouch\u00e1me \u2013 a pak jedn\u00e1me. Ka\u017ed\u00fd p\u0159\u00edpad \u0159e\u0161\u00edme individu\u00e1ln\u011b, diskr\u00e9tn\u011b a bez zbyte\u010dn\u00e9 administrativy. Na\u0161i spolupracovn\u00edci jsou odborn\u00edci, kte\u0159\u00ed maj\u00ed zku\u0161enosti nejen z oblasti soci\u00e1ln\u00ed p\u00e9\u010de, ale i ze \u017eivota.<\/p>\n<p data-start=\"2766\" data-end=\"2986\">Pom\u00e1h\u00e1me tam, kde \u010dasto nen\u00ed sly\u0161et hlas t\u011bch, kte\u0159\u00ed to nejv\u00edce pot\u0159ebuj\u00ed. A\u0165 u\u017e jde o seniora, kter\u00fd z\u016fstal s\u00e1m, o pe\u010duj\u00edc\u00ed dceru, kter\u00e1 u\u017e nem\u016f\u017ee d\u00e1l, nebo o vnuka, kter\u00fd chce pomoct babi\u010dce s pap\u00edry \u2013 jsme tu pro v\u00e1s.<\/p>\n<hr data-start=\"2988\" data-end=\"2991\" \/>\n<h3 data-start=\"2993\" data-end=\"3015\">\u2709\ufe0f Jak to funguje?<\/h3>\n<ol data-start=\"3017\" data-end=\"3260\">\n<li data-start=\"3017\" data-end=\"3076\">\n<p data-start=\"3020\" data-end=\"3076\"><strong data-start=\"3020\" data-end=\"3074\">Ozv\u011bte se n\u00e1m \u2013 napi\u0161te, zavolejte, po\u0161lete dotaz.<\/strong><\/p>\n<\/li>\n<li data-start=\"3077\" data-end=\"3131\">\n<p data-start=\"3080\" data-end=\"3131\"><strong data-start=\"3080\" data-end=\"3129\">Spoj\u00edme se s v\u00e1mi a zjist\u00edme, co pot\u0159ebujete.<\/strong><\/p>\n<\/li>\n<li data-start=\"3132\" data-end=\"3201\">\n<p data-start=\"3135\" data-end=\"3201\"><strong data-start=\"3135\" data-end=\"3199\">Navrhneme konkr\u00e9tn\u00ed mo\u017enosti pomoci \u2013 hned nebo do 48 hodin.<\/strong><\/p>\n<\/li>\n<li data-start=\"3202\" data-end=\"3260\">\n<p data-start=\"3205\" data-end=\"3260\"><strong data-start=\"3205\" data-end=\"3260\">Z\u016fstaneme v kontaktu, dokud nebude probl\u00e9m vy\u0159e\u0161en.<\/strong><\/p>\n<\/li>\n<\/ol>\n<p data-start=\"3262\" data-end=\"3391\">Pomoc je v\u017edy <strong>diskr\u00e9tn\u00ed<\/strong> a <strong>nez\u00e1vazn\u00e1<\/strong>. Nechceme, abyste si p\u0159ipadali jako \u010d\u00edslo v syst\u00e9mu. <strong>Ka\u017ed\u00fd dotaz je pro n\u00e1s d\u016fle\u017eit\u00fd.<\/strong><\/p>\n<hr \/>\n<h2 data-start=\"102\" data-end=\"134\">Napi\u0161te n\u00e1m \u2013 jsme tu pro v\u00e1s<\/h2>\n<p data-start=\"136\" data-end=\"292\"><strong data-start=\"136\" data-end=\"208\">A\u0165 u\u017e pot\u0159ebujete radu, pomoc nebo se jen na n\u011bco zeptat, ozv\u011bte se. <\/strong>Odpov\u00edme co nejd\u0159\u00edve a spole\u010dn\u011b najdeme nejlep\u0161\u00ed \u0159e\u0161en\u00ed pro v\u00e1s nebo va\u0161e bl\u00edzk\u00e9.<\/p>\n<p data-start=\"3262\" data-end=\"3391\"><style id=\"wpforms-css-vars-39\">\n\t\t\t\t#wpforms-39 {\n\t\t\t\t\n\t\t\t}\n\t\t\t<\/style><div class=\"wpforms-container wpforms-container-full wpforms-render-modern\" id=\"wpforms-39\"><form id=\"wpforms-form-39\" class=\"wpforms-validate wpforms-form wpforms-ajax-form\" data-formid=\"39\" method=\"post\" enctype=\"multipart\/form-data\" action=\"\/helpforseniors\/wp-json\/wp\/v2\/pages\/36\" data-token=\"e32e654cc933cacfce4fc3fec1b02955\" data-token-time=\"1776693768\"><div class=\"wpforms-head-container\"><\/div><noscript class=\"wpforms-error-noscript\">Chcete-li vyplnit tento formul\u00e1\u0159, pros\u00edm povolte v prohl\u00ed\u017ee\u010di JavaScript.<\/noscript><div id=\"wpforms-error-noscript\" style=\"display: none;\">Chcete-li vyplnit tento formul\u00e1\u0159, pros\u00edm povolte v prohl\u00ed\u017ee\u010di JavaScript.<\/div><div class=\"wpforms-field-container\">\t\t<div id=\"wpforms-39-field_3-container\"\n\t\t\tclass=\"wpforms-field wpforms-field-text\"\n\t\t\tdata-field-type=\"text\"\n\t\t\tdata-field-id=\"3\"\n\t\t\t>\n\t\t\t<label class=\"wpforms-field-label\" for=\"wpforms-39-field_3\" >Jm\u00e9no dotaz se<\/label>\n\t\t\t<input type=\"text\" id=\"wpforms-39-field_3\" class=\"wpforms-field-medium\" name=\"wpforms[fields][3]\" >\n\t\t<\/div>\n\t\t<div id=\"wpforms-39-field_1-container\" class=\"wpforms-field wpforms-field-name\" data-field-id=\"1\"><fieldset><legend class=\"wpforms-field-label\">Jm\u00e9no a p\u0159\u00edjmen\u00ed <span class=\"wpforms-required-label\" aria-hidden=\"true\">*<\/span><\/legend><div class=\"wpforms-field-row wpforms-field-large\"><div class=\"wpforms-field-row-block wpforms-first wpforms-one-half\"><input type=\"text\" id=\"wpforms-39-field_1\" class=\"wpforms-field-name-first wpforms-field-required\" name=\"wpforms[fields][1][first]\" aria-errormessage=\"wpforms-39-field_1-error\" required><label for=\"wpforms-39-field_1\" class=\"wpforms-field-sublabel after\">K\u0159estn\u00ed jm\u00e9no<\/label><\/div><div class=\"wpforms-field-row-block wpforms-one-half\"><input type=\"text\" id=\"wpforms-39-field_1-last\" class=\"wpforms-field-name-last wpforms-field-required\" name=\"wpforms[fields][1][last]\" aria-errormessage=\"wpforms-39-field_1-last-error\" required><label for=\"wpforms-39-field_1-last\" class=\"wpforms-field-sublabel after\">P\u0159\u00edjmen\u00ed<\/label><\/div><\/div><\/fieldset><\/div><div id=\"wpforms-39-field_2-container\" class=\"wpforms-field wpforms-field-email\" data-field-id=\"2\"><label class=\"wpforms-field-label\" for=\"wpforms-39-field_2\">E-mail<\/label><input type=\"email\" id=\"wpforms-39-field_2\" class=\"wpforms-field-medium\" name=\"wpforms[fields][2]\" spellcheck=\"false\" aria-errormessage=\"wpforms-39-field_2-error\" ><\/div><div id=\"wpforms-39-field_7-container\" class=\"wpforms-field wpforms-field-select wpforms-field-select-style-classic\" data-field-id=\"7\"><label class=\"wpforms-field-label\" for=\"wpforms-39-field_7\">\u010ceho se dotaz t\u00fdk\u00e1<\/label><select id=\"wpforms-39-field_7\" class=\"wpforms-field-medium\" name=\"wpforms[fields][7]\"><option value=\"Pomoc s bydlen\u00edm a dom\u00e1cnost\u00ed\"  class=\"choice-1 depth-1\"  >Pomoc s bydlen\u00edm a dom\u00e1cnost\u00ed<\/option><option value=\"Doprava a doprovod k l\u00e9ka\u0159i, na \u00fa\u0159ady\"  class=\"choice-2 depth-1\"  >Doprava a doprovod k l\u00e9ka\u0159i, na \u00fa\u0159ady<\/option><option value=\"Zdravotn\u00ed a dom\u00e1c\u00ed p\u00e9\u010de\"  class=\"choice-3 depth-1\"  >Zdravotn\u00ed a dom\u00e1c\u00ed p\u00e9\u010de<\/option><option value=\"Ochrana p\u0159ed podvodn\u00edky a manipulac\u00ed\"  class=\"choice-4 depth-1\"  >Ochrana p\u0159ed podvodn\u00edky a manipulac\u00ed<\/option><option value=\"N\u011bco jin\u00e9ho...\"  class=\"choice-5 depth-1\"  >N\u011bco jin\u00e9ho...<\/option><\/select><\/div><div id=\"wpforms-39-field_4-container\" class=\"wpforms-field wpforms-field-textarea\" data-field-id=\"4\"><label class=\"wpforms-field-label\" for=\"wpforms-39-field_4\">Vzkaz<\/label><textarea id=\"wpforms-39-field_4\" class=\"wpforms-field-medium\" name=\"wpforms[fields][4]\" aria-errormessage=\"wpforms-39-field_4-error\" ><\/textarea><\/div><script>\n\t\t\t\t( function() {\n\t\t\t\t\tconst style = document.createElement( 'style' );\n\t\t\t\t\tstyle.appendChild( document.createTextNode( '#wpforms-39-field_3-container { position: absolute !important; overflow: hidden !important; display: inline !important; height: 1px !important; width: 1px !important; z-index: -1000 !important; padding: 0 !important; } #wpforms-39-field_3-container input { visibility: hidden; } #wpforms-conversational-form-page #wpforms-39-field_3-container label { counter-increment: none; }' ) );\n\t\t\t\t\tdocument.head.appendChild( style );\n\t\t\t\t\tdocument.currentScript?.remove();\n\t\t\t\t} )();\n\t\t\t<\/script><\/div><!-- .wpforms-field-container --><div class=\"wpforms-submit-container\" ><input type=\"hidden\" name=\"wpforms[id]\" value=\"39\"><input type=\"hidden\" name=\"page_title\" value=\"\"><input type=\"hidden\" name=\"page_url\" value=\"https:\/\/7seven.cz\/helpforseniors\/wp-json\/wp\/v2\/pages\/36\"><input type=\"hidden\" name=\"url_referer\" value=\"\"><button type=\"submit\" name=\"wpforms[submit]\" id=\"wpforms-submit-39\" class=\"wpforms-submit\" data-alt-text=\"Odes\u00edl\u00e1ni...\" data-submit-text=\"Odeslat\" aria-live=\"assertive\" value=\"wpforms-submit\">Odeslat<\/button><img loading=\"lazy\" decoding=\"async\" src=\"https:\/\/7seven.cz\/helpforseniors\/wp-content\/plugins\/wpforms-lite\/assets\/images\/submit-spin.svg\" class=\"wpforms-submit-spinner\" style=\"display: none;\" width=\"26\" height=\"26\" alt=\"Na\u010d\u00edt\u00e1n\u00ed\"><\/div><\/form><\/div>  <!-- .wpforms-container --><\/p>\n","protected":false},"excerpt":{"rendered":"<p>Pomoc senior\u016fm nem\u00e1 b\u00fdt slo\u017eit\u00e1. M\u00e1 b\u00fdt lidsk\u00e1, dostupn\u00e1 a smyslupln\u00e1. V projektu HELP for Seniors poskytujeme podporu v ka\u017edodenn\u00edch situac\u00edch, kter\u00e9 mohou b\u00fdt pro star\u0161\u00ed lidi n\u00e1ro\u010dn\u00e9 \u2013 a p\u0159itom b\u011b\u017en\u00e9. Neposkytujeme obecn\u00e9 rady z internetu. Nab\u00edz\u00edme konkr\u00e9tn\u00ed pomoc, lidsk\u00fd p\u0159\u00edstup a porozum\u011bn\u00ed bez souzen\u00ed. Pom\u00e1h\u00e1me t\u011bm, kte\u0159\u00ed si to zaslou\u017e\u00ed nejv\u00edc. Na\u0161e slu\u017eby &#8230; <a title=\"Na\u0161e slu\u017eby\" class=\"read-more\" href=\"https:\/\/7seven.cz\/helpforseniors\/nase-sluzby\/\" aria-label=\"\u010c\u00edst v\u00edce o Na\u0161e slu\u017eby\">\u010c\u00edst d\u00e1l<\/a><\/p>\n","protected":false},"author":1,"featured_media":0,"parent":0,"menu_order":0,"comment_status":"closed","ping_status":"closed","template":"","meta":{"footnotes":""},"class_list":["post-36","page","type-page","status-publish"],"_links":{"self":[{"href":"https:\/\/7seven.cz\/helpforseniors\/wp-json\/wp\/v2\/pages\/36","targetHints":{"allow":["GET"]}}],"collection":[{"href":"https:\/\/7seven.cz\/helpforseniors\/wp-json\/wp\/v2\/pages"}],"about":[{"href":"https:\/\/7seven.cz\/helpforseniors\/wp-json\/wp\/v2\/types\/page"}],"author":[{"embeddable":true,"href":"https:\/\/7seven.cz\/helpforseniors\/wp-json\/wp\/v2\/users\/1"}],"replies":[{"embeddable":true,"href":"https:\/\/7seven.cz\/helpforseniors\/wp-json\/wp\/v2\/comments?post=36"}],"version-history":[{"count":3,"href":"https:\/\/7seven.cz\/helpforseniors\/wp-json\/wp\/v2\/pages\/36\/revisions"}],"predecessor-version":[{"id":45,"href":"https:\/\/7seven.cz\/helpforseniors\/wp-json\/wp\/v2\/pages\/36\/revisions\/45"}],"wp:attachment":[{"href":"https:\/\/7seven.cz\/helpforseniors\/wp-json\/wp\/v2\/media?parent=36"}],"curies":[{"name":"wp","href":"https:\/\/api.w.org\/{rel}","templated":true}]}}