{"id":33,"date":"2025-07-26T14:51:41","date_gmt":"2025-07-26T14:51:41","guid":{"rendered":"https:\/\/7seven.cz\/helpforseniors\/?page_id=33"},"modified":"2025-07-26T14:51:41","modified_gmt":"2025-07-26T14:51:41","slug":"o-nas","status":"publish","type":"page","link":"https:\/\/7seven.cz\/helpforseniors\/o-nas\/","title":{"rendered":"O n\u00e1s"},"content":{"rendered":"<h2 data-start=\"230\" data-end=\"271\">Srdcem pro seniory, rozumem pro \u0159e\u0161en\u00ed<\/h2>\n<h3 data-start=\"273\" data-end=\"357\">Pom\u00e1hat nen\u00ed fr\u00e1ze. Je to rozhodnut\u00ed st\u00e1t p\u0159i t\u011bch, kte\u0159\u00ed si to zaslou\u017e\u00ed nejv\u00edc.<\/h3>\n<p data-start=\"359\" data-end=\"675\">Projekt <strong data-start=\"367\" data-end=\"387\">HELP for Seniors<\/strong> vznikl z jednoduch\u00e9, ale siln\u00e9 my\u0161lenky: <strong data-start=\"429\" data-end=\"522\">nep\u0159ihl\u00ed\u017eet, kdy\u017e n\u011bkdo pot\u0159ebuje pomoc, a m\u00edsto pr\u00e1zdn\u00fdch slov nab\u00eddnout skute\u010dn\u00e9 \u0159e\u0161en\u00ed<\/strong>. Nejde n\u00e1m o sliby ani velk\u00e9 slogany. Jde n\u00e1m o lidi. O seniory, kte\u0159\u00ed \u010del\u00ed ka\u017edodenn\u00edm probl\u00e9m\u016fm, a \u010dasto nemaj\u00ed nikoho, kdo by jim pomohl je p\u0159ekonat.<\/p>\n<p data-start=\"359\" data-end=\"675\"><img loading=\"lazy\" decoding=\"async\" class=\"aligncenter wp-image-34 size-full\" src=\"http:\/\/7seven.cz\/helpforseniors\/wp-content\/uploads\/2025\/07\/ChatGPT-Image-26.-7.-2025-16_51_03.png\" alt=\"\" width=\"1536\" height=\"1024\" srcset=\"https:\/\/7seven.cz\/helpforseniors\/wp-content\/uploads\/2025\/07\/ChatGPT-Image-26.-7.-2025-16_51_03.png 1536w, https:\/\/7seven.cz\/helpforseniors\/wp-content\/uploads\/2025\/07\/ChatGPT-Image-26.-7.-2025-16_51_03-300x200.png 300w, https:\/\/7seven.cz\/helpforseniors\/wp-content\/uploads\/2025\/07\/ChatGPT-Image-26.-7.-2025-16_51_03-1024x683.png 1024w, https:\/\/7seven.cz\/helpforseniors\/wp-content\/uploads\/2025\/07\/ChatGPT-Image-26.-7.-2025-16_51_03-768x512.png 768w\" sizes=\"auto, (max-width: 1536px) 100vw, 1536px\" \/><\/p>\n<p data-start=\"677\" data-end=\"905\">Stoj\u00edme na stran\u011b t\u011bch, kte\u0159\u00ed u\u017e za\u017eili dost na to, aby v\u011bd\u011bli, \u017ee sv\u011bt se nezm\u011bn\u00ed slovy. Proto <strong data-start=\"773\" data-end=\"790\">pom\u00e1h\u00e1me \u010diny<\/strong> \u2013 konkr\u00e9tn\u00edmi kroky, radami, slu\u017ebami a podporou. Na\u0161e pr\u00e1ce je o trp\u011blivosti, respektu a p\u0159edev\u0161\u00edm o naslouch\u00e1n\u00ed.<\/p>\n<p data-start=\"907\" data-end=\"1154\">Pod hlavi\u010dkou agentury <a href=\"https:\/\/7seven.cz\/\"><strong data-start=\"930\" data-end=\"943\">7seven.cz<\/strong><\/a>, kterou vede <strong data-start=\"957\" data-end=\"973\">Petr Vobo\u0159il<\/strong>, spojujeme s\u00ed\u0165 odborn\u00edk\u016f, dobrovoln\u00edk\u016f, pe\u010dovatel\u016f a poradc\u016f. Spole\u010dn\u011b vytv\u00e1\u0159\u00edme prostor, kde se senio\u0159i nemus\u00ed styd\u011bt po\u017e\u00e1dat o pomoc. A kde je ka\u017ed\u00e1 ot\u00e1zka vn\u00edm\u00e1na jako d\u016fle\u017eit\u00e1.<\/p>\n<p data-start=\"1156\" data-end=\"1459\">Pom\u00e1h\u00e1me s t\u00edm, co nejv\u00edc t\u00ed\u017e\u00ed \u2013 <strong data-start=\"1189\" data-end=\"1295\">bydlen\u00edm, dopravou, ochranou p\u0159ed podvodn\u00edky, zaji\u0161t\u011bn\u00edm zdravotn\u00ed p\u00e9\u010de nebo vy\u0159izov\u00e1n\u00edm \u00fa\u0159edn\u00edch v\u011bc\u00ed<\/strong>. A\u0165 u\u017e jde o kontakt na spolehliv\u00e9ho \u0159emesln\u00edka, zaji\u0161t\u011bn\u00ed p\u0159epravy k l\u00e9ka\u0159i, nebo podporu p\u0159i \u0159e\u0161en\u00ed pr\u00e1vn\u00edch probl\u00e9m\u016f \u2013 jsme tu jako jist\u00fd bod v nejist\u00e9 situaci.<\/p>\n<p data-start=\"1461\" data-end=\"1708\">Neslibujeme, \u017ee vy\u0159e\u0161\u00edme v\u0161echno. Ale slibujeme, \u017ee <strong data-start=\"1513\" data-end=\"1546\">nenech\u00e1me nikoho bez odpov\u011bdi<\/strong>. A\u0165 u\u017e se na n\u00e1s obr\u00e1t\u00ed senior, jeho bl\u00edzk\u00fd, nebo pe\u010duj\u00edc\u00ed osoba \u2013 sna\u017e\u00edme se v\u017edy naj\u00edt to nejvhodn\u011bj\u0161\u00ed \u0159e\u0161en\u00ed, kter\u00e9 d\u00e1v\u00e1 smysl a nezat\u011b\u017euje v\u00edc, ne\u017e je nutn\u00e9.<\/p>\n<p data-start=\"1710\" data-end=\"1945\">V\u011b\u0159\u00edme, \u017ee pomoc m\u00e1 m\u00edt lidskou tv\u00e1\u0159. A \u017ee v ka\u017ed\u00e9 \u017eivotn\u00ed f\u00e1zi m\u00e1 \u010dlov\u011bk pr\u00e1vo c\u00edtit se bezpe\u010dn\u011b, d\u016fstojn\u011b a pochopen\u011b. Nechceme b\u00fdt dal\u0161\u00ed instituc\u00ed. Chceme b\u00fdt <strong data-start=\"1872\" data-end=\"1885\">partnerem<\/strong>, kter\u00fd m\u00e1 pochopen\u00ed, zku\u0161enost i odvahu j\u00edt do toho s v\u00e1mi.<\/p>\n<p data-start=\"1947\" data-end=\"2152\">Na\u0161e \u010dinnost je postavena na d\u016fv\u011b\u0159e, empatii a profesion\u00e1ln\u00edm p\u0159\u00edstupu. Ka\u017ed\u00fd p\u0159\u00edpad \u0159e\u0161\u00edme individu\u00e1ln\u011b, proto\u017ee ka\u017ed\u00fd \u010dlov\u011bk si zaslou\u017e\u00ed jedine\u010dn\u00fd p\u0159\u00edstup. Nejedn\u00e1me podle tabulek. Jedn\u00e1me podle pot\u0159eby.<\/p>\n<p data-start=\"2154\" data-end=\"2259\">Pokud pot\u0159ebujete pomoc, radu nebo se jen zeptat \u2013 <strong data-start=\"2205\" data-end=\"2218\">ozv\u011bte se<\/strong>. Jsme tu pro v\u00e1s, p\u0159ipraveni naslouchat.<\/p>\n<hr data-start=\"2261\" data-end=\"2264\" \/>\n<p data-start=\"2266\" data-end=\"2328\">\ud83d\udce9 <strong data-start=\"2269\" data-end=\"2288\">Rychl\u00fd kontakt:<\/strong> <a class=\"cursor-pointer\" rel=\"noopener\" data-start=\"2289\" data-end=\"2328\">info@7seven.cz<\/a><\/p>\n","protected":false},"excerpt":{"rendered":"<p>Srdcem pro seniory, rozumem pro \u0159e\u0161en\u00ed Pom\u00e1hat nen\u00ed fr\u00e1ze. Je to rozhodnut\u00ed st\u00e1t p\u0159i t\u011bch, kte\u0159\u00ed si to zaslou\u017e\u00ed nejv\u00edc. Projekt HELP for Seniors vznikl z jednoduch\u00e9, ale siln\u00e9 my\u0161lenky: nep\u0159ihl\u00ed\u017eet, kdy\u017e n\u011bkdo pot\u0159ebuje pomoc, a m\u00edsto pr\u00e1zdn\u00fdch slov nab\u00eddnout skute\u010dn\u00e9 \u0159e\u0161en\u00ed. Nejde n\u00e1m o sliby ani velk\u00e9 slogany. Jde n\u00e1m o lidi. O seniory, &#8230; <a title=\"O n\u00e1s\" class=\"read-more\" href=\"https:\/\/7seven.cz\/helpforseniors\/o-nas\/\" aria-label=\"\u010c\u00edst v\u00edce o O n\u00e1s\">\u010c\u00edst d\u00e1l<\/a><\/p>\n","protected":false},"author":1,"featured_media":0,"parent":0,"menu_order":0,"comment_status":"closed","ping_status":"closed","template":"","meta":{"footnotes":""},"class_list":["post-33","page","type-page","status-publish"],"_links":{"self":[{"href":"https:\/\/7seven.cz\/helpforseniors\/wp-json\/wp\/v2\/pages\/33","targetHints":{"allow":["GET"]}}],"collection":[{"href":"https:\/\/7seven.cz\/helpforseniors\/wp-json\/wp\/v2\/pages"}],"about":[{"href":"https:\/\/7seven.cz\/helpforseniors\/wp-json\/wp\/v2\/types\/page"}],"author":[{"embeddable":true,"href":"https:\/\/7seven.cz\/helpforseniors\/wp-json\/wp\/v2\/users\/1"}],"replies":[{"embeddable":true,"href":"https:\/\/7seven.cz\/helpforseniors\/wp-json\/wp\/v2\/comments?post=33"}],"version-history":[{"count":1,"href":"https:\/\/7seven.cz\/helpforseniors\/wp-json\/wp\/v2\/pages\/33\/revisions"}],"predecessor-version":[{"id":35,"href":"https:\/\/7seven.cz\/helpforseniors\/wp-json\/wp\/v2\/pages\/33\/revisions\/35"}],"wp:attachment":[{"href":"https:\/\/7seven.cz\/helpforseniors\/wp-json\/wp\/v2\/media?parent=33"}],"curies":[{"name":"wp","href":"https:\/\/api.w.org\/{rel}","templated":true}]}}