{"id":51,"date":"2025-07-25T12:44:41","date_gmt":"2025-07-25T12:44:41","guid":{"rendered":"https:\/\/7seven.cz\/catering\/?page_id=51"},"modified":"2025-07-25T12:44:41","modified_gmt":"2025-07-25T12:44:41","slug":"obchodni-podminky","status":"publish","type":"page","link":"https:\/\/7seven.cz\/catering\/obchodni-podminky\/","title":{"rendered":"Obchodn\u00ed podm\u00ednky"},"content":{"rendered":"<p data-pm-slice=\"1 1 []\"><strong>Obchodn\u00ed podm\u00ednky pro web a cateringovou slu\u017ebu 7seven.cz\/catering<\/strong><\/p>\n<p><strong>Provozovatel:<\/strong> <a href=\"http:\/\/7seven.cz\/catering\"><em>7seven.cz\/catering<\/em><\/a><br \/>\nPetr Vobo\u0159il<br \/>\nU Kamenn\u00fdch L\u00e1zn\u00ed 238\/37, 415 01 Teplice<br \/>\nI\u010cO: 867 52 421<br \/>\nE-mail: <a>info@7seven.cz<\/a><br \/>\nTelefon: +420 777 977 637<\/p>\n<div>\n<hr \/>\n<\/div>\n<p><strong>1. \u00davaha \u00fa\u010dinnosti a rozsah podm\u00ednek<\/strong><br \/>\nTyto obchodn\u00ed podm\u00ednky (d\u00e1le jen &#8222;Podm\u00ednky&#8220;) upravuj\u00ed pr\u00e1va a povinnosti mezi provozovatelem slu\u017eby a klientem (objednatelem) p\u0159i poskytov\u00e1n\u00ed cateringov\u00fdch slu\u017eeb i p\u0159i provozu webov\u00fdch str\u00e1nek 7seven.cz\/catering. Jsou v souladu s p\u0159\u00edslu\u0161n\u00fdmi ustanoven\u00edmi ob\u010dansk\u00e9ho z\u00e1kon\u00edku \u010cR (z\u00e1kon \u010d. 89\/2012 Sb.).<\/p>\n<div>\n<hr \/>\n<\/div>\n<p><strong>2. Objedn\u00e1vka a smluvn\u00ed vztah<\/strong><br \/>\nZ\u00e1kazn\u00edk m\u016f\u017ee slu\u017eby objednat elektronicky (e-mailem, webov\u00fdm formul\u00e1\u0159em) nebo osobn\u011b. Objedn\u00e1vka je pova\u017eov\u00e1na za n\u00e1vrh smlouvy a je p\u0159ijata potvrzen\u00edm ze strany provozovatele. Smluvn\u00ed vztah vznik\u00e1 potvrzen\u00edm objedn\u00e1vky.<\/p>\n<div>\n<hr \/>\n<\/div>\n<p><strong>3. Platebn\u00ed podm\u00ednky<\/strong><br \/>\nSplatnost ceny je stanovena na z\u00e1klad\u011b dohody, v\u011bt\u0161inou formou z\u00e1lohov\u00e9 faktury (obvykle 50 % z ceny) a doplatku po akci. V p\u0159\u00edpad\u011b neuhrazen\u00ed z\u00e1lohy nen\u00ed provozovatel povinen slu\u017ebu poskytnout.<\/p>\n<div>\n<hr \/>\n<\/div>\n<p><strong>4. Zru\u0161en\u00ed objedn\u00e1vky a storno podm\u00ednky<\/strong><br \/>\nZ\u00e1kazn\u00edk m\u016f\u017ee zru\u0161it objedn\u00e1vku p\u00edsemn\u011b. P\u0159i zru\u0161en\u00ed akce 5 a v\u00edce dn\u00ed p\u0159ed term\u00ednem bude vr\u00e1cena z\u00e1loha po ode\u010dten\u00ed n\u00e1klad\u016f. P\u0159i zru\u0161en\u00ed akce v krat\u0161\u00ed lh\u016ft\u011b je z\u00e1loha nevratn\u00e1.<\/p>\n<div>\n<hr \/>\n<\/div>\n<p><strong>5. Odpov\u011bdnost a reklamace<\/strong><br \/>\nProvozovatel odpov\u00edd\u00e1 za \u0159\u00e1dn\u00e9 poskytnut\u00ed slu\u017eby v dohodnut\u00e9m rozsahu a kvalit\u011b. Reklamace je nutn\u00e9 uplatnit bez zbyte\u010dn\u00e9ho odkladu, nejpozd\u011bji do 3 dn\u00ed od kon\u00e1n\u00ed akce, p\u00edsemnou formou.<\/p>\n<div>\n<hr \/>\n<\/div>\n<p><strong>6. Omezen\u00ed odpov\u011bdnosti<\/strong><br \/>\nProvozovatel nenese odpov\u011bdnost za \u0161kody zp\u016fsoben\u00e9 v\u00fdjime\u010dn\u00fdmi okolnostmi (nap\u0159. \u017eivel\u00e9 ud\u00e1losti, vl\u00e1dn\u00ed opat\u0159en\u00ed) nebo za n\u00e1sledky spojen\u00e9 s \u00fa\u010dast\u00ed host\u016f (nap\u0159. alergie, dietn\u00ed omezen\u00ed), pokud nebyly p\u0159edem \u0159\u00e1dn\u011b ozn\u00e1meny.<\/p>\n<div>\n<hr \/>\n<\/div>\n<p><strong>7. Ochrana osobn\u00edch \u00fadaj\u016f (GDPR)<\/strong><br \/>\nProvozovatel zpracov\u00e1v\u00e1 osobn\u00ed \u00fadaje v souladu s na\u0159\u00edzen\u00edm GDPR (EU 2016\/679). Ve\u0161ker\u00e9 \u00fadaje slou\u017e\u00ed pouze pro pln\u011bn\u00ed smlouvy a nejsou poskytov\u00e1ny t\u0159et\u00edm stran\u00e1m bez souhlasu. Podrobn\u00e9 informace jsou uvedeny v samostatn\u00e9 sekci &#8222;Z\u00e1sady zpracov\u00e1n\u00ed osobn\u00edch \u00fadaj\u016f&#8220;.<\/p>\n<div>\n<hr \/>\n<\/div>\n<p><strong>8. Z\u00e1v\u011bre\u010dn\u00e1 ustanoven\u00ed<\/strong><br \/>\nTyto podm\u00ednky jsou platn\u00e9 od 25. 7. 2025. Provozovatel si vyhrazuje pr\u00e1vo je aktualizovat. Vztahy se \u0159\u00edd\u00ed pr\u00e1vem \u010cR a p\u0159\u00edpadn\u00e9 spory budou \u0159e\u0161eny podle ob\u010dansk\u00e9ho z\u00e1kon\u00edku \u010cR.<\/p>\n<div>\n<hr \/>\n<\/div>\n<p><em>D\u011bkujeme, \u017ee jste si vybrali 7seven.cz\/catering. Va\u0161e d\u016fv\u011bra je pro n\u00e1s kl\u00ed\u010dov\u00e1.<\/em><\/p>\n","protected":false},"excerpt":{"rendered":"<p>Obchodn\u00ed podm\u00ednky pro web a cateringovou slu\u017ebu 7seven.cz\/catering Provozovatel: 7seven.cz\/catering Petr Vobo\u0159il U Kamenn\u00fdch L\u00e1zn\u00ed 238\/37, 415 01 Teplice I\u010cO: 867 52 421 E-mail: info@7seven.cz Telefon: +420 777 977 637 1. \u00davaha \u00fa\u010dinnosti a rozsah podm\u00ednek Tyto obchodn\u00ed podm\u00ednky (d\u00e1le jen &#8222;Podm\u00ednky&#8220;) upravuj\u00ed pr\u00e1va a povinnosti mezi provozovatelem slu\u017eby a klientem (objednatelem) p\u0159i poskytov\u00e1n\u00ed cateringov\u00fdch &#8230; <a title=\"Obchodn\u00ed podm\u00ednky\" class=\"read-more\" href=\"https:\/\/7seven.cz\/catering\/obchodni-podminky\/\" aria-label=\"\u010c\u00edst v\u00edce o Obchodn\u00ed podm\u00ednky\">\u010c\u00edst d\u00e1l<\/a><\/p>\n","protected":false},"author":1,"featured_media":0,"parent":0,"menu_order":0,"comment_status":"closed","ping_status":"closed","template":"","meta":{"footnotes":""},"class_list":["post-51","page","type-page","status-publish"],"_links":{"self":[{"href":"https:\/\/7seven.cz\/catering\/wp-json\/wp\/v2\/pages\/51","targetHints":{"allow":["GET"]}}],"collection":[{"href":"https:\/\/7seven.cz\/catering\/wp-json\/wp\/v2\/pages"}],"about":[{"href":"https:\/\/7seven.cz\/catering\/wp-json\/wp\/v2\/types\/page"}],"author":[{"embeddable":true,"href":"https:\/\/7seven.cz\/catering\/wp-json\/wp\/v2\/users\/1"}],"replies":[{"embeddable":true,"href":"https:\/\/7seven.cz\/catering\/wp-json\/wp\/v2\/comments?post=51"}],"version-history":[{"count":1,"href":"https:\/\/7seven.cz\/catering\/wp-json\/wp\/v2\/pages\/51\/revisions"}],"predecessor-version":[{"id":52,"href":"https:\/\/7seven.cz\/catering\/wp-json\/wp\/v2\/pages\/51\/revisions\/52"}],"wp:attachment":[{"href":"https:\/\/7seven.cz\/catering\/wp-json\/wp\/v2\/media?parent=51"}],"curies":[{"name":"wp","href":"https:\/\/api.w.org\/{rel}","templated":true}]}}