{"id":43,"date":"2025-07-25T12:29:20","date_gmt":"2025-07-25T12:29:20","guid":{"rendered":"https:\/\/7seven.cz\/catering\/?page_id=43"},"modified":"2025-07-25T12:29:46","modified_gmt":"2025-07-25T12:29:46","slug":"nase-nabidka","status":"publish","type":"page","link":"https:\/\/7seven.cz\/catering\/nase-nabidka\/","title":{"rendered":"Na\u0161e nab\u00eddka"},"content":{"rendered":"<h3 data-start=\"388\" data-end=\"457\">\ud83e\udd42 Kompletn\u00ed catering na kl\u00ed\u010d \u2013 s chut\u00ed, stylem a profesionalitou<\/h3>\n<p data-start=\"459\" data-end=\"660\">V\u011b\u0159\u00edme, \u017ee z\u00e1\u017eitky se tvo\u0159\u00ed z detail\u016f. Proto na\u0161e nab\u00eddka nekon\u010d\u00ed u j\u00eddla \u2013 ale za\u010d\u00edn\u00e1 u celkov\u00e9 atmosf\u00e9ry. Zajist\u00edme v\u00e1m kompletn\u00ed gastronomick\u00fd servis s eleganc\u00ed, flexibilitou a \u0161petkou n\u00e1padu nav\u00edc.<\/p>\n<p data-start=\"459\" data-end=\"660\"><img loading=\"lazy\" decoding=\"async\" class=\"aligncenter wp-image-44 size-full\" src=\"http:\/\/7seven.cz\/catering\/wp-content\/uploads\/2025\/07\/ChatGPT-Image-25.-7.-2025-14_28_48.png\" alt=\"\" width=\"1536\" height=\"1024\" srcset=\"https:\/\/7seven.cz\/catering\/wp-content\/uploads\/2025\/07\/ChatGPT-Image-25.-7.-2025-14_28_48.png 1536w, https:\/\/7seven.cz\/catering\/wp-content\/uploads\/2025\/07\/ChatGPT-Image-25.-7.-2025-14_28_48-300x200.png 300w, https:\/\/7seven.cz\/catering\/wp-content\/uploads\/2025\/07\/ChatGPT-Image-25.-7.-2025-14_28_48-1024x683.png 1024w, https:\/\/7seven.cz\/catering\/wp-content\/uploads\/2025\/07\/ChatGPT-Image-25.-7.-2025-14_28_48-768x512.png 768w\" sizes=\"auto, (max-width: 1536px) 100vw, 1536px\" \/><\/p>\n<hr data-start=\"662\" data-end=\"665\" \/>\n<h3 data-start=\"667\" data-end=\"712\">\ud83e\uddfe <strong data-start=\"674\" data-end=\"712\">Na\u0161e cateringov\u00e1 nab\u00eddka &amp; slu\u017eby zahrnuje:<\/strong><\/h3>\n<h4 data-start=\"714\" data-end=\"748\">\ud83e\udd64 <strong data-start=\"722\" data-end=\"748\">N\u00e1poje \u2013 Nealkoholick\u00e9<\/strong><\/h4>\n<ul data-start=\"749\" data-end=\"1070\">\n<li data-start=\"749\" data-end=\"816\">\n<p data-start=\"751\" data-end=\"816\">dom\u00e1c\u00ed limon\u00e1dy (okurka &amp; m\u00e1ta, citron &amp; levandule, bezov\u00fd kv\u011bt),<\/p>\n<\/li>\n<li data-start=\"817\" data-end=\"858\">\n<p data-start=\"819\" data-end=\"858\">d\u017eusy (pomeran\u010d, jablko, multivitamin),<\/p>\n<\/li>\n<li data-start=\"859\" data-end=\"898\">\n<p data-start=\"861\" data-end=\"898\">miner\u00e1ln\u00ed vody \u2013 perliv\u00e9 i neperliv\u00e9,<\/p>\n<\/li>\n<li data-start=\"899\" data-end=\"966\">\n<p data-start=\"901\" data-end=\"966\">k\u00e1va z pra\u017een\u00e9 v\u00fdb\u011brov\u00e9 sm\u011bsi (espresso, cappuccino, flat white),<\/p>\n<\/li>\n<li data-start=\"967\" data-end=\"1021\">\n<p data-start=\"969\" data-end=\"1021\">\u010daje (\u010dern\u00fd, zelen\u00fd, bylinkov\u00fd \u2013 s medem, citronem),<\/p>\n<\/li>\n<li data-start=\"1022\" data-end=\"1070\">\n<p data-start=\"1024\" data-end=\"1070\">fresh bary s ovocem \u2013 mo\u017enost \u017eiv\u00e9ho mixov\u00e1n\u00ed.<\/p>\n<\/li>\n<\/ul>\n<h4 data-start=\"1072\" data-end=\"1104\">\ud83c\udf77 <strong data-start=\"1080\" data-end=\"1104\">N\u00e1poje \u2013 Alkoholick\u00e9<\/strong><\/h4>\n<ul data-start=\"1105\" data-end=\"1359\">\n<li data-start=\"1105\" data-end=\"1142\">\n<p data-start=\"1107\" data-end=\"1142\">prosecco welcome drinky, aperitivy,<\/p>\n<\/li>\n<li data-start=\"1143\" data-end=\"1215\">\n<p data-start=\"1145\" data-end=\"1215\">v\u00edna \u2013 b\u00edl\u00e1, \u010derven\u00e1, r\u016f\u017eov\u00e1, podle v\u00fdb\u011bru (v\u010detn\u011b moravsk\u00fdch vina\u0159\u016f),<\/p>\n<\/li>\n<li data-start=\"1216\" data-end=\"1291\">\n<p data-start=\"1218\" data-end=\"1291\">m\u00edchan\u00e9 drinky \u2013 Mojito, Aperol Spritz, Negroni, Cuba Libre, Pi\u00f1a Colada,<\/p>\n<\/li>\n<li data-start=\"1292\" data-end=\"1324\">\n<p data-start=\"1294\" data-end=\"1324\">\u010depovan\u00e9 pivo, pivn\u00ed tastingy,<\/p>\n<\/li>\n<li data-start=\"1325\" data-end=\"1359\">\n<p data-start=\"1327\" data-end=\"1359\">pr\u00e9miov\u00e9 rumy, whisky, gin bary.<\/p>\n<\/li>\n<\/ul>\n<h4 data-start=\"1361\" data-end=\"1386\">\ud83c\udf7d\ufe0f <strong data-start=\"1370\" data-end=\"1386\">Hlavn\u00ed j\u00eddla<\/strong><\/h4>\n<ul data-start=\"1387\" data-end=\"1665\">\n<li data-start=\"1387\" data-end=\"1444\">\n<p data-start=\"1389\" data-end=\"1444\">tepl\u00fd bufet (masov\u00e9, vegetari\u00e1nsk\u00e9, vegansk\u00e9 varianty),<\/p>\n<\/li>\n<li data-start=\"1445\" data-end=\"1514\">\n<p data-start=\"1447\" data-end=\"1514\">pe\u010den\u00e1 masa (krocan, vep\u0159ov\u00e1 krkovice, roastbeef, kachna s jablky),<\/p>\n<\/li>\n<li data-start=\"1515\" data-end=\"1560\">\n<p data-start=\"1517\" data-end=\"1560\">mini burgery, tortilly, wrapy a fingerfood,<\/p>\n<\/li>\n<li data-start=\"1561\" data-end=\"1604\">\n<p data-start=\"1563\" data-end=\"1604\">rizota, t\u011bstoviny, bramborov\u00e9 speciality,<\/p>\n<\/li>\n<li data-start=\"1605\" data-end=\"1665\">\n<p data-start=\"1607\" data-end=\"1665\">tematick\u00e9 kuchyn\u011b \u2013 italsk\u00e1, \u010desk\u00e1, st\u0159edomo\u0159sk\u00e1, asijsk\u00e1.<\/p>\n<\/li>\n<\/ul>\n<h4 data-start=\"1667\" data-end=\"1702\">\ud83e\uddc0 <strong data-start=\"1675\" data-end=\"1702\">Studen\u00e1 kuchyn\u011b &amp; rauty<\/strong><\/h4>\n<ul data-start=\"1703\" data-end=\"1884\">\n<li data-start=\"1703\" data-end=\"1759\">\n<p data-start=\"1705\" data-end=\"1759\">s\u00fdrov\u00e9 a uzeninov\u00e9 m\u00edsy (v\u010detn\u011b farm\u00e1\u0159sk\u00fdch produkt\u016f),<\/p>\n<\/li>\n<li data-start=\"1760\" data-end=\"1802\">\n<p data-start=\"1762\" data-end=\"1802\">kanapky, jednohubky, pa\u0161tiky, carpaccia,<\/p>\n<\/li>\n<li data-start=\"1803\" data-end=\"1843\">\n<p data-start=\"1805\" data-end=\"1843\">zeleninov\u00e9 m\u00edsy, hummus, dipy, sal\u00e1ty,<\/p>\n<\/li>\n<li data-start=\"1844\" data-end=\"1884\">\n<p data-start=\"1846\" data-end=\"1884\">oblo\u017een\u00e9 bagety, croissanty, focaccia.<\/p>\n<\/li>\n<\/ul>\n<h4 data-start=\"1886\" data-end=\"1914\">\ud83c\udf70 <strong data-start=\"1894\" data-end=\"1914\">Dezerty a sladk\u00e9<\/strong><\/h4>\n<ul data-start=\"1915\" data-end=\"2072\">\n<li data-start=\"1915\" data-end=\"1952\">\n<p data-start=\"1917\" data-end=\"1952\">mini dort\u00edky, tartaletky, makronky,<\/p>\n<\/li>\n<li data-start=\"1953\" data-end=\"1985\">\n<p data-start=\"1955\" data-end=\"1985\">panna cotta, tiramisu, mousse,<\/p>\n<\/li>\n<li data-start=\"1986\" data-end=\"2021\">\n<p data-start=\"1988\" data-end=\"2021\">ovocn\u00e9 \u0161p\u00edzy, \u010dokol\u00e1dov\u00e1 font\u00e1na,<\/p>\n<\/li>\n<li data-start=\"2022\" data-end=\"2072\">\n<p data-start=\"2024\" data-end=\"2072\">svatebn\u00ed dorty, dorty na m\u00edru podle t\u00e9matu akce.<\/p>\n<\/li>\n<\/ul>\n<h4 data-start=\"2074\" data-end=\"2111\">\ud83c\udf74 <strong data-start=\"2082\" data-end=\"2111\">Servis &amp; dopl\u0148kov\u00e9 slu\u017eby<\/strong><\/h4>\n<ul data-start=\"2112\" data-end=\"2353\">\n<li data-start=\"2112\" data-end=\"2171\">\n<p data-start=\"2114\" data-end=\"2171\">profesion\u00e1ln\u00ed obsluha a hostesky (v dress code dle akce),<\/p>\n<\/li>\n<li data-start=\"2172\" data-end=\"2229\">\n<p data-start=\"2174\" data-end=\"2229\">invent\u00e1\u0159 (n\u00e1dob\u00ed, sklenice, p\u0159\u00edbory, ubrousky, ubrusy),<\/p>\n<\/li>\n<li data-start=\"2230\" data-end=\"2265\">\n<p data-start=\"2232\" data-end=\"2265\">v\u00fdzdoba stol\u016f, kv\u011btinov\u00e1 aran\u017em\u00e1,<\/p>\n<\/li>\n<li data-start=\"2266\" data-end=\"2310\">\n<p data-start=\"2268\" data-end=\"2310\">tematick\u00e9 bary, \u017eiv\u00e9 va\u0159en\u00ed (showcooking),<\/p>\n<\/li>\n<li data-start=\"2311\" data-end=\"2353\">\n<p data-start=\"2313\" data-end=\"2353\">doprava, instalace, \u00faklid \u2013 v\u0161e na kl\u00ed\u010d.<\/p>\n<\/li>\n<\/ul>\n<hr data-start=\"2355\" data-end=\"2358\" \/>\n<h3 data-start=\"2360\" data-end=\"2401\">\ud83d\udc65 <strong data-start=\"2367\" data-end=\"2401\">Pro koho je n\u00e1\u0161 catering ur\u010den<\/strong><\/h3>\n<ul data-start=\"2403\" data-end=\"3031\">\n<li data-start=\"2403\" data-end=\"2487\">\n<p data-start=\"2405\" data-end=\"2487\"><strong data-start=\"2405\" data-end=\"2415\">Svatby<\/strong> \u2013 od romantick\u00fdch hostin v p\u0159\u00edrod\u011b po luxusn\u00ed svatebn\u00ed rauty ve m\u011bst\u011b<\/p>\n<\/li>\n<li data-start=\"2488\" data-end=\"2565\">\n<p data-start=\"2490\" data-end=\"2565\"><strong data-start=\"2490\" data-end=\"2506\">Firemn\u00ed akce<\/strong> \u2013 konference, \u0161kolen\u00ed, ve\u010d\u00edrky, gala ve\u010dery, networkingy<\/p>\n<\/li>\n<li data-start=\"2566\" data-end=\"2642\">\n<p data-start=\"2568\" data-end=\"2642\"><strong data-start=\"2568\" data-end=\"2590\">Recepce a meetingy<\/strong> \u2013 diplomatick\u00e9 akce, VIP host\u00e9, business catering<\/p>\n<\/li>\n<li data-start=\"2643\" data-end=\"2717\">\n<p data-start=\"2645\" data-end=\"2717\"><strong data-start=\"2645\" data-end=\"2663\">Rodinn\u00e9 oslavy<\/strong> \u2013 narozeniny, v\u00fdro\u010d\u00ed, k\u0159tiny, promoce, garden party<\/p>\n<\/li>\n<li data-start=\"2718\" data-end=\"2793\">\n<p data-start=\"2720\" data-end=\"2793\"><strong data-start=\"2720\" data-end=\"2738\">Tematick\u00e9 akce<\/strong> \u2013 retro p\u00e1rty, italsk\u00e9 ve\u010dery, street food festivaly<\/p>\n<\/li>\n<li data-start=\"2794\" data-end=\"2869\">\n<p data-start=\"2796\" data-end=\"2869\"><strong data-start=\"2796\" data-end=\"2821\">Catering do kancel\u00e1\u0159e<\/strong> \u2013 sn\u00edda\u0148ov\u00e9 sety, ob\u011bdov\u00e9 boxy, coffee breaky<\/p>\n<\/li>\n<li data-start=\"2870\" data-end=\"2948\">\n<p data-start=\"2872\" data-end=\"2948\"><strong data-start=\"2872\" data-end=\"2895\">Outdoor &amp; festivaly<\/strong> \u2013 catering do stan\u016f, mobiln\u00ed bary, streetfood vozy<\/p>\n<\/li>\n<li data-start=\"2949\" data-end=\"3031\">\n<p data-start=\"2951\" data-end=\"3031\"><strong data-start=\"2951\" data-end=\"2973\">Tich\u00e9 luxusn\u00ed akce<\/strong> \u2013 priv\u00e1tn\u00ed VIP catering, anonymn\u00ed servis, zero visibility<\/p>\n<\/li>\n<\/ul>\n<hr data-start=\"3033\" data-end=\"3036\" \/>\n<h3 data-start=\"3038\" data-end=\"3062\">\u2728 <strong data-start=\"3044\" data-end=\"3062\">Pro\u010d pr\u00e1v\u011b my?<\/strong><\/h3>\n<p data-start=\"3064\" data-end=\"3285\">Proto\u017ee s n\u00e1mi v\u00edte, na \u010dem jste. Nab\u00edz\u00edme <strong data-start=\"3107\" data-end=\"3161\">transparentn\u00ed p\u0159\u00edstup, f\u00e9rov\u00e9 ceny, v\u00fdb\u011br ze styl\u016f<\/strong>, ale hlavn\u011b: vlastn\u00ed kreativitu. Nepou\u017e\u00edv\u00e1me katalogov\u00e9 \u0159e\u0161en\u00ed \u2013 ka\u017ed\u00fd n\u00e1vrh tvo\u0159\u00edme podle akce, prostoru, sez\u00f3ny a n\u00e1lady.<\/p>\n<p data-start=\"3287\" data-end=\"3522\">Z\u00e1kazn\u00edci u n\u00e1s oce\u0148uj\u00ed, \u017ee jim <strong data-start=\"3319\" data-end=\"3335\">u\u0161et\u0159\u00edme \u010das<\/strong>, <strong data-start=\"3337\" data-end=\"3361\">zvl\u00e1dneme komplikace<\/strong> a \u017ee <strong data-start=\"3367\" data-end=\"3387\">ne\u0159e\u0161\u00edme v\u00fdmluvy<\/strong>, ale v\u00fdsledek. A\u0165 u\u017e host\u00edte 10 lid\u00ed nebo 300, jsme p\u0159ipraveni b\u00fdt v\u00e1m spolehliv\u00fdm partnerem, kter\u00fd dod\u00e1 v\u00edc ne\u017e j\u00eddlo \u2013 dod\u00e1 z\u00e1\u017eitek.<\/p>\n","protected":false},"excerpt":{"rendered":"<p>\ud83e\udd42 Kompletn\u00ed catering na kl\u00ed\u010d \u2013 s chut\u00ed, stylem a profesionalitou V\u011b\u0159\u00edme, \u017ee z\u00e1\u017eitky se tvo\u0159\u00ed z detail\u016f. Proto na\u0161e nab\u00eddka nekon\u010d\u00ed u j\u00eddla \u2013 ale za\u010d\u00edn\u00e1 u celkov\u00e9 atmosf\u00e9ry. Zajist\u00edme v\u00e1m kompletn\u00ed gastronomick\u00fd servis s eleganc\u00ed, flexibilitou a \u0161petkou n\u00e1padu nav\u00edc. \ud83e\uddfe Na\u0161e cateringov\u00e1 nab\u00eddka &amp; slu\u017eby zahrnuje: \ud83e\udd64 N\u00e1poje \u2013 Nealkoholick\u00e9 dom\u00e1c\u00ed limon\u00e1dy &#8230; <a title=\"Na\u0161e nab\u00eddka\" class=\"read-more\" href=\"https:\/\/7seven.cz\/catering\/nase-nabidka\/\" aria-label=\"\u010c\u00edst v\u00edce o Na\u0161e nab\u00eddka\">\u010c\u00edst d\u00e1l<\/a><\/p>\n","protected":false},"author":1,"featured_media":0,"parent":0,"menu_order":0,"comment_status":"closed","ping_status":"closed","template":"","meta":{"footnotes":""},"class_list":["post-43","page","type-page","status-publish"],"_links":{"self":[{"href":"https:\/\/7seven.cz\/catering\/wp-json\/wp\/v2\/pages\/43","targetHints":{"allow":["GET"]}}],"collection":[{"href":"https:\/\/7seven.cz\/catering\/wp-json\/wp\/v2\/pages"}],"about":[{"href":"https:\/\/7seven.cz\/catering\/wp-json\/wp\/v2\/types\/page"}],"author":[{"embeddable":true,"href":"https:\/\/7seven.cz\/catering\/wp-json\/wp\/v2\/users\/1"}],"replies":[{"embeddable":true,"href":"https:\/\/7seven.cz\/catering\/wp-json\/wp\/v2\/comments?post=43"}],"version-history":[{"count":2,"href":"https:\/\/7seven.cz\/catering\/wp-json\/wp\/v2\/pages\/43\/revisions"}],"predecessor-version":[{"id":46,"href":"https:\/\/7seven.cz\/catering\/wp-json\/wp\/v2\/pages\/43\/revisions\/46"}],"wp:attachment":[{"href":"https:\/\/7seven.cz\/catering\/wp-json\/wp\/v2\/media?parent=43"}],"curies":[{"name":"wp","href":"https:\/\/api.w.org\/{rel}","templated":true}]}}