{"id":38,"date":"2025-07-25T12:21:02","date_gmt":"2025-07-25T12:21:02","guid":{"rendered":"https:\/\/7seven.cz\/catering\/?page_id=38"},"modified":"2025-07-25T12:21:02","modified_gmt":"2025-07-25T12:21:02","slug":"o-nas","status":"publish","type":"page","link":"https:\/\/7seven.cz\/catering\/o-nas\/","title":{"rendered":"O n\u00e1s"},"content":{"rendered":"<p data-start=\"346\" data-end=\"633\">Kdy\u017e se \u0159ekne \u201e<strong>catering<\/strong>\u201c, v\u011bt\u0161ina lid\u00ed si vybav\u00ed j\u00eddlo. My si ale p\u0159edstav\u00edme atmosf\u00e9ru. Lid\u00e9, kte\u0159\u00ed se sm\u011bj\u00ed. V\u016fni \u010derstv\u00fdch bylinek. Serv\u00edrovan\u00e9 dezerty, kter\u00e9 zp\u016fsob\u00ed hromadn\u00e9 focen\u00ed. Hosti, kte\u0159\u00ed odch\u00e1zej\u00ed s t\u00edm, \u017ee tohle byla ud\u00e1lost, na kterou nezapomenou.<br data-start=\"608\" data-end=\"611\" \/>A p\u0159esn\u011b o to n\u00e1m jde.<\/p>\n<p data-start=\"346\" data-end=\"633\"><img loading=\"lazy\" decoding=\"async\" class=\"aligncenter wp-image-39 size-full\" src=\"http:\/\/7seven.cz\/catering\/wp-content\/uploads\/2025\/07\/ChatGPT-Image-25.-7.-2025-14_20_24.png\" alt=\"\" width=\"1536\" height=\"1024\" srcset=\"https:\/\/7seven.cz\/catering\/wp-content\/uploads\/2025\/07\/ChatGPT-Image-25.-7.-2025-14_20_24.png 1536w, https:\/\/7seven.cz\/catering\/wp-content\/uploads\/2025\/07\/ChatGPT-Image-25.-7.-2025-14_20_24-300x200.png 300w, https:\/\/7seven.cz\/catering\/wp-content\/uploads\/2025\/07\/ChatGPT-Image-25.-7.-2025-14_20_24-1024x683.png 1024w, https:\/\/7seven.cz\/catering\/wp-content\/uploads\/2025\/07\/ChatGPT-Image-25.-7.-2025-14_20_24-768x512.png 768w\" sizes=\"auto, (max-width: 1536px) 100vw, 1536px\" \/><\/p>\n<p data-start=\"635\" data-end=\"927\"><strong data-start=\"635\" data-end=\"658\">Catering 7.seven.cz<\/strong> vznikl z p\u0159esv\u011bd\u010den\u00ed, \u017ee ka\u017ed\u00e1 ud\u00e1lost \u2013 mal\u00e1 i velk\u00e1 \u2013 si zaslou\u017e\u00ed v\u00edc ne\u017e jen pln\u00fd tal\u00ed\u0159. Pod hlavi\u010dkou agentury <strong data-start=\"774\" data-end=\"787\">7seven.cz<\/strong> a pod veden\u00edm <strong data-start=\"802\" data-end=\"820\">Petra Vobo\u0159ila<\/strong> jsme vybudovali koncept, kter\u00fd stoj\u00ed na osobn\u00edm p\u0159\u00edstupu, \u010derstv\u00fdch surovin\u00e1ch a absolutn\u00ed profesionalit\u011b.<\/p>\n<p data-start=\"929\" data-end=\"1217\">Za\u010d\u00edn\u00e1me t\u00edm nejjednodu\u0161\u0161\u00edm \u2013 poslouch\u00e1me. Ne\u017e padne prvn\u00ed n\u00e1vrh menu, chceme zn\u00e1t va\u0161i p\u0159edstavu, vizi, n\u00e1ladu. Pl\u00e1nujete romantickou svatbu? Oslavu narozenin na zahrad\u011b? Nebo t\u0159eba elegantn\u00ed firemn\u00ed ve\u010d\u00edrek ve velk\u00e9m stylu? P\u0159izp\u016fsob\u00edme v\u0161e \u2013 od stylu j\u00eddla a\u017e po v\u00fdzdobu a serv\u00edrov\u00e1n\u00ed.<\/p>\n<p data-start=\"1219\" data-end=\"1538\">Jsme p\u0159esv\u011bd\u010deni, \u017ee ka\u017ed\u00fd detail m\u00e1 sv\u016fj v\u00fdznam. Proto nepodce\u0148ujeme ani to, jak\u00fd tvar m\u00e1 l\u017ei\u010dka, nebo jak se skl\u00e1d\u00e1 ubrousek. Spolupracujeme s ov\u011b\u0159en\u00fdmi lok\u00e1ln\u00edmi dodavateli, pracujeme v\u00fdhradn\u011b s \u010derstv\u00fdmi, sez\u00f3nn\u00edmi surovinami a na\u0161e kuchyn\u011b se neboj\u00ed b\u00fdt kreativn\u00ed ani tradi\u010dn\u00ed \u2013 podle toho, co va\u0161e akce pot\u0159ebuje.<\/p>\n<p data-start=\"1540\" data-end=\"1858\">Za roky zku\u0161enost\u00ed v\u00edme, \u017ee perfektn\u00ed catering nen\u00ed jen o tom, co se serv\u00edruje, ale <strong data-start=\"1624\" data-end=\"1631\">jak<\/strong> se to serv\u00edruje. Na\u0161e hostesky a obsluha v\u017edy vystupuj\u00ed elegantn\u011b, s \u00fasm\u011bvem a naprostou profesionalitou. Nejsme na o\u010d\u00edch, ale jsme p\u0159ipraveni v\u017edy, kdy\u017e n\u00e1s pot\u0159ebujete. Fungujeme jako dob\u0159e sehran\u00fd t\u00fdm v z\u00e1kulis\u00ed va\u0161eho dne.<\/p>\n<p data-start=\"1860\" data-end=\"2120\">Na\u0161\u00ed specialitou je catering pro <strong data-start=\"1893\" data-end=\"1949\">svatby, firemn\u00ed akce, narozeniny, ve\u010d\u00edrky a VIP akce<\/strong>. P\u0159iprav\u00edme fingerfood, t\u0159\u00edchodov\u00e9 menu, raut i tematick\u00fd st\u016fl \u2013 v\u017edy stylov\u011b a s d\u016frazem na detail. Ka\u017ed\u00fd n\u00e1\u0161 v\u00fdstup je origin\u00e1l \u2013 \u017e\u00e1dn\u00e1 s\u00e9riov\u00e1 produkce, \u017e\u00e1dn\u00e9 \u0161ablony.<\/p>\n<p data-start=\"2122\" data-end=\"2353\">Jsme mal\u00fd, ale sehran\u00fd t\u00fdm. D\u00edky tomu m\u00e1me n\u00edzkou byrokracii, rychl\u00e9 reakce a osobn\u00ed p\u0159\u00edstup ke ka\u017ed\u00e9mu klientovi. Neschov\u00e1v\u00e1me se za callcentra ani anonymn\u00ed e-maily \u2013 komunikujete p\u0159\u00edmo s lidmi, kte\u0159\u00ed va\u0161i akci opravdu p\u0159ipravuj\u00ed.<\/p>\n<p data-start=\"2355\" data-end=\"2558\">Zakl\u00e1d\u00e1me si na spolehlivosti. Co sl\u00edb\u00edme, to dod\u00e1me. Ne\u0159e\u0161\u00edme v\u00fdmluvy, hled\u00e1me \u0159e\u0161en\u00ed. V\u00edme, \u017ee v\u00e1\u0161 den je d\u016fle\u017eit\u00fd \u2013 a \u017ee druhou \u0161anci u\u017e nebudeme m\u00edt. Proto k pr\u00e1ci p\u0159istupujeme s respektem a pokorou.<\/p>\n<p data-start=\"2560\" data-end=\"2788\"><strong data-start=\"2560\" data-end=\"2583\">Catering 7.seven.cz<\/strong> je v\u00edc ne\u017e slu\u017eba. Je to chu\u0165, emoce a atmosf\u00e9ra, kterou si va\u0161i host\u00e9 odnesou.<br data-start=\"2663\" data-end=\"2666\" \/>D\u011bkujeme, \u017ee n\u00e1m sv\u011b\u0159ujete d\u016fv\u011bru \u2013 a t\u011b\u0161\u00edme se, \u017ee i va\u0161e akce bude jednou z t\u011bch, o kter\u00fdch se bude je\u0161t\u011b dlouho mluvit.<\/p>\n","protected":false},"excerpt":{"rendered":"<p>Kdy\u017e se \u0159ekne \u201ecatering\u201c, v\u011bt\u0161ina lid\u00ed si vybav\u00ed j\u00eddlo. My si ale p\u0159edstav\u00edme atmosf\u00e9ru. Lid\u00e9, kte\u0159\u00ed se sm\u011bj\u00ed. V\u016fni \u010derstv\u00fdch bylinek. Serv\u00edrovan\u00e9 dezerty, kter\u00e9 zp\u016fsob\u00ed hromadn\u00e9 focen\u00ed. Hosti, kte\u0159\u00ed odch\u00e1zej\u00ed s t\u00edm, \u017ee tohle byla ud\u00e1lost, na kterou nezapomenou.A p\u0159esn\u011b o to n\u00e1m jde. Catering 7.seven.cz vznikl z p\u0159esv\u011bd\u010den\u00ed, \u017ee ka\u017ed\u00e1 ud\u00e1lost \u2013 mal\u00e1 i &#8230; <a title=\"O n\u00e1s\" class=\"read-more\" href=\"https:\/\/7seven.cz\/catering\/o-nas\/\" aria-label=\"\u010c\u00edst v\u00edce o O n\u00e1s\">\u010c\u00edst d\u00e1l<\/a><\/p>\n","protected":false},"author":1,"featured_media":0,"parent":0,"menu_order":0,"comment_status":"closed","ping_status":"closed","template":"","meta":{"footnotes":""},"class_list":["post-38","page","type-page","status-publish"],"_links":{"self":[{"href":"https:\/\/7seven.cz\/catering\/wp-json\/wp\/v2\/pages\/38","targetHints":{"allow":["GET"]}}],"collection":[{"href":"https:\/\/7seven.cz\/catering\/wp-json\/wp\/v2\/pages"}],"about":[{"href":"https:\/\/7seven.cz\/catering\/wp-json\/wp\/v2\/types\/page"}],"author":[{"embeddable":true,"href":"https:\/\/7seven.cz\/catering\/wp-json\/wp\/v2\/users\/1"}],"replies":[{"embeddable":true,"href":"https:\/\/7seven.cz\/catering\/wp-json\/wp\/v2\/comments?post=38"}],"version-history":[{"count":1,"href":"https:\/\/7seven.cz\/catering\/wp-json\/wp\/v2\/pages\/38\/revisions"}],"predecessor-version":[{"id":40,"href":"https:\/\/7seven.cz\/catering\/wp-json\/wp\/v2\/pages\/38\/revisions\/40"}],"wp:attachment":[{"href":"https:\/\/7seven.cz\/catering\/wp-json\/wp\/v2\/media?parent=38"}],"curies":[{"name":"wp","href":"https:\/\/api.w.org\/{rel}","templated":true}]}}